{"id":55404,"date":"2025-11-06T12:31:11","date_gmt":"2025-11-06T20:31:11","guid":{"rendered":"https:\/\/isaute.ca\/?page_id=55404"},"modified":"2026-01-13T08:25:24","modified_gmt":"2026-01-13T16:25:24","slug":"promotions","status":"archive","type":"page","link":"https:\/\/isaute.ca\/en\/promotions\/","title":{"rendered":"La promotion est termin\u00e9e."},"content":{"rendered":"<h2>Give the gift of an experience this holiday season!<\/h2>\r\n<p>It's more than a card\u2014it's a ticket to a day they'll never forget.<br \/>Get their vacation off to a flying start with an iSaute gift card!<br \/>Parfaite pour les enfants, les ados, les familles et les amateurs de sensations fortes de tous \u00e2ges &#8211; nos cartes-cadeaux donnent acc\u00e8s \u00e0 un monde de divertissement : trampolines, terrains de ballon-chasseur, terrains de sports, et bien plus encore. <strong>Limited holiday offer!<\/strong><br \/>Buy more, save more!<\/p>\r\n<ul>\r\n<li>Buy a $30 gift card for only $25<\/li>\r\n<li>Buy a $50 gift card for only $40<\/li>\r\n<li>Buy a $100 gift card for only $80<\/li>\r\n<\/ul>\r\n<p>That's 20% off for unforgettable moments.<\/p>\r\n<p>N&rsquo;attendez pas-cette offre ne restera pas en l&rsquo;air longtemps.<\/p>\r\n<p><strong>Purchase your gift card by selecting the park of your choice:<\/strong><\/p>\r\n<ul>\r\n<li><a href=\"https:\/\/anjou.isaute.ca\/holidays\/fr\/?code=HOLS25\" target=\"_blank\" rel=\"noreferrer noopener\">Anjou<\/a><\/li>\r\n<li><a href=\"https:\/\/brossard.isaute.ca\/holidays\/fr\/?code=HOLS25\" target=\"_blank\" rel=\"noreferrer noopener\">Brossard<\/a><\/li>\r\n<li><a href=\"https:\/\/kirkland.isaute.ca\/holidays\/fr\/?code=HOLS25\" target=\"_blank\" rel=\"noreferrer noopener\">Kirkland<\/a><\/li>\r\n<li><a href=\"https:\/\/laval.isaute.ca\/holidays\/fr\/?code=HOLS25\" target=\"_blank\" rel=\"noreferrer noopener\">Laval<\/a><\/li>\r\n<li><a href=\"https:\/\/quebeccity.isaute.ca\/holidays\/fr\/?code=HOLS25\" target=\"_blank\" rel=\"noreferrer noopener\">Quebec<\/a><\/li>\r\n<\/ul>\r\n<p>&nbsp;<\/p>\r\n<p><em>* Des restrictions peuvent s&rsquo;appliquer. Ne peut \u00eatre combin\u00e9 \u00e0 aucune autre offre. La carte cadeau est non-utilisable le jour de l&rsquo;achat. Disponible jusqu&rsquo;\u00e0 \u00e9puisement des stocks, les quantit\u00e9s sont limit\u00e9es. Il n&rsquo;est pas possible d&rsquo;acheter une carte-cadeau avec une autre carte-cadeau. Ne peut pas \u00eatre utilis\u00e9 pour l&rsquo;achat d&rsquo;abonnements. Disponible sur les cartes-cadeaux de 30 $, 50 $ et 100 $. *Limite de 4 cartes-cadeaux par transaction*<\/em><\/p>","protected":false},"excerpt":{"rendered":"<p>Offrez une exp\u00e9rience en cadeau pour le temps des f\u00eates! C&rsquo;est plus qu&rsquo;une carte &#8211; c&rsquo;est un billet pour une journ\u00e9e qu&rsquo;ils n&rsquo;oublieront jamais.Faites d\u00e9coller leurs vacances avec une carte-cadeau iSaute!Parfaite pour les enfants, les ados, les familles et les amateurs de sensations fortes de tous \u00e2ges &#8211; nos cartes-cadeaux donnent acc\u00e8s \u00e0 un monde [&hellip;]<\/p>","protected":false},"author":10,"featured_media":0,"parent":0,"menu_order":3,"comment_status":"closed","ping_status":"closed","template":"","meta":{"_acf_changed":false,"site-sidebar-layout":"no-sidebar","site-content-layout":"page-builder","ast-site-content-layout":"default","site-content-style":"default","site-sidebar-style":"default","ast-global-header-display":"","ast-banner-title-visibility":"","ast-main-header-display":"","ast-hfb-above-header-display":"","ast-hfb-below-header-display":"","ast-hfb-mobile-header-display":"","site-post-title":"disabled","ast-breadcrumbs-content":"","ast-featured-img":"disabled","footer-sml-layout":"","ast-disable-related-posts":"","theme-transparent-header-meta":"","adv-header-id-meta":"","stick-header-meta":"","header-above-stick-meta":"","header-main-stick-meta":"","header-below-stick-meta":"","astra-migrate-meta-layouts":"default","ast-page-background-enabled":"default","ast-page-background-meta":{"desktop":{"background-color":"var(--ast-global-color-4)","background-image":"","background-repeat":"repeat","background-position":"center center","background-size":"auto","background-attachment":"scroll","background-type":"","background-media":"","overlay-type":"","overlay-color":"","overlay-opacity":"","overlay-gradient":""},"tablet":{"background-color":"","background-image":"","background-repeat":"repeat","background-position":"center center","background-size":"auto","background-attachment":"scroll","background-type":"","background-media":"","overlay-type":"","overlay-color":"","overlay-opacity":"","overlay-gradient":""},"mobile":{"background-color":"","background-image":"","background-repeat":"repeat","background-position":"center center","background-size":"auto","background-attachment":"scroll","background-type":"","background-media":"","overlay-type":"","overlay-color":"","overlay-opacity":"","overlay-gradient":""}},"ast-content-background-meta":{"desktop":{"background-color":"var(--ast-global-color-5)","background-image":"","background-repeat":"repeat","background-position":"center center","background-size":"auto","background-attachment":"scroll","background-type":"","background-media":"","overlay-type":"","overlay-color":"","overlay-opacity":"","overlay-gradient":""},"tablet":{"background-color":"var(--ast-global-color-5)","background-image":"","background-repeat":"repeat","background-position":"center center","background-size":"auto","background-attachment":"scroll","background-type":"","background-media":"","overlay-type":"","overlay-color":"","overlay-opacity":"","overlay-gradient":""},"mobile":{"background-color":"var(--ast-global-color-5)","background-image":"","background-repeat":"repeat","background-position":"center center","background-size":"auto","background-attachment":"scroll","background-type":"","background-media":"","overlay-type":"","overlay-color":"","overlay-opacity":"","overlay-gradient":""}},"footnotes":""},"class_list":["post-55404","page","type-page","status-archive","hentry"],"acf":[],"yoast_head":"<!-- This site is optimized with the Yoast SEO plugin v27.3 - https:\/\/yoast.com\/product\/yoast-seo-wordpress\/ -->\n<title>La promotion est termin\u00e9e. - iSaute<\/title>\n<meta name=\"description\" content=\"Offrez une exp\u00e9rience inoubliable dans nos centres de trampoline du grand Montr\u00e9al et de Qu\u00e9bec, avec les carte-cadeaux iSaute.\" \/>\n<meta name=\"robots\" content=\"index, follow, max-snippet:-1, max-image-preview:large, max-video-preview:-1\" \/>\n<link rel=\"canonical\" href=\"https:\/\/isaute.ca\/en\/promotions\/\" \/>\n<meta property=\"og:locale\" content=\"en_US\" \/>\n<meta property=\"og:type\" content=\"article\" \/>\n<meta property=\"og:title\" content=\"La promotion est termin\u00e9e. - iSaute\" \/>\n<meta property=\"og:description\" content=\"Offrez une exp\u00e9rience inoubliable dans nos centres de trampoline du grand Montr\u00e9al et de Qu\u00e9bec, avec les carte-cadeaux iSaute.\" \/>\n<meta property=\"og:url\" content=\"https:\/\/isaute.ca\/en\/promotions\/\" \/>\n<meta property=\"og:site_name\" content=\"iSaute\" \/>\n<meta property=\"article:modified_time\" content=\"2026-01-13T16:25:24+00:00\" \/>\n<meta name=\"twitter:card\" content=\"summary_large_image\" \/>\n<meta name=\"twitter:label1\" content=\"Est. reading time\" \/>\n\t<meta name=\"twitter:data1\" content=\"1 minute\" \/>\n<script type=\"application\/ld+json\" class=\"yoast-schema-graph\">{\"@context\":\"https:\\\/\\\/schema.org\",\"@graph\":[{\"@type\":\"WebPage\",\"@id\":\"https:\\\/\\\/isaute.ca\\\/promofetes\\\/\",\"url\":\"https:\\\/\\\/isaute.ca\\\/promofetes\\\/\",\"name\":\"La promotion est termin\u00e9e. - iSaute\",\"isPartOf\":{\"@id\":\"https:\\\/\\\/isaute.ca\\\/#website\"},\"datePublished\":\"2025-11-06T20:31:11+00:00\",\"dateModified\":\"2026-01-13T16:25:24+00:00\",\"description\":\"Offrez une exp\u00e9rience inoubliable dans nos centres de trampoline du grand Montr\u00e9al et de Qu\u00e9bec, avec les carte-cadeaux iSaute.\",\"breadcrumb\":{\"@id\":\"https:\\\/\\\/isaute.ca\\\/promofetes\\\/#breadcrumb\"},\"inLanguage\":\"en-US\",\"potentialAction\":[{\"@type\":\"ReadAction\",\"target\":[\"https:\\\/\\\/isaute.ca\\\/promofetes\\\/\"]}]},{\"@type\":\"BreadcrumbList\",\"@id\":\"https:\\\/\\\/isaute.ca\\\/promofetes\\\/#breadcrumb\",\"itemListElement\":[{\"@type\":\"ListItem\",\"position\":1,\"name\":\"Home\",\"item\":\"https:\\\/\\\/isaute.ca\\\/\"},{\"@type\":\"ListItem\",\"position\":2,\"name\":\"La promotion est termin\u00e9e.\"}]},{\"@type\":\"WebSite\",\"@id\":\"https:\\\/\\\/isaute.ca\\\/#website\",\"url\":\"https:\\\/\\\/isaute.ca\\\/\",\"name\":\"iSaute\",\"description\":\"Amusement Parks\",\"publisher\":{\"@id\":\"https:\\\/\\\/isaute.ca\\\/#organization\"},\"potentialAction\":[{\"@type\":\"SearchAction\",\"target\":{\"@type\":\"EntryPoint\",\"urlTemplate\":\"https:\\\/\\\/isaute.ca\\\/?s={search_term_string}\"},\"query-input\":{\"@type\":\"PropertyValueSpecification\",\"valueRequired\":true,\"valueName\":\"search_term_string\"}}],\"inLanguage\":\"en-US\"},{\"@type\":\"Organization\",\"@id\":\"https:\\\/\\\/isaute.ca\\\/#organization\",\"name\":\"iSaute\",\"url\":\"https:\\\/\\\/isaute.ca\\\/\",\"logo\":{\"@type\":\"ImageObject\",\"inLanguage\":\"en-US\",\"@id\":\"https:\\\/\\\/isaute.ca\\\/#\\\/schema\\\/logo\\\/image\\\/\",\"url\":\"https:\\\/\\\/isaute.ca\\\/wp-content\\\/uploads\\\/2024\\\/05\\\/isaute-logo-white.svg\",\"contentUrl\":\"https:\\\/\\\/isaute.ca\\\/wp-content\\\/uploads\\\/2024\\\/05\\\/isaute-logo-white.svg\",\"caption\":\"iSaute\"},\"image\":{\"@id\":\"https:\\\/\\\/isaute.ca\\\/#\\\/schema\\\/logo\\\/image\\\/\"}}]}<\/script>\n<!-- \/ Yoast SEO plugin. -->","yoast_head_json":{"title":"La promotion est termin\u00e9e. - iSaute","description":"Offrez une exp\u00e9rience inoubliable dans nos centres de trampoline du grand Montr\u00e9al et de Qu\u00e9bec, avec les carte-cadeaux iSaute.","robots":{"index":"index","follow":"follow","max-snippet":"max-snippet:-1","max-image-preview":"max-image-preview:large","max-video-preview":"max-video-preview:-1"},"canonical":"https:\/\/isaute.ca\/en\/promotions\/","og_locale":"en_US","og_type":"article","og_title":"La promotion est termin\u00e9e. - iSaute","og_description":"Offrez une exp\u00e9rience inoubliable dans nos centres de trampoline du grand Montr\u00e9al et de Qu\u00e9bec, avec les carte-cadeaux iSaute.","og_url":"https:\/\/isaute.ca\/en\/promotions\/","og_site_name":"iSaute","article_modified_time":"2026-01-13T16:25:24+00:00","twitter_card":"summary_large_image","twitter_misc":{"Est. reading time":"1 minute"},"schema":{"@context":"https:\/\/schema.org","@graph":[{"@type":"WebPage","@id":"https:\/\/isaute.ca\/promofetes\/","url":"https:\/\/isaute.ca\/promofetes\/","name":"La promotion est termin\u00e9e. - iSaute","isPartOf":{"@id":"https:\/\/isaute.ca\/#website"},"datePublished":"2025-11-06T20:31:11+00:00","dateModified":"2026-01-13T16:25:24+00:00","description":"Offrez une exp\u00e9rience inoubliable dans nos centres de trampoline du grand Montr\u00e9al et de Qu\u00e9bec, avec les carte-cadeaux iSaute.","breadcrumb":{"@id":"https:\/\/isaute.ca\/promofetes\/#breadcrumb"},"inLanguage":"en-US","potentialAction":[{"@type":"ReadAction","target":["https:\/\/isaute.ca\/promofetes\/"]}]},{"@type":"BreadcrumbList","@id":"https:\/\/isaute.ca\/promofetes\/#breadcrumb","itemListElement":[{"@type":"ListItem","position":1,"name":"Home","item":"https:\/\/isaute.ca\/"},{"@type":"ListItem","position":2,"name":"La promotion est termin\u00e9e."}]},{"@type":"WebSite","@id":"https:\/\/isaute.ca\/#website","url":"https:\/\/isaute.ca\/","name":"iSaute","description":"Amusement Parks","publisher":{"@id":"https:\/\/isaute.ca\/#organization"},"potentialAction":[{"@type":"SearchAction","target":{"@type":"EntryPoint","urlTemplate":"https:\/\/isaute.ca\/?s={search_term_string}"},"query-input":{"@type":"PropertyValueSpecification","valueRequired":true,"valueName":"search_term_string"}}],"inLanguage":"en-US"},{"@type":"Organization","@id":"https:\/\/isaute.ca\/#organization","name":"iSaute","url":"https:\/\/isaute.ca\/","logo":{"@type":"ImageObject","inLanguage":"en-US","@id":"https:\/\/isaute.ca\/#\/schema\/logo\/image\/","url":"https:\/\/isaute.ca\/wp-content\/uploads\/2024\/05\/isaute-logo-white.svg","contentUrl":"https:\/\/isaute.ca\/wp-content\/uploads\/2024\/05\/isaute-logo-white.svg","caption":"iSaute"},"image":{"@id":"https:\/\/isaute.ca\/#\/schema\/logo\/image\/"}}]}},"_links":{"self":[{"href":"https:\/\/isaute.ca\/en\/wp-json\/wp\/v2\/pages\/55404","targetHints":{"allow":["GET"]}}],"collection":[{"href":"https:\/\/isaute.ca\/en\/wp-json\/wp\/v2\/pages"}],"about":[{"href":"https:\/\/isaute.ca\/en\/wp-json\/wp\/v2\/types\/page"}],"author":[{"embeddable":true,"href":"https:\/\/isaute.ca\/en\/wp-json\/wp\/v2\/users\/10"}],"replies":[{"embeddable":true,"href":"https:\/\/isaute.ca\/en\/wp-json\/wp\/v2\/comments?post=55404"}],"version-history":[{"count":0,"href":"https:\/\/isaute.ca\/en\/wp-json\/wp\/v2\/pages\/55404\/revisions"}],"wp:attachment":[{"href":"https:\/\/isaute.ca\/en\/wp-json\/wp\/v2\/media?parent=55404"}],"curies":[{"name":"wp","href":"https:\/\/api.w.org\/{rel}","templated":true}]}}