{"id":55081,"date":"2024-10-22T14:14:41","date_gmt":"2024-10-22T21:14:41","guid":{"rendered":"https:\/\/isaute.ca\/?page_id=55081"},"modified":"2025-10-09T07:24:44","modified_gmt":"2025-10-09T14:24:44","slug":"memberships","status":"publish","type":"page","link":"https:\/\/isaute.ca\/en\/memberships\/","title":{"rendered":"MEMBERSHIPS"},"content":{"rendered":"<h2>Une offre extraordinaire!<\/h2>\r\n<p>You asked. We listened. Monthly subscriptions are now available at iSaute!<\/p>\r\n<p>Join us as a member and enjoy the following benefits:<\/p>\r\n<ul>\r\n<li>90 minutes of jump time every day<\/li>\r\n<li>15% off at the Bistro<\/li>\r\n<li>50% discount for the accompanying parent or guardian<\/li>\r\n<li>File d&rsquo;attente prioritaire pour les membres<\/li>\r\n<li>Free cancellation<\/li>\r\n<\/ul>\r\n<p>Only 39.99$\/month<\/p>\r\n<p><strong>Choose your park:<\/strong><\/p>\r\n\t\t\t<a href=\"https:\/\/ecom.roller.app\/isauteanjou\/reservation\/fr\/home\" target=\"_blank\" rel=\"noopener\">\r\n\t\t\t\t\t\t\tAnjou\r\n\t\t\t\t\t<\/a>\r\n\t\t\t<a href=\"https:\/\/ecom.roller.app\/isautebrossard\/reservation\/en\/home\" target=\"_blank\" rel=\"noopener\">\r\n\t\t\t\t\t\t\tBrossard\r\n\t\t\t\t\t<\/a>\r\n\t\t\t<a href=\"https:\/\/ecom.roller.app\/isautekirkland\/reservation\/en\/home\" target=\"_blank\" rel=\"noopener\">\r\n\t\t\t\t\t\t\tKirkland\r\n\t\t\t\t\t<\/a>\r\n\t\t\t<a href=\"https:\/\/ecom.roller.app\/isautelaval\/reservation\/en\/home\" target=\"_blank\" rel=\"noopener\">\r\n\t\t\t\t\t\t\tLaval\r\n\t\t\t\t\t<\/a>\r\n\t\t\t<a href=\"https:\/\/ecom.roller.app\/isautequebeccity\/reservation\/fr\/home\" target=\"_blank\" rel=\"noopener\">\r\n\t\t\t\t\t\t\tQuebec\r\n\t\t\t\t\t<\/a>\r\n\t<p>Des restrictions peuvent s&rsquo;appliquer. Veuillez consulter un membre de l&rsquo;\u00e9quipe pour plus d&rsquo;informations. Taxes non incluses. Valide pour une personne, non remboursable, non transf\u00e9rable, et utilisable uniquement au parc \u00e9metteur. Non \u00e9ligible \u00e0 un prorata. Un formulaire d&rsquo;acceptation des risques valide doit \u00eatre rempli avant de participer. V\u00e9rifiez les heures d&rsquo;ouverture du parc. Ne peut pas \u00eatre combin\u00e9 avec des \u00e9v\u00e9nements, des f\u00eates ou toute autre offre, y compris les soir\u00e9es sp\u00e9ciales. L&rsquo;abonnement peut \u00eatre utilis\u00e9 pendant la p\u00e9riode des petits sauteurs et donne acc\u00e8s \u00e0 un seul parent accompagnateur par abonnement. L&rsquo;utilisation de l&rsquo;abonnement se fait selon le principe du premier arriv\u00e9, premier servi, mais le temps de saut peut \u00eatre r\u00e9serv\u00e9 \u00e0 l&rsquo;avance via notre site internet.<strong> L&rsquo;abonnement est valide pour 1 mois \u00e0 compter de la date d&rsquo;achat et est automatiquement renouvel\u00e9 mensuellement \u00e0 la date d&rsquo;achat, sauf si une annulation sans frais est faite par le membre.<\/strong> L&rsquo;option parent ou tuteur doit \u00eatre un parent ou tuteur et ne peut pas \u00eatre remplac\u00e9e par un fr\u00e8re, un autre enfant plus \u00e2g\u00e9, etc. Pour annuler, vous pouvez le faire en ligne sur\u00a0votre compte iSaute ou bien contactez un membre de l&rsquo;\u00e9quipe par t\u00e9l\u00e9phone ou en visitant le parc avant la date de renouvellement.<\/p>","protected":false},"excerpt":{"rendered":"<p>Une offre extraordinaire! Vous avez demand\u00e9. Nous avons \u00e9cout\u00e9. Les abonnements mensuels sont maintenant disponibles chez\u00a0 iSaute ! Rejoignez-nous en tant que membre et b\u00e9n\u00e9ficiez des avantages suivants: 90 minutes de saut chaque jour 15% de r\u00e9duction sur le bistro 50% de r\u00e9duction pour le parent ou le tuteur accompagnant File d&rsquo;attente prioritaire pour les [&hellip;]<\/p>","protected":false},"author":10,"featured_media":55214,"parent":0,"menu_order":1,"comment_status":"closed","ping_status":"closed","template":"","meta":{"_acf_changed":false,"site-sidebar-layout":"no-sidebar","site-content-layout":"page-builder","ast-site-content-layout":"default","site-content-style":"default","site-sidebar-style":"default","ast-global-header-display":"","ast-banner-title-visibility":"","ast-main-header-display":"","ast-hfb-above-header-display":"","ast-hfb-below-header-display":"","ast-hfb-mobile-header-display":"","site-post-title":"disabled","ast-breadcrumbs-content":"","ast-featured-img":"disabled","footer-sml-layout":"","ast-disable-related-posts":"","theme-transparent-header-meta":"","adv-header-id-meta":"","stick-header-meta":"","header-above-stick-meta":"","header-main-stick-meta":"","header-below-stick-meta":"","astra-migrate-meta-layouts":"default","ast-page-background-enabled":"default","ast-page-background-meta":{"desktop":{"background-color":"var(--ast-global-color-4)","background-image":"","background-repeat":"repeat","background-position":"center center","background-size":"auto","background-attachment":"scroll","background-type":"","background-media":"","overlay-type":"","overlay-color":"","overlay-opacity":"","overlay-gradient":""},"tablet":{"background-color":"","background-image":"","background-repeat":"repeat","background-position":"center center","background-size":"auto","background-attachment":"scroll","background-type":"","background-media":"","overlay-type":"","overlay-color":"","overlay-opacity":"","overlay-gradient":""},"mobile":{"background-color":"","background-image":"","background-repeat":"repeat","background-position":"center center","background-size":"auto","background-attachment":"scroll","background-type":"","background-media":"","overlay-type":"","overlay-color":"","overlay-opacity":"","overlay-gradient":""}},"ast-content-background-meta":{"desktop":{"background-color":"var(--ast-global-color-5)","background-image":"","background-repeat":"repeat","background-position":"center center","background-size":"auto","background-attachment":"scroll","background-type":"","background-media":"","overlay-type":"","overlay-color":"","overlay-opacity":"","overlay-gradient":""},"tablet":{"background-color":"var(--ast-global-color-5)","background-image":"","background-repeat":"repeat","background-position":"center center","background-size":"auto","background-attachment":"scroll","background-type":"","background-media":"","overlay-type":"","overlay-color":"","overlay-opacity":"","overlay-gradient":""},"mobile":{"background-color":"var(--ast-global-color-5)","background-image":"","background-repeat":"repeat","background-position":"center center","background-size":"auto","background-attachment":"scroll","background-type":"","background-media":"","overlay-type":"","overlay-color":"","overlay-opacity":"","overlay-gradient":""}},"footnotes":""},"class_list":["post-55081","page","type-page","status-publish","has-post-thumbnail","hentry"],"acf":[],"yoast_head":"<!-- This site is optimized with the Yoast SEO plugin v27.3 - https:\/\/yoast.com\/product\/yoast-seo-wordpress\/ -->\n<title>ABONNEMENT - iSaute<\/title>\n<meta name=\"robots\" content=\"index, follow, max-snippet:-1, max-image-preview:large, max-video-preview:-1\" \/>\n<link rel=\"canonical\" href=\"https:\/\/isaute.ca\/en\/memberships\/\" \/>\n<meta property=\"og:locale\" content=\"en_US\" \/>\n<meta property=\"og:type\" content=\"article\" \/>\n<meta property=\"og:title\" content=\"ABONNEMENT - iSaute\" \/>\n<meta property=\"og:description\" content=\"Une offre extraordinaire! Vous avez demand\u00e9. Nous avons \u00e9cout\u00e9. Les abonnements mensuels sont maintenant disponibles chez\u00a0 iSaute ! Rejoignez-nous en tant que membre et b\u00e9n\u00e9ficiez des avantages suivants: 90 minutes de saut chaque jour 15% de r\u00e9duction sur le bistro 50% de r\u00e9duction pour le parent ou le tuteur accompagnant File d&rsquo;attente prioritaire pour les [&hellip;]\" \/>\n<meta property=\"og:url\" content=\"https:\/\/isaute.ca\/en\/memberships\/\" \/>\n<meta property=\"og:site_name\" content=\"iSaute\" \/>\n<meta property=\"article:modified_time\" content=\"2025-10-09T14:24:44+00:00\" \/>\n<meta property=\"og:image\" content=\"https:\/\/isaute.ca\/wp-content\/uploads\/2024\/03\/136-DSC08926-1024x576.jpg\" \/>\n\t<meta property=\"og:image:width\" content=\"1024\" \/>\n\t<meta property=\"og:image:height\" content=\"576\" \/>\n\t<meta property=\"og:image:type\" content=\"image\/jpeg\" \/>\n<meta name=\"twitter:card\" content=\"summary_large_image\" \/>\n<meta name=\"twitter:label1\" content=\"Est. reading time\" \/>\n\t<meta name=\"twitter:data1\" content=\"2 minutes\" \/>\n<script type=\"application\/ld+json\" class=\"yoast-schema-graph\">{\"@context\":\"https:\\\/\\\/schema.org\",\"@graph\":[{\"@type\":\"WebPage\",\"@id\":\"https:\\\/\\\/isaute.ca\\\/abonnement\\\/\",\"url\":\"https:\\\/\\\/isaute.ca\\\/abonnement\\\/\",\"name\":\"ABONNEMENT - iSaute\",\"isPartOf\":{\"@id\":\"https:\\\/\\\/isaute.ca\\\/#website\"},\"primaryImageOfPage\":{\"@id\":\"https:\\\/\\\/isaute.ca\\\/abonnement\\\/#primaryimage\"},\"image\":{\"@id\":\"https:\\\/\\\/isaute.ca\\\/abonnement\\\/#primaryimage\"},\"thumbnailUrl\":\"https:\\\/\\\/isaute.ca\\\/wp-content\\\/uploads\\\/2024\\\/03\\\/136-DSC08926-scaled.jpg\",\"datePublished\":\"2024-10-22T21:14:41+00:00\",\"dateModified\":\"2025-10-09T14:24:44+00:00\",\"breadcrumb\":{\"@id\":\"https:\\\/\\\/isaute.ca\\\/abonnement\\\/#breadcrumb\"},\"inLanguage\":\"en-US\",\"potentialAction\":[{\"@type\":\"ReadAction\",\"target\":[\"https:\\\/\\\/isaute.ca\\\/abonnement\\\/\"]}]},{\"@type\":\"ImageObject\",\"inLanguage\":\"en-US\",\"@id\":\"https:\\\/\\\/isaute.ca\\\/abonnement\\\/#primaryimage\",\"url\":\"https:\\\/\\\/isaute.ca\\\/wp-content\\\/uploads\\\/2024\\\/03\\\/136-DSC08926-scaled.jpg\",\"contentUrl\":\"https:\\\/\\\/isaute.ca\\\/wp-content\\\/uploads\\\/2024\\\/03\\\/136-DSC08926-scaled.jpg\",\"width\":2560,\"height\":1440},{\"@type\":\"BreadcrumbList\",\"@id\":\"https:\\\/\\\/isaute.ca\\\/abonnement\\\/#breadcrumb\",\"itemListElement\":[{\"@type\":\"ListItem\",\"position\":1,\"name\":\"Home\",\"item\":\"https:\\\/\\\/isaute.ca\\\/\"},{\"@type\":\"ListItem\",\"position\":2,\"name\":\"ABONNEMENT\"}]},{\"@type\":\"WebSite\",\"@id\":\"https:\\\/\\\/isaute.ca\\\/#website\",\"url\":\"https:\\\/\\\/isaute.ca\\\/\",\"name\":\"iSaute\",\"description\":\"Amusement Parks\",\"publisher\":{\"@id\":\"https:\\\/\\\/isaute.ca\\\/#organization\"},\"potentialAction\":[{\"@type\":\"SearchAction\",\"target\":{\"@type\":\"EntryPoint\",\"urlTemplate\":\"https:\\\/\\\/isaute.ca\\\/?s={search_term_string}\"},\"query-input\":{\"@type\":\"PropertyValueSpecification\",\"valueRequired\":true,\"valueName\":\"search_term_string\"}}],\"inLanguage\":\"en-US\"},{\"@type\":\"Organization\",\"@id\":\"https:\\\/\\\/isaute.ca\\\/#organization\",\"name\":\"iSaute\",\"url\":\"https:\\\/\\\/isaute.ca\\\/\",\"logo\":{\"@type\":\"ImageObject\",\"inLanguage\":\"en-US\",\"@id\":\"https:\\\/\\\/isaute.ca\\\/#\\\/schema\\\/logo\\\/image\\\/\",\"url\":\"https:\\\/\\\/isaute.ca\\\/wp-content\\\/uploads\\\/2024\\\/05\\\/isaute-logo-white.svg\",\"contentUrl\":\"https:\\\/\\\/isaute.ca\\\/wp-content\\\/uploads\\\/2024\\\/05\\\/isaute-logo-white.svg\",\"caption\":\"iSaute\"},\"image\":{\"@id\":\"https:\\\/\\\/isaute.ca\\\/#\\\/schema\\\/logo\\\/image\\\/\"}}]}<\/script>\n<!-- \/ Yoast SEO plugin. -->","yoast_head_json":{"title":"ABONNEMENT - iSaute","robots":{"index":"index","follow":"follow","max-snippet":"max-snippet:-1","max-image-preview":"max-image-preview:large","max-video-preview":"max-video-preview:-1"},"canonical":"https:\/\/isaute.ca\/en\/memberships\/","og_locale":"en_US","og_type":"article","og_title":"ABONNEMENT - iSaute","og_description":"Une offre extraordinaire! Vous avez demand\u00e9. Nous avons \u00e9cout\u00e9. Les abonnements mensuels sont maintenant disponibles chez\u00a0 iSaute ! Rejoignez-nous en tant que membre et b\u00e9n\u00e9ficiez des avantages suivants: 90 minutes de saut chaque jour 15% de r\u00e9duction sur le bistro 50% de r\u00e9duction pour le parent ou le tuteur accompagnant File d&rsquo;attente prioritaire pour les [&hellip;]","og_url":"https:\/\/isaute.ca\/en\/memberships\/","og_site_name":"iSaute","article_modified_time":"2025-10-09T14:24:44+00:00","og_image":[{"width":1024,"height":576,"url":"https:\/\/isaute.ca\/wp-content\/uploads\/2024\/03\/136-DSC08926-1024x576.jpg","type":"image\/jpeg"}],"twitter_card":"summary_large_image","twitter_misc":{"Est. reading time":"2 minutes"},"schema":{"@context":"https:\/\/schema.org","@graph":[{"@type":"WebPage","@id":"https:\/\/isaute.ca\/abonnement\/","url":"https:\/\/isaute.ca\/abonnement\/","name":"ABONNEMENT - iSaute","isPartOf":{"@id":"https:\/\/isaute.ca\/#website"},"primaryImageOfPage":{"@id":"https:\/\/isaute.ca\/abonnement\/#primaryimage"},"image":{"@id":"https:\/\/isaute.ca\/abonnement\/#primaryimage"},"thumbnailUrl":"https:\/\/isaute.ca\/wp-content\/uploads\/2024\/03\/136-DSC08926-scaled.jpg","datePublished":"2024-10-22T21:14:41+00:00","dateModified":"2025-10-09T14:24:44+00:00","breadcrumb":{"@id":"https:\/\/isaute.ca\/abonnement\/#breadcrumb"},"inLanguage":"en-US","potentialAction":[{"@type":"ReadAction","target":["https:\/\/isaute.ca\/abonnement\/"]}]},{"@type":"ImageObject","inLanguage":"en-US","@id":"https:\/\/isaute.ca\/abonnement\/#primaryimage","url":"https:\/\/isaute.ca\/wp-content\/uploads\/2024\/03\/136-DSC08926-scaled.jpg","contentUrl":"https:\/\/isaute.ca\/wp-content\/uploads\/2024\/03\/136-DSC08926-scaled.jpg","width":2560,"height":1440},{"@type":"BreadcrumbList","@id":"https:\/\/isaute.ca\/abonnement\/#breadcrumb","itemListElement":[{"@type":"ListItem","position":1,"name":"Home","item":"https:\/\/isaute.ca\/"},{"@type":"ListItem","position":2,"name":"ABONNEMENT"}]},{"@type":"WebSite","@id":"https:\/\/isaute.ca\/#website","url":"https:\/\/isaute.ca\/","name":"iSaute","description":"Amusement Parks","publisher":{"@id":"https:\/\/isaute.ca\/#organization"},"potentialAction":[{"@type":"SearchAction","target":{"@type":"EntryPoint","urlTemplate":"https:\/\/isaute.ca\/?s={search_term_string}"},"query-input":{"@type":"PropertyValueSpecification","valueRequired":true,"valueName":"search_term_string"}}],"inLanguage":"en-US"},{"@type":"Organization","@id":"https:\/\/isaute.ca\/#organization","name":"iSaute","url":"https:\/\/isaute.ca\/","logo":{"@type":"ImageObject","inLanguage":"en-US","@id":"https:\/\/isaute.ca\/#\/schema\/logo\/image\/","url":"https:\/\/isaute.ca\/wp-content\/uploads\/2024\/05\/isaute-logo-white.svg","contentUrl":"https:\/\/isaute.ca\/wp-content\/uploads\/2024\/05\/isaute-logo-white.svg","caption":"iSaute"},"image":{"@id":"https:\/\/isaute.ca\/#\/schema\/logo\/image\/"}}]}},"_links":{"self":[{"href":"https:\/\/isaute.ca\/en\/wp-json\/wp\/v2\/pages\/55081","targetHints":{"allow":["GET"]}}],"collection":[{"href":"https:\/\/isaute.ca\/en\/wp-json\/wp\/v2\/pages"}],"about":[{"href":"https:\/\/isaute.ca\/en\/wp-json\/wp\/v2\/types\/page"}],"author":[{"embeddable":true,"href":"https:\/\/isaute.ca\/en\/wp-json\/wp\/v2\/users\/10"}],"replies":[{"embeddable":true,"href":"https:\/\/isaute.ca\/en\/wp-json\/wp\/v2\/comments?post=55081"}],"version-history":[{"count":0,"href":"https:\/\/isaute.ca\/en\/wp-json\/wp\/v2\/pages\/55081\/revisions"}],"wp:featuredmedia":[{"embeddable":true,"href":"https:\/\/isaute.ca\/en\/wp-json\/wp\/v2\/media\/55214"}],"wp:attachment":[{"href":"https:\/\/isaute.ca\/en\/wp-json\/wp\/v2\/media?parent=55081"}],"curies":[{"name":"wp","href":"https:\/\/api.w.org\/{rel}","templated":true}]}}