{"id":54968,"date":"2024-08-28T12:22:17","date_gmt":"2024-08-28T19:22:17","guid":{"rendered":"https:\/\/isaute.ca\/?page_id=54968"},"modified":"2025-11-22T09:58:47","modified_gmt":"2025-11-22T17:58:47","slug":"isaute-kirkland-thank-you","status":"publish","type":"page","link":"https:\/\/isaute.ca\/en\/isaute-kirkland-thank-you\/","title":{"rendered":"Thank You from iSaute Kirkland!"},"content":{"rendered":"<h3>Une confirmation a \u00e9t\u00e9 envoy\u00e9e \u00e0 votre adresse courriel. Nous sommes impatients de vous accueillir tr\u00e8s prochainement! Avant de nous rendre visite, nous vous invitons \u00e0 remplir la d\u00e9charge si vous ne l&rsquo;avez pas encore fait. Cela nous aidera \u00e0 rendre votre exp\u00e9rience encore plus agr\u00e9able et fluide.Au plaisir de vous voir bient\u00f4t!<\/h3>","protected":false},"excerpt":{"rendered":"<p>Une confirmation a \u00e9t\u00e9 envoy\u00e9e \u00e0 votre adresse courriel. Nous sommes impatients de vous accueillir tr\u00e8s prochainement! Avant de nous rendre visite, nous vous invitons \u00e0 remplir la d\u00e9charge si vous ne l&rsquo;avez pas encore fait. Cela nous aidera \u00e0 rendre votre exp\u00e9rience encore plus agr\u00e9able et fluide.Au plaisir de vous voir bient\u00f4t!<\/p>","protected":false},"author":13,"featured_media":0,"parent":0,"menu_order":4,"comment_status":"closed","ping_status":"closed","template":"","meta":{"_acf_changed":false,"site-sidebar-layout":"no-sidebar","site-content-layout":"page-builder","ast-site-content-layout":"default","site-content-style":"default","site-sidebar-style":"default","ast-global-header-display":"","ast-banner-title-visibility":"","ast-main-header-display":"","ast-hfb-above-header-display":"","ast-hfb-below-header-display":"","ast-hfb-mobile-header-display":"","site-post-title":"disabled","ast-breadcrumbs-content":"","ast-featured-img":"disabled","footer-sml-layout":"","ast-disable-related-posts":"","theme-transparent-header-meta":"","adv-header-id-meta":"","stick-header-meta":"","header-above-stick-meta":"","header-main-stick-meta":"","header-below-stick-meta":"","astra-migrate-meta-layouts":"default","ast-page-background-enabled":"default","ast-page-background-meta":{"desktop":{"background-color":"var(--ast-global-color-4)","background-image":"","background-repeat":"repeat","background-position":"center center","background-size":"auto","background-attachment":"scroll","background-type":"","background-media":"","overlay-type":"","overlay-color":"","overlay-opacity":"","overlay-gradient":""},"tablet":{"background-color":"","background-image":"","background-repeat":"repeat","background-position":"center center","background-size":"auto","background-attachment":"scroll","background-type":"","background-media":"","overlay-type":"","overlay-color":"","overlay-opacity":"","overlay-gradient":""},"mobile":{"background-color":"","background-image":"","background-repeat":"repeat","background-position":"center center","background-size":"auto","background-attachment":"scroll","background-type":"","background-media":"","overlay-type":"","overlay-color":"","overlay-opacity":"","overlay-gradient":""}},"ast-content-background-meta":{"desktop":{"background-color":"var(--ast-global-color-5)","background-image":"","background-repeat":"repeat","background-position":"center center","background-size":"auto","background-attachment":"scroll","background-type":"","background-media":"","overlay-type":"","overlay-color":"","overlay-opacity":"","overlay-gradient":""},"tablet":{"background-color":"var(--ast-global-color-5)","background-image":"","background-repeat":"repeat","background-position":"center center","background-size":"auto","background-attachment":"scroll","background-type":"","background-media":"","overlay-type":"","overlay-color":"","overlay-opacity":"","overlay-gradient":""},"mobile":{"background-color":"var(--ast-global-color-5)","background-image":"","background-repeat":"repeat","background-position":"center center","background-size":"auto","background-attachment":"scroll","background-type":"","background-media":"","overlay-type":"","overlay-color":"","overlay-opacity":"","overlay-gradient":""}},"footnotes":""},"class_list":["post-54968","page","type-page","status-publish","hentry"],"acf":[],"yoast_head":"<!-- This site is optimized with the Yoast SEO plugin v27.0 - https:\/\/yoast.com\/product\/yoast-seo-wordpress\/ -->\n<title>Merci de iSaute Kirkland - iSaute<\/title>\n<meta name=\"robots\" content=\"index, follow, max-snippet:-1, max-image-preview:large, max-video-preview:-1\" \/>\n<link rel=\"canonical\" href=\"https:\/\/isaute.ca\/en\/isaute-kirkland-thank-you\/\" \/>\n<meta property=\"og:locale\" content=\"en_US\" \/>\n<meta property=\"og:type\" content=\"article\" \/>\n<meta property=\"og:title\" content=\"Merci de iSaute Kirkland - iSaute\" \/>\n<meta property=\"og:description\" content=\"Une confirmation a \u00e9t\u00e9 envoy\u00e9e \u00e0 votre adresse courriel. Nous sommes impatients de vous accueillir tr\u00e8s prochainement! Avant de nous rendre visite, nous vous invitons \u00e0 remplir la d\u00e9charge si vous ne l&rsquo;avez pas encore fait. Cela nous aidera \u00e0 rendre votre exp\u00e9rience encore plus agr\u00e9able et fluide.Au plaisir de vous voir bient\u00f4t!\" \/>\n<meta property=\"og:url\" content=\"https:\/\/isaute.ca\/en\/isaute-kirkland-thank-you\/\" \/>\n<meta property=\"og:site_name\" content=\"iSaute\" \/>\n<meta property=\"article:modified_time\" content=\"2025-11-22T17:58:47+00:00\" \/>\n<meta name=\"twitter:card\" content=\"summary_large_image\" \/>\n<meta name=\"twitter:label1\" content=\"Est. reading time\" \/>\n\t<meta name=\"twitter:data1\" content=\"1 minute\" \/>\n<script type=\"application\/ld+json\" class=\"yoast-schema-graph\">{\"@context\":\"https:\/\/schema.org\",\"@graph\":[{\"@type\":\"WebPage\",\"@id\":\"https:\/\/isaute.ca\/isautekirkland-merci\/\",\"url\":\"https:\/\/isaute.ca\/isautekirkland-merci\/\",\"name\":\"Merci de iSaute Kirkland - iSaute\",\"isPartOf\":{\"@id\":\"https:\/\/isaute.ca\/#website\"},\"datePublished\":\"2024-08-28T19:22:17+00:00\",\"dateModified\":\"2025-11-22T17:58:47+00:00\",\"breadcrumb\":{\"@id\":\"https:\/\/isaute.ca\/isautekirkland-merci\/#breadcrumb\"},\"inLanguage\":\"en-US\",\"potentialAction\":[{\"@type\":\"ReadAction\",\"target\":[\"https:\/\/isaute.ca\/isautekirkland-merci\/\"]}]},{\"@type\":\"BreadcrumbList\",\"@id\":\"https:\/\/isaute.ca\/isautekirkland-merci\/#breadcrumb\",\"itemListElement\":[{\"@type\":\"ListItem\",\"position\":1,\"name\":\"Home\",\"item\":\"https:\/\/isaute.ca\/\"},{\"@type\":\"ListItem\",\"position\":2,\"name\":\"Merci de iSaute Kirkland\"}]},{\"@type\":\"WebSite\",\"@id\":\"https:\/\/isaute.ca\/#website\",\"url\":\"https:\/\/isaute.ca\/\",\"name\":\"iSaute\",\"description\":\"Amusement Parks\",\"publisher\":{\"@id\":\"https:\/\/isaute.ca\/#organization\"},\"potentialAction\":[{\"@type\":\"SearchAction\",\"target\":{\"@type\":\"EntryPoint\",\"urlTemplate\":\"https:\/\/isaute.ca\/?s={search_term_string}\"},\"query-input\":{\"@type\":\"PropertyValueSpecification\",\"valueRequired\":true,\"valueName\":\"search_term_string\"}}],\"inLanguage\":\"en-US\"},{\"@type\":\"Organization\",\"@id\":\"https:\/\/isaute.ca\/#organization\",\"name\":\"iSaute\",\"url\":\"https:\/\/isaute.ca\/\",\"logo\":{\"@type\":\"ImageObject\",\"inLanguage\":\"en-US\",\"@id\":\"https:\/\/isaute.ca\/#\/schema\/logo\/image\/\",\"url\":\"https:\/\/isaute.ca\/wp-content\/uploads\/2024\/05\/isaute-logo-white.svg\",\"contentUrl\":\"https:\/\/isaute.ca\/wp-content\/uploads\/2024\/05\/isaute-logo-white.svg\",\"caption\":\"iSaute\"},\"image\":{\"@id\":\"https:\/\/isaute.ca\/#\/schema\/logo\/image\/\"}}]}<\/script>\n<!-- \/ Yoast SEO plugin. -->","yoast_head_json":{"title":"Merci de iSaute Kirkland - iSaute","robots":{"index":"index","follow":"follow","max-snippet":"max-snippet:-1","max-image-preview":"max-image-preview:large","max-video-preview":"max-video-preview:-1"},"canonical":"https:\/\/isaute.ca\/en\/isaute-kirkland-thank-you\/","og_locale":"en_US","og_type":"article","og_title":"Merci de iSaute Kirkland - iSaute","og_description":"Une confirmation a \u00e9t\u00e9 envoy\u00e9e \u00e0 votre adresse courriel. Nous sommes impatients de vous accueillir tr\u00e8s prochainement! Avant de nous rendre visite, nous vous invitons \u00e0 remplir la d\u00e9charge si vous ne l&rsquo;avez pas encore fait. Cela nous aidera \u00e0 rendre votre exp\u00e9rience encore plus agr\u00e9able et fluide.Au plaisir de vous voir bient\u00f4t!","og_url":"https:\/\/isaute.ca\/en\/isaute-kirkland-thank-you\/","og_site_name":"iSaute","article_modified_time":"2025-11-22T17:58:47+00:00","twitter_card":"summary_large_image","twitter_misc":{"Est. reading time":"1 minute"},"schema":{"@context":"https:\/\/schema.org","@graph":[{"@type":"WebPage","@id":"https:\/\/isaute.ca\/isautekirkland-merci\/","url":"https:\/\/isaute.ca\/isautekirkland-merci\/","name":"Merci de iSaute Kirkland - iSaute","isPartOf":{"@id":"https:\/\/isaute.ca\/#website"},"datePublished":"2024-08-28T19:22:17+00:00","dateModified":"2025-11-22T17:58:47+00:00","breadcrumb":{"@id":"https:\/\/isaute.ca\/isautekirkland-merci\/#breadcrumb"},"inLanguage":"en-US","potentialAction":[{"@type":"ReadAction","target":["https:\/\/isaute.ca\/isautekirkland-merci\/"]}]},{"@type":"BreadcrumbList","@id":"https:\/\/isaute.ca\/isautekirkland-merci\/#breadcrumb","itemListElement":[{"@type":"ListItem","position":1,"name":"Home","item":"https:\/\/isaute.ca\/"},{"@type":"ListItem","position":2,"name":"Merci de iSaute Kirkland"}]},{"@type":"WebSite","@id":"https:\/\/isaute.ca\/#website","url":"https:\/\/isaute.ca\/","name":"iSaute","description":"Amusement Parks","publisher":{"@id":"https:\/\/isaute.ca\/#organization"},"potentialAction":[{"@type":"SearchAction","target":{"@type":"EntryPoint","urlTemplate":"https:\/\/isaute.ca\/?s={search_term_string}"},"query-input":{"@type":"PropertyValueSpecification","valueRequired":true,"valueName":"search_term_string"}}],"inLanguage":"en-US"},{"@type":"Organization","@id":"https:\/\/isaute.ca\/#organization","name":"iSaute","url":"https:\/\/isaute.ca\/","logo":{"@type":"ImageObject","inLanguage":"en-US","@id":"https:\/\/isaute.ca\/#\/schema\/logo\/image\/","url":"https:\/\/isaute.ca\/wp-content\/uploads\/2024\/05\/isaute-logo-white.svg","contentUrl":"https:\/\/isaute.ca\/wp-content\/uploads\/2024\/05\/isaute-logo-white.svg","caption":"iSaute"},"image":{"@id":"https:\/\/isaute.ca\/#\/schema\/logo\/image\/"}}]}},"_links":{"self":[{"href":"https:\/\/isaute.ca\/en\/wp-json\/wp\/v2\/pages\/54968","targetHints":{"allow":["GET"]}}],"collection":[{"href":"https:\/\/isaute.ca\/en\/wp-json\/wp\/v2\/pages"}],"about":[{"href":"https:\/\/isaute.ca\/en\/wp-json\/wp\/v2\/types\/page"}],"author":[{"embeddable":true,"href":"https:\/\/isaute.ca\/en\/wp-json\/wp\/v2\/users\/13"}],"replies":[{"embeddable":true,"href":"https:\/\/isaute.ca\/en\/wp-json\/wp\/v2\/comments?post=54968"}],"version-history":[{"count":0,"href":"https:\/\/isaute.ca\/en\/wp-json\/wp\/v2\/pages\/54968\/revisions"}],"wp:attachment":[{"href":"https:\/\/isaute.ca\/en\/wp-json\/wp\/v2\/media?parent=54968"}],"curies":[{"name":"wp","href":"https:\/\/api.w.org\/{rel}","templated":true}]}}