{"id":54421,"date":"2024-07-31T05:37:18","date_gmt":"2024-07-31T12:37:18","guid":{"rendered":"https:\/\/isaute.ca\/?page_id=54421"},"modified":"2025-07-30T08:34:11","modified_gmt":"2025-07-30T15:34:11","slug":"virtual-tour","status":"publish","type":"page","link":"https:\/\/isaute.ca\/en\/virtual-tour\/","title":{"rendered":"Virtual Tour"},"content":{"rendered":"<h2>\n\t\t\tVisites virtuelles int\u00e9rieures \t<\/h2>\n\t<a href=\"javascript:void(0)\" data-target=\"#virtualModal1\" class=\"virtual-item\">\n                <img decoding=\"async\" src=\"https:\/\/isaute.ca\/wp-content\/uploads\/2024\/08\/Galaxy-Background-scaled.webp\" class=\"img-fluid\" alt=\"Anjou Virtual Tour 360\"  \/>\n                <h2 class=\"virtual-name\">Anjou Virtual Tour 360<\/h2>\n            <\/a><a href=\"javascript:void(0)\" data-target=\"#virtualModal2\" class=\"virtual-item\">\n                <img decoding=\"async\" src=\"https:\/\/isaute.ca\/wp-content\/uploads\/2024\/08\/Galaxy-Background-scaled.webp\" class=\"img-fluid\" alt=\"Brossard Virtual Tour 360\"  \/>\n                <h2 class=\"virtual-name\">Brossard Virtual Tour 360<\/h2>\n            <\/a><a href=\"javascript:void(0)\" data-target=\"#virtualModal3\" class=\"virtual-item\">\n                <img decoding=\"async\" src=\"https:\/\/isaute.ca\/wp-content\/uploads\/2024\/08\/Galaxy-Background-scaled.webp\" class=\"img-fluid\" alt=\"Kirkland Virtual Tour 360\"  \/>\n                <h2 class=\"virtual-name\">Kirkland Virtual Tour 360<\/h2>\n            <\/a><a href=\"javascript:void(0)\" data-target=\"#virtualModal4\" class=\"virtual-item\">\n                <img decoding=\"async\" src=\"https:\/\/isaute.ca\/wp-content\/uploads\/2024\/08\/Galaxy-Background-scaled.webp\" class=\"img-fluid\" alt=\"Laval Virtual &lt;br&gt;Tour 360\"  \/>\n                <h2 class=\"virtual-name\">Laval Virtual <br>Tour 360<\/h2>\n            <\/a><a href=\"javascript:void(0)\" data-target=\"#virtualModal5\" class=\"virtual-item\">\n                <img decoding=\"async\" src=\"https:\/\/isaute.ca\/wp-content\/uploads\/2024\/08\/Galaxy-Background-scaled.webp\" class=\"img-fluid\" alt=\"Quebec Virtual Tour 360\"  \/>\n                <h2 class=\"virtual-name\">Quebec Virtual Tour 360<\/h2>\n            <\/a><div class=\"virtual-modal\" id=\"virtualModal1\" tabindex=\"-1\" aria-hidden=\"true\">\n         \n                <div class=\"modal-content\">\n                    <button type=\"button\" class=\"btn-close\">+<\/button> <div class=\"video-wrapper\">\n                        <iframe src=\"https:\/\/www.google.com\/maps\/embed?pb=!4v1724846247741!6m8!1m7!1sCAoSLEFGMVFpcE54RDlsTjF4djloSDE0RzhnU2RGV1lzSU81ZHRDMk1YOWRuaEpK!2m2!1d45.6217557!2d-73.5586732!3f202.48261544536138!4f0.4920956200155757!5f0.4000000000000002\" width=\"100%\" height=\"100%\" allowfullscreen=\"\" loading=\"lazy\" referrerpolicy=\"no-referrer-when-downgrade\"><\/iframe>\n                         <\/div><\/div>\n    <\/div><div class=\"virtual-modal\" id=\"virtualModal2\" tabindex=\"-1\" aria-hidden=\"true\">\n         \n                <div class=\"modal-content\">\n                    <button type=\"button\" class=\"btn-close\">+<\/button> <div class=\"video-wrapper\">\n                        <iframe src=\"https:\/\/www.google.com\/maps\/embed?pb=!4v1724846595691!6m8!1m7!1sCAoSLEFGMVFpcE84ck5SYS1jOGFJQWx1dnE5NHczdmZZbWJvd3VoNElnY3VZSEFG!2m2!1d45.4443406!2d-73.4709795!3f158.67309635148024!4f-5.499079758862209!5f0.7820865974627469\" width=\"100%\" height=\"100%\" allowfullscreen=\"\" loading=\"lazy\" referrerpolicy=\"no-referrer-when-downgrade\"><\/iframe>\n                         <\/div><\/div>\n    <\/div><div class=\"virtual-modal\" id=\"virtualModal3\" tabindex=\"-1\" aria-hidden=\"true\">\n         \n                <div class=\"modal-content\">\n                    <button type=\"button\" class=\"btn-close\">+<\/button> <div class=\"video-wrapper\">\n                        <iframe src=\"https:\/\/www.google.com\/maps\/embed?pb=!4v1724675687783!6m8!1m7!1sCAoSLEFGMVFpcFBlVVZhTkE2X3NBZi1Pb0JQRFltU3FYaFNiR2laUDNka3A2bWdO!2m2!1d45.44168199574915!2d-73.88796133745335!3f82.98959963531996!4f1.4267288378908347!5f0.7820865974627469\" width=\"100%\" height=\"100%\" allowfullscreen=\"\" loading=\"lazy\" referrerpolicy=\"no-referrer-when-downgrade\"><\/iframe>\n                         <\/div><\/div>\n    <\/div><div class=\"virtual-modal\" id=\"virtualModal4\" tabindex=\"-1\" aria-hidden=\"true\">\n         \n                <div class=\"modal-content\">\n                    <button type=\"button\" class=\"btn-close\">+<\/button> <div class=\"video-wrapper\">\n                        <iframe src=\"https:\/\/www.google.com\/maps\/embed?pb=!4v1734952345032!6m8!1m7!1sCAoSLEFGMVFpcFA3U1BRWnVKR04zcVJuSUZWXzZtbXdBanJaUjJmY2JmMmx4RjE3!2m2!1d45.58828144136697!2d-73.76750356095624!3f50.554596454510175!4f0.4044137501302032!5f0.4000000000000002\" width=\"100%\" height=\"100%\" allowfullscreen=\"\" loading=\"lazy\" referrerpolicy=\"no-referrer-when-downgrade\"><\/iframe>\n                         <\/div><\/div>\n    <\/div><div class=\"virtual-modal\" id=\"virtualModal5\" tabindex=\"-1\" aria-hidden=\"true\">\n         \n                <div class=\"modal-content\">\n                    <button type=\"button\" class=\"btn-close\">+<\/button> <div class=\"video-wrapper\">\n                        <iframe src=\"https:\/\/www.google.com\/maps\/embed?pb=!4v1751321779391!6m8!1m7!1sCAoSHENJQUJJaEJvVTkyNXdxdkxmcWY5RGx0ZWxhdHU.!2m2!1d46.8286861!2d-71.2662756!3f143.11299203759165!4f2.1860444651337048!5f0.6665947111036998\" width=\"100%\" height=\"100%\" allowfullscreen=\"\" loading=\"lazy\" referrerpolicy=\"no-referrer-when-downgrade\"><\/iframe>\n                         <\/div><\/div>\n    <\/div>","protected":false},"excerpt":{"rendered":"<p>Find answers to frequently asked questions. If you still don't have an answer to your questions, don't hesitate to contact us!<\/p>","protected":false},"author":13,"featured_media":0,"parent":0,"menu_order":0,"comment_status":"closed","ping_status":"closed","template":"","meta":{"_acf_changed":false,"site-sidebar-layout":"default","site-content-layout":"","ast-site-content-layout":"default","site-content-style":"default","site-sidebar-style":"default","ast-global-header-display":"","ast-banner-title-visibility":"","ast-main-header-display":"","ast-hfb-above-header-display":"","ast-hfb-below-header-display":"","ast-hfb-mobile-header-display":"","site-post-title":"","ast-breadcrumbs-content":"","ast-featured-img":"","footer-sml-layout":"","ast-disable-related-posts":"","theme-transparent-header-meta":"","adv-header-id-meta":"","stick-header-meta":"","header-above-stick-meta":"","header-main-stick-meta":"","header-below-stick-meta":"","astra-migrate-meta-layouts":"set","ast-page-background-enabled":"default","ast-page-background-meta":{"desktop":{"background-color":"var(--ast-global-color-4)","background-image":"","background-repeat":"repeat","background-position":"center center","background-size":"auto","background-attachment":"scroll","background-type":"","background-media":"","overlay-type":"","overlay-color":"","overlay-opacity":"","overlay-gradient":""},"tablet":{"background-color":"","background-image":"","background-repeat":"repeat","background-position":"center center","background-size":"auto","background-attachment":"scroll","background-type":"","background-media":"","overlay-type":"","overlay-color":"","overlay-opacity":"","overlay-gradient":""},"mobile":{"background-color":"","background-image":"","background-repeat":"repeat","background-position":"center center","background-size":"auto","background-attachment":"scroll","background-type":"","background-media":"","overlay-type":"","overlay-color":"","overlay-opacity":"","overlay-gradient":""}},"ast-content-background-meta":{"desktop":{"background-color":"var(--ast-global-color-5)","background-image":"","background-repeat":"repeat","background-position":"center center","background-size":"auto","background-attachment":"scroll","background-type":"","background-media":"","overlay-type":"","overlay-color":"","overlay-opacity":"","overlay-gradient":""},"tablet":{"background-color":"var(--ast-global-color-5)","background-image":"","background-repeat":"repeat","background-position":"center center","background-size":"auto","background-attachment":"scroll","background-type":"","background-media":"","overlay-type":"","overlay-color":"","overlay-opacity":"","overlay-gradient":""},"mobile":{"background-color":"var(--ast-global-color-5)","background-image":"","background-repeat":"repeat","background-position":"center center","background-size":"auto","background-attachment":"scroll","background-type":"","background-media":"","overlay-type":"","overlay-color":"","overlay-opacity":"","overlay-gradient":""}},"footnotes":""},"class_list":["post-54421","page","type-page","status-publish","hentry"],"acf":[],"yoast_head":"<!-- This site is optimized with the Yoast SEO plugin v27.3 - https:\/\/yoast.com\/product\/yoast-seo-wordpress\/ -->\n<title>Visite virtuelle - iSaute<\/title>\n<meta name=\"robots\" content=\"index, follow, max-snippet:-1, max-image-preview:large, max-video-preview:-1\" \/>\n<link rel=\"canonical\" href=\"https:\/\/isaute.ca\/en\/virtual-tour\/\" \/>\n<meta property=\"og:locale\" content=\"en_US\" \/>\n<meta property=\"og:type\" content=\"article\" \/>\n<meta property=\"og:title\" content=\"Visite virtuelle - iSaute\" \/>\n<meta property=\"og:description\" content=\"Trouvez les r\u00e9ponses aux questions fr\u00e9quemment pos\u00e9es. Si vous n&#039;avez toujours pas de r\u00e9ponse \u00e0 vos questions, n&#039;h\u00e9sitez pas \u00e0 nous contacter !\" \/>\n<meta property=\"og:url\" content=\"https:\/\/isaute.ca\/en\/virtual-tour\/\" \/>\n<meta property=\"og:site_name\" content=\"iSaute\" \/>\n<meta property=\"article:modified_time\" content=\"2025-07-30T15:34:11+00:00\" \/>\n<meta name=\"twitter:card\" content=\"summary_large_image\" \/>\n<meta name=\"twitter:label1\" content=\"Est. reading time\" \/>\n\t<meta name=\"twitter:data1\" content=\"2 minutes\" \/>\n<script type=\"application\/ld+json\" class=\"yoast-schema-graph\">{\"@context\":\"https:\\\/\\\/schema.org\",\"@graph\":[{\"@type\":\"WebPage\",\"@id\":\"https:\\\/\\\/isaute.ca\\\/visite-virtuelle\\\/\",\"url\":\"https:\\\/\\\/isaute.ca\\\/visite-virtuelle\\\/\",\"name\":\"Visite virtuelle - iSaute\",\"isPartOf\":{\"@id\":\"https:\\\/\\\/isaute.ca\\\/#website\"},\"datePublished\":\"2024-07-31T12:37:18+00:00\",\"dateModified\":\"2025-07-30T15:34:11+00:00\",\"breadcrumb\":{\"@id\":\"https:\\\/\\\/isaute.ca\\\/visite-virtuelle\\\/#breadcrumb\"},\"inLanguage\":\"en-US\",\"potentialAction\":[{\"@type\":\"ReadAction\",\"target\":[\"https:\\\/\\\/isaute.ca\\\/visite-virtuelle\\\/\"]}]},{\"@type\":\"BreadcrumbList\",\"@id\":\"https:\\\/\\\/isaute.ca\\\/visite-virtuelle\\\/#breadcrumb\",\"itemListElement\":[{\"@type\":\"ListItem\",\"position\":1,\"name\":\"Home\",\"item\":\"https:\\\/\\\/isaute.ca\\\/\"},{\"@type\":\"ListItem\",\"position\":2,\"name\":\"Visite virtuelle\"}]},{\"@type\":\"WebSite\",\"@id\":\"https:\\\/\\\/isaute.ca\\\/#website\",\"url\":\"https:\\\/\\\/isaute.ca\\\/\",\"name\":\"iSaute\",\"description\":\"Amusement Parks\",\"publisher\":{\"@id\":\"https:\\\/\\\/isaute.ca\\\/#organization\"},\"potentialAction\":[{\"@type\":\"SearchAction\",\"target\":{\"@type\":\"EntryPoint\",\"urlTemplate\":\"https:\\\/\\\/isaute.ca\\\/?s={search_term_string}\"},\"query-input\":{\"@type\":\"PropertyValueSpecification\",\"valueRequired\":true,\"valueName\":\"search_term_string\"}}],\"inLanguage\":\"en-US\"},{\"@type\":\"Organization\",\"@id\":\"https:\\\/\\\/isaute.ca\\\/#organization\",\"name\":\"iSaute\",\"url\":\"https:\\\/\\\/isaute.ca\\\/\",\"logo\":{\"@type\":\"ImageObject\",\"inLanguage\":\"en-US\",\"@id\":\"https:\\\/\\\/isaute.ca\\\/#\\\/schema\\\/logo\\\/image\\\/\",\"url\":\"https:\\\/\\\/isaute.ca\\\/wp-content\\\/uploads\\\/2024\\\/05\\\/isaute-logo-white.svg\",\"contentUrl\":\"https:\\\/\\\/isaute.ca\\\/wp-content\\\/uploads\\\/2024\\\/05\\\/isaute-logo-white.svg\",\"caption\":\"iSaute\"},\"image\":{\"@id\":\"https:\\\/\\\/isaute.ca\\\/#\\\/schema\\\/logo\\\/image\\\/\"}}]}<\/script>\n<!-- \/ Yoast SEO plugin. -->","yoast_head_json":{"title":"Visite virtuelle - iSaute","robots":{"index":"index","follow":"follow","max-snippet":"max-snippet:-1","max-image-preview":"max-image-preview:large","max-video-preview":"max-video-preview:-1"},"canonical":"https:\/\/isaute.ca\/en\/virtual-tour\/","og_locale":"en_US","og_type":"article","og_title":"Visite virtuelle - iSaute","og_description":"Trouvez les r\u00e9ponses aux questions fr\u00e9quemment pos\u00e9es. Si vous n'avez toujours pas de r\u00e9ponse \u00e0 vos questions, n'h\u00e9sitez pas \u00e0 nous contacter !","og_url":"https:\/\/isaute.ca\/en\/virtual-tour\/","og_site_name":"iSaute","article_modified_time":"2025-07-30T15:34:11+00:00","twitter_card":"summary_large_image","twitter_misc":{"Est. reading time":"2 minutes"},"schema":{"@context":"https:\/\/schema.org","@graph":[{"@type":"WebPage","@id":"https:\/\/isaute.ca\/visite-virtuelle\/","url":"https:\/\/isaute.ca\/visite-virtuelle\/","name":"Visite virtuelle - iSaute","isPartOf":{"@id":"https:\/\/isaute.ca\/#website"},"datePublished":"2024-07-31T12:37:18+00:00","dateModified":"2025-07-30T15:34:11+00:00","breadcrumb":{"@id":"https:\/\/isaute.ca\/visite-virtuelle\/#breadcrumb"},"inLanguage":"en-US","potentialAction":[{"@type":"ReadAction","target":["https:\/\/isaute.ca\/visite-virtuelle\/"]}]},{"@type":"BreadcrumbList","@id":"https:\/\/isaute.ca\/visite-virtuelle\/#breadcrumb","itemListElement":[{"@type":"ListItem","position":1,"name":"Home","item":"https:\/\/isaute.ca\/"},{"@type":"ListItem","position":2,"name":"Visite virtuelle"}]},{"@type":"WebSite","@id":"https:\/\/isaute.ca\/#website","url":"https:\/\/isaute.ca\/","name":"iSaute","description":"Amusement Parks","publisher":{"@id":"https:\/\/isaute.ca\/#organization"},"potentialAction":[{"@type":"SearchAction","target":{"@type":"EntryPoint","urlTemplate":"https:\/\/isaute.ca\/?s={search_term_string}"},"query-input":{"@type":"PropertyValueSpecification","valueRequired":true,"valueName":"search_term_string"}}],"inLanguage":"en-US"},{"@type":"Organization","@id":"https:\/\/isaute.ca\/#organization","name":"iSaute","url":"https:\/\/isaute.ca\/","logo":{"@type":"ImageObject","inLanguage":"en-US","@id":"https:\/\/isaute.ca\/#\/schema\/logo\/image\/","url":"https:\/\/isaute.ca\/wp-content\/uploads\/2024\/05\/isaute-logo-white.svg","contentUrl":"https:\/\/isaute.ca\/wp-content\/uploads\/2024\/05\/isaute-logo-white.svg","caption":"iSaute"},"image":{"@id":"https:\/\/isaute.ca\/#\/schema\/logo\/image\/"}}]}},"_links":{"self":[{"href":"https:\/\/isaute.ca\/en\/wp-json\/wp\/v2\/pages\/54421","targetHints":{"allow":["GET"]}}],"collection":[{"href":"https:\/\/isaute.ca\/en\/wp-json\/wp\/v2\/pages"}],"about":[{"href":"https:\/\/isaute.ca\/en\/wp-json\/wp\/v2\/types\/page"}],"author":[{"embeddable":true,"href":"https:\/\/isaute.ca\/en\/wp-json\/wp\/v2\/users\/13"}],"replies":[{"embeddable":true,"href":"https:\/\/isaute.ca\/en\/wp-json\/wp\/v2\/comments?post=54421"}],"version-history":[{"count":0,"href":"https:\/\/isaute.ca\/en\/wp-json\/wp\/v2\/pages\/54421\/revisions"}],"wp:attachment":[{"href":"https:\/\/isaute.ca\/en\/wp-json\/wp\/v2\/media?parent=54421"}],"curies":[{"name":"wp","href":"https:\/\/api.w.org\/{rel}","templated":true}]}}