{"id":52968,"date":"2024-06-13T05:15:53","date_gmt":"2024-06-13T12:15:53","guid":{"rendered":"https:\/\/isaute.ca\/?page_id=52968"},"modified":"2025-11-21T11:06:04","modified_gmt":"2025-11-21T19:06:04","slug":"groups-and-events","status":"publish","type":"page","link":"https:\/\/isaute.ca\/en\/groups-and-events\/","title":{"rendered":"Groups and Events"},"content":{"rendered":"<h3><strong>EXPERIENCE EMOTION EVERY DAY AT iSAUTE!<\/strong><\/h3>\n<p>Restez \u00e0 jour avec nos \u00e9v\u00e9nements dynamiques et vivez des exp\u00e9riences uniques tous les jours dans les parcs iSaute! Qu&rsquo;il s&rsquo;agisse d&rsquo;un rassemblement de groupe, un camp d&rsquo;\u00e9t\u00e9, une sortie \u00e9ducative ou une collecte de fonds, nos parcs accueillent des groupes de tous \u00e2ges. Profitez d&rsquo;une gamme d&rsquo;activit\u00e9s excitantes qui cr\u00e9ent des souvenirs inoubliables et favorisent la forme physique.<\/p>\n<p><strong>Choose your park to purchase:<\/strong><\/p>\n\t\t\t<a href=\"\/en\/anjou\/anjou-groupes-evenements\/\" target=\"_self\">\n\t\t\t\t\t\t\tAnjou\n\t\t\t\t\t<\/a>\n\t\t\t<a href=\"\/en\/brossard\/brossard-groupes-evenements\/\" target=\"_self\">\n\t\t\t\t\t\t\tBrossard\n\t\t\t\t\t<\/a>\n\t\t\t<a href=\"\/en\/kirkland\/kirkland-groupes-evenements\/\" target=\"_self\">\n\t\t\t\t\t\t\tKirkland\n\t\t\t\t\t<\/a>\n\t\t\t<a href=\"\/en\/laval\/laval-groupes-evenements\/\" target=\"_self\">\n\t\t\t\t\t\t\tLaval\n\t\t\t\t\t<\/a>\n\t\t\t<a href=\"\/en\/quebec\/quebec-groupes-evenements\/\" target=\"_self\">\n\t\t\t\t\t\t\tQuebec\n\t\t\t\t\t<\/a>","protected":false},"excerpt":{"rendered":"<p>VIVEZ DES \u00c9MOTIONS TOUS LES JOURS CHEZ iSAUTE! Restez \u00e0 jour avec nos \u00e9v\u00e9nements dynamiques et vivez des exp\u00e9riences uniques tous les jours dans les parcs iSaute! Qu&rsquo;il s&rsquo;agisse d&rsquo;un rassemblement de groupe, un camp d&rsquo;\u00e9t\u00e9, une sortie \u00e9ducative ou une collecte de fonds, nos parcs accueillent des groupes de tous \u00e2ges. Profitez d&rsquo;une gamme [&hellip;]<\/p>","protected":false},"author":13,"featured_media":54812,"parent":0,"menu_order":1,"comment_status":"closed","ping_status":"closed","template":"","meta":{"_acf_changed":false,"site-sidebar-layout":"no-sidebar","site-content-layout":"page-builder","ast-site-content-layout":"default","site-content-style":"default","site-sidebar-style":"default","ast-global-header-display":"","ast-banner-title-visibility":"","ast-main-header-display":"","ast-hfb-above-header-display":"","ast-hfb-below-header-display":"","ast-hfb-mobile-header-display":"","site-post-title":"disabled","ast-breadcrumbs-content":"","ast-featured-img":"disabled","footer-sml-layout":"","ast-disable-related-posts":"","theme-transparent-header-meta":"","adv-header-id-meta":"","stick-header-meta":"","header-above-stick-meta":"","header-main-stick-meta":"","header-below-stick-meta":"","astra-migrate-meta-layouts":"default","ast-page-background-enabled":"default","ast-page-background-meta":{"desktop":{"background-color":"var(--ast-global-color-4)","background-image":"","background-repeat":"repeat","background-position":"center center","background-size":"auto","background-attachment":"scroll","background-type":"","background-media":"","overlay-type":"","overlay-color":"","overlay-opacity":"","overlay-gradient":""},"tablet":{"background-color":"","background-image":"","background-repeat":"repeat","background-position":"center center","background-size":"auto","background-attachment":"scroll","background-type":"","background-media":"","overlay-type":"","overlay-color":"","overlay-opacity":"","overlay-gradient":""},"mobile":{"background-color":"","background-image":"","background-repeat":"repeat","background-position":"center center","background-size":"auto","background-attachment":"scroll","background-type":"","background-media":"","overlay-type":"","overlay-color":"","overlay-opacity":"","overlay-gradient":""}},"ast-content-background-meta":{"desktop":{"background-color":"var(--ast-global-color-5)","background-image":"","background-repeat":"repeat","background-position":"center center","background-size":"auto","background-attachment":"scroll","background-type":"","background-media":"","overlay-type":"","overlay-color":"","overlay-opacity":"","overlay-gradient":""},"tablet":{"background-color":"var(--ast-global-color-5)","background-image":"","background-repeat":"repeat","background-position":"center center","background-size":"auto","background-attachment":"scroll","background-type":"","background-media":"","overlay-type":"","overlay-color":"","overlay-opacity":"","overlay-gradient":""},"mobile":{"background-color":"var(--ast-global-color-5)","background-image":"","background-repeat":"repeat","background-position":"center center","background-size":"auto","background-attachment":"scroll","background-type":"","background-media":"","overlay-type":"","overlay-color":"","overlay-opacity":"","overlay-gradient":""}},"footnotes":""},"class_list":["post-52968","page","type-page","status-publish","has-post-thumbnail","hentry"],"acf":[],"yoast_head":"<!-- This site is optimized with the Yoast SEO plugin v27.3 - https:\/\/yoast.com\/product\/yoast-seo-wordpress\/ -->\n<title>Groupes et \u00e9v\u00e9nements - iSaute<\/title>\n<meta name=\"robots\" content=\"index, follow, max-snippet:-1, max-image-preview:large, max-video-preview:-1\" \/>\n<link rel=\"canonical\" href=\"https:\/\/isaute.ca\/en\/groups-and-events\/\" \/>\n<meta property=\"og:locale\" content=\"en_US\" \/>\n<meta property=\"og:type\" content=\"article\" \/>\n<meta property=\"og:title\" content=\"Groupes et \u00e9v\u00e9nements - iSaute\" \/>\n<meta property=\"og:description\" content=\"VIVEZ DES \u00c9MOTIONS TOUS LES JOURS CHEZ iSAUTE! Restez \u00e0 jour avec nos \u00e9v\u00e9nements dynamiques et vivez des exp\u00e9riences uniques tous les jours dans les parcs iSaute! Qu&rsquo;il s&rsquo;agisse d&rsquo;un rassemblement de groupe, un camp d&rsquo;\u00e9t\u00e9, une sortie \u00e9ducative ou une collecte de fonds, nos parcs accueillent des groupes de tous \u00e2ges. Profitez d&rsquo;une gamme [&hellip;]\" \/>\n<meta property=\"og:url\" content=\"https:\/\/isaute.ca\/en\/groups-and-events\/\" \/>\n<meta property=\"og:site_name\" content=\"iSaute\" \/>\n<meta property=\"article:modified_time\" content=\"2025-11-21T19:06:04+00:00\" \/>\n<meta property=\"og:image\" content=\"https:\/\/isaute.ca\/wp-content\/uploads\/2024\/03\/230406_iSaute_v2_0101-1024x683.jpg\" \/>\n\t<meta property=\"og:image:width\" content=\"1024\" \/>\n\t<meta property=\"og:image:height\" content=\"683\" \/>\n\t<meta property=\"og:image:type\" content=\"image\/jpeg\" \/>\n<meta name=\"twitter:card\" content=\"summary_large_image\" \/>\n<meta name=\"twitter:label1\" content=\"Est. reading time\" \/>\n\t<meta name=\"twitter:data1\" content=\"1 minute\" \/>\n<script type=\"application\/ld+json\" class=\"yoast-schema-graph\">{\"@context\":\"https:\\\/\\\/schema.org\",\"@graph\":[{\"@type\":\"WebPage\",\"@id\":\"https:\\\/\\\/isaute.ca\\\/groupes-evenements\\\/\",\"url\":\"https:\\\/\\\/isaute.ca\\\/groupes-evenements\\\/\",\"name\":\"Groupes et \u00e9v\u00e9nements - iSaute\",\"isPartOf\":{\"@id\":\"https:\\\/\\\/isaute.ca\\\/#website\"},\"primaryImageOfPage\":{\"@id\":\"https:\\\/\\\/isaute.ca\\\/groupes-evenements\\\/#primaryimage\"},\"image\":{\"@id\":\"https:\\\/\\\/isaute.ca\\\/groupes-evenements\\\/#primaryimage\"},\"thumbnailUrl\":\"https:\\\/\\\/isaute.ca\\\/wp-content\\\/uploads\\\/2024\\\/03\\\/230406_iSaute_v2_0101-scaled.jpg\",\"datePublished\":\"2024-06-13T12:15:53+00:00\",\"dateModified\":\"2025-11-21T19:06:04+00:00\",\"breadcrumb\":{\"@id\":\"https:\\\/\\\/isaute.ca\\\/groupes-evenements\\\/#breadcrumb\"},\"inLanguage\":\"en-US\",\"potentialAction\":[{\"@type\":\"ReadAction\",\"target\":[\"https:\\\/\\\/isaute.ca\\\/groupes-evenements\\\/\"]}]},{\"@type\":\"ImageObject\",\"inLanguage\":\"en-US\",\"@id\":\"https:\\\/\\\/isaute.ca\\\/groupes-evenements\\\/#primaryimage\",\"url\":\"https:\\\/\\\/isaute.ca\\\/wp-content\\\/uploads\\\/2024\\\/03\\\/230406_iSaute_v2_0101-scaled.jpg\",\"contentUrl\":\"https:\\\/\\\/isaute.ca\\\/wp-content\\\/uploads\\\/2024\\\/03\\\/230406_iSaute_v2_0101-scaled.jpg\",\"width\":2560,\"height\":1707},{\"@type\":\"BreadcrumbList\",\"@id\":\"https:\\\/\\\/isaute.ca\\\/groupes-evenements\\\/#breadcrumb\",\"itemListElement\":[{\"@type\":\"ListItem\",\"position\":1,\"name\":\"Home\",\"item\":\"https:\\\/\\\/isaute.ca\\\/\"},{\"@type\":\"ListItem\",\"position\":2,\"name\":\"Groupes et \u00e9v\u00e9nements\"}]},{\"@type\":\"WebSite\",\"@id\":\"https:\\\/\\\/isaute.ca\\\/#website\",\"url\":\"https:\\\/\\\/isaute.ca\\\/\",\"name\":\"iSaute\",\"description\":\"Amusement Parks\",\"publisher\":{\"@id\":\"https:\\\/\\\/isaute.ca\\\/#organization\"},\"potentialAction\":[{\"@type\":\"SearchAction\",\"target\":{\"@type\":\"EntryPoint\",\"urlTemplate\":\"https:\\\/\\\/isaute.ca\\\/?s={search_term_string}\"},\"query-input\":{\"@type\":\"PropertyValueSpecification\",\"valueRequired\":true,\"valueName\":\"search_term_string\"}}],\"inLanguage\":\"en-US\"},{\"@type\":\"Organization\",\"@id\":\"https:\\\/\\\/isaute.ca\\\/#organization\",\"name\":\"iSaute\",\"url\":\"https:\\\/\\\/isaute.ca\\\/\",\"logo\":{\"@type\":\"ImageObject\",\"inLanguage\":\"en-US\",\"@id\":\"https:\\\/\\\/isaute.ca\\\/#\\\/schema\\\/logo\\\/image\\\/\",\"url\":\"https:\\\/\\\/isaute.ca\\\/wp-content\\\/uploads\\\/2024\\\/05\\\/isaute-logo-white.svg\",\"contentUrl\":\"https:\\\/\\\/isaute.ca\\\/wp-content\\\/uploads\\\/2024\\\/05\\\/isaute-logo-white.svg\",\"caption\":\"iSaute\"},\"image\":{\"@id\":\"https:\\\/\\\/isaute.ca\\\/#\\\/schema\\\/logo\\\/image\\\/\"}}]}<\/script>\n<!-- \/ Yoast SEO plugin. -->","yoast_head_json":{"title":"Groupes et \u00e9v\u00e9nements - iSaute","robots":{"index":"index","follow":"follow","max-snippet":"max-snippet:-1","max-image-preview":"max-image-preview:large","max-video-preview":"max-video-preview:-1"},"canonical":"https:\/\/isaute.ca\/en\/groups-and-events\/","og_locale":"en_US","og_type":"article","og_title":"Groupes et \u00e9v\u00e9nements - iSaute","og_description":"VIVEZ DES \u00c9MOTIONS TOUS LES JOURS CHEZ iSAUTE! Restez \u00e0 jour avec nos \u00e9v\u00e9nements dynamiques et vivez des exp\u00e9riences uniques tous les jours dans les parcs iSaute! Qu&rsquo;il s&rsquo;agisse d&rsquo;un rassemblement de groupe, un camp d&rsquo;\u00e9t\u00e9, une sortie \u00e9ducative ou une collecte de fonds, nos parcs accueillent des groupes de tous \u00e2ges. Profitez d&rsquo;une gamme [&hellip;]","og_url":"https:\/\/isaute.ca\/en\/groups-and-events\/","og_site_name":"iSaute","article_modified_time":"2025-11-21T19:06:04+00:00","og_image":[{"width":1024,"height":683,"url":"https:\/\/isaute.ca\/wp-content\/uploads\/2024\/03\/230406_iSaute_v2_0101-1024x683.jpg","type":"image\/jpeg"}],"twitter_card":"summary_large_image","twitter_misc":{"Est. reading time":"1 minute"},"schema":{"@context":"https:\/\/schema.org","@graph":[{"@type":"WebPage","@id":"https:\/\/isaute.ca\/groupes-evenements\/","url":"https:\/\/isaute.ca\/groupes-evenements\/","name":"Groupes et \u00e9v\u00e9nements - iSaute","isPartOf":{"@id":"https:\/\/isaute.ca\/#website"},"primaryImageOfPage":{"@id":"https:\/\/isaute.ca\/groupes-evenements\/#primaryimage"},"image":{"@id":"https:\/\/isaute.ca\/groupes-evenements\/#primaryimage"},"thumbnailUrl":"https:\/\/isaute.ca\/wp-content\/uploads\/2024\/03\/230406_iSaute_v2_0101-scaled.jpg","datePublished":"2024-06-13T12:15:53+00:00","dateModified":"2025-11-21T19:06:04+00:00","breadcrumb":{"@id":"https:\/\/isaute.ca\/groupes-evenements\/#breadcrumb"},"inLanguage":"en-US","potentialAction":[{"@type":"ReadAction","target":["https:\/\/isaute.ca\/groupes-evenements\/"]}]},{"@type":"ImageObject","inLanguage":"en-US","@id":"https:\/\/isaute.ca\/groupes-evenements\/#primaryimage","url":"https:\/\/isaute.ca\/wp-content\/uploads\/2024\/03\/230406_iSaute_v2_0101-scaled.jpg","contentUrl":"https:\/\/isaute.ca\/wp-content\/uploads\/2024\/03\/230406_iSaute_v2_0101-scaled.jpg","width":2560,"height":1707},{"@type":"BreadcrumbList","@id":"https:\/\/isaute.ca\/groupes-evenements\/#breadcrumb","itemListElement":[{"@type":"ListItem","position":1,"name":"Home","item":"https:\/\/isaute.ca\/"},{"@type":"ListItem","position":2,"name":"Groupes et \u00e9v\u00e9nements"}]},{"@type":"WebSite","@id":"https:\/\/isaute.ca\/#website","url":"https:\/\/isaute.ca\/","name":"iSaute","description":"Amusement Parks","publisher":{"@id":"https:\/\/isaute.ca\/#organization"},"potentialAction":[{"@type":"SearchAction","target":{"@type":"EntryPoint","urlTemplate":"https:\/\/isaute.ca\/?s={search_term_string}"},"query-input":{"@type":"PropertyValueSpecification","valueRequired":true,"valueName":"search_term_string"}}],"inLanguage":"en-US"},{"@type":"Organization","@id":"https:\/\/isaute.ca\/#organization","name":"iSaute","url":"https:\/\/isaute.ca\/","logo":{"@type":"ImageObject","inLanguage":"en-US","@id":"https:\/\/isaute.ca\/#\/schema\/logo\/image\/","url":"https:\/\/isaute.ca\/wp-content\/uploads\/2024\/05\/isaute-logo-white.svg","contentUrl":"https:\/\/isaute.ca\/wp-content\/uploads\/2024\/05\/isaute-logo-white.svg","caption":"iSaute"},"image":{"@id":"https:\/\/isaute.ca\/#\/schema\/logo\/image\/"}}]}},"_links":{"self":[{"href":"https:\/\/isaute.ca\/en\/wp-json\/wp\/v2\/pages\/52968","targetHints":{"allow":["GET"]}}],"collection":[{"href":"https:\/\/isaute.ca\/en\/wp-json\/wp\/v2\/pages"}],"about":[{"href":"https:\/\/isaute.ca\/en\/wp-json\/wp\/v2\/types\/page"}],"author":[{"embeddable":true,"href":"https:\/\/isaute.ca\/en\/wp-json\/wp\/v2\/users\/13"}],"replies":[{"embeddable":true,"href":"https:\/\/isaute.ca\/en\/wp-json\/wp\/v2\/comments?post=52968"}],"version-history":[{"count":0,"href":"https:\/\/isaute.ca\/en\/wp-json\/wp\/v2\/pages\/52968\/revisions"}],"wp:featuredmedia":[{"embeddable":true,"href":"https:\/\/isaute.ca\/en\/wp-json\/wp\/v2\/media\/54812"}],"wp:attachment":[{"href":"https:\/\/isaute.ca\/en\/wp-json\/wp\/v2\/media?parent=52968"}],"curies":[{"name":"wp","href":"https:\/\/api.w.org\/{rel}","templated":true}]}}