{"id":2318,"date":"2024-05-15T12:29:37","date_gmt":"2024-05-15T19:29:37","guid":{"rendered":"https:\/\/isaute.ca\/?page_id=2318"},"modified":"2025-03-25T11:26:59","modified_gmt":"2025-03-25T18:26:59","slug":"careers","status":"publish","type":"page","link":"https:\/\/isaute.ca\/en\/careers\/","title":{"rendered":"Careers"},"content":{"rendered":"<img decoding=\"async\" src=\"https:\/\/isaute.ca\/wp-content\/uploads\/2024\/08\/MicrosoftTeams-image-390.jpg\" alt=\"MicrosoftTeams-image (390)\" itemprop=\"image\" height=\"1500\" width=\"2000\" title=\"MicrosoftTeams-image (390)\" onerror=\"this.style.display='none'\"  \/>\n\t<h3>Join our team<\/h3>\n<p>We are always looking for motivated and energetic individuals to join our team!<\/p>\n<p>Les avantages de travailler chez iSaute&#8230;<\/p>\n<ul>\n<li>Flexible schedule<\/li>\n<li>Job training<\/li>\n<li>Learn leadership skills<\/li>\n<li>Opportunities for management position<\/li>\n<\/ul>\n<p>Check back often for available opportunities!<\/p>\n<h3>\n\t\tAvailable jobs\n\t<\/h3>\n\t<div id='wufoo-m1hvpnmo0ibex8v'>\nFill out my <a href='https:\/\/velocityairsports.wufoo.com\/forms\/m1hvpnmo0ibex8v'>online form<\/a>.\n<\/div>\n<script type='text\/javascript'>var m1hvpnmo0ibex8v;(function(d, t) {\nvar s = d.createElement(t), options = {\n'userName'      : 'velocityairsports',    \n'formHash'      : 'm1hvpnmo0ibex8v',    \n'autoResize'    :  true,   \n'height'        : '2122',      \n'async'         :  true,          \n'header'        : 'show',      \n'host'          : 'wufoo.com',    \n'entSource'     : 'wordpress',   \n'defaultValues' : ''     \n,'ssl'          :  1           };\ns.src = ('https:' == d.location.protocol ? 'https:\/\/' : 'http:\/\/') + 'secure.wufoo.com\/scripts\/embed\/form.js';\ns.onload = s.onreadystatechange = function() {\nvar rs = this.readyState; if (rs) if (rs != 'complete') if (rs != 'loaded') return;\ntry { m1hvpnmo0ibex8v = new WufooForm();m1hvpnmo0ibex8v.initialize(options);m1hvpnmo0ibex8v.display(); } catch (e) {}}\nvar scr = d.getElementsByTagName(t)[0], par = scr.parentNode; par.insertBefore(s, scr);\n})(document, 'script');<\/script> <noscript> <iframe height=\"2122\" allowtransparency=\"true\" sandbox=\"allow-top-navigation allow-scripts allow-popups allow-forms allow-same-origin allow-popups-to-escape-sandbox\" frameborder=\"0\" scrolling=\"no\" style=\"width:100%;border:none;\"src=\"https:\/\/velocityairsports.wufoo.com\/embed\/m1hvpnmo0ibex8v?entsource=wordpress\"><a href=\"https:\/\/velocityairsports.wufoo.com\/forms\/m1hvpnmo0ibex8v?entsource=wordpress\" rel=\"nofollow\">Fill out my Wufoo form!<\/a><\/iframe> <\/noscript>\n\t<div id='wufoo-m6t06mg06bhwd9'>\nFill out my <a href='https:\/\/velocityairsports.wufoo.com\/forms\/m6t06mg06bhwd9'>online form<\/a>.\n<\/div>\n<script type='text\/javascript'>var m6t06mg06bhwd9;(function(d, t) {\nvar s = d.createElement(t), options = {\n'userName'      : 'velocityairsports',    \n'formHash'      : 'm6t06mg06bhwd9',    \n'autoResize'    :  true,   \n'height'        : '2385',      \n'async'         :  true,          \n'header'        : 'show',      \n'host'          : 'wufoo.com',    \n'entSource'     : 'wordpress',   \n'defaultValues' : ''     \n,'ssl'          :  1           };\ns.src = ('https:' == d.location.protocol ? 'https:\/\/' : 'http:\/\/') + 'secure.wufoo.com\/scripts\/embed\/form.js';\ns.onload = s.onreadystatechange = function() {\nvar rs = this.readyState; if (rs) if (rs != 'complete') if (rs != 'loaded') return;\ntry { m6t06mg06bhwd9 = new WufooForm();m6t06mg06bhwd9.initialize(options);m6t06mg06bhwd9.display(); } catch (e) {}}\nvar scr = d.getElementsByTagName(t)[0], par = scr.parentNode; par.insertBefore(s, scr);\n})(document, 'script');<\/script> <noscript> <iframe height=\"2385\" allowtransparency=\"true\" sandbox=\"allow-top-navigation allow-scripts allow-popups allow-forms allow-same-origin allow-popups-to-escape-sandbox\" frameborder=\"0\" scrolling=\"no\" style=\"width:100%;border:none;\"src=\"https:\/\/velocityairsports.wufoo.com\/embed\/m6t06mg06bhwd9?entsource=wordpress\"><a href=\"https:\/\/velocityairsports.wufoo.com\/forms\/m6t06mg06bhwd9?entsource=wordpress\" rel=\"nofollow\">Fill out my Wufoo form!<\/a><\/iframe> <\/noscript>","protected":false},"excerpt":{"rendered":"<p>Rejoignez notre \u00e9quipe Nous sommes toujours \u00e0 la recherche de personnes motiv\u00e9es et \u00e9nergiques pour rejoindre notre \u00e9quipe! Les avantages de travailler chez iSaute&#8230; Horaire flexible Formation des employ\u00e9s Acqu\u00e9rir des comp\u00e9tences en leadership Des opportunit\u00e9s de postes de direction Consultez notre site r\u00e9guli\u00e8rement pour d\u00e9couvrir les postes disponibles! Postes disponibles<\/p>","protected":false},"author":13,"featured_media":54943,"parent":0,"menu_order":9,"comment_status":"closed","ping_status":"closed","template":"","meta":{"_acf_changed":false,"site-sidebar-layout":"default","site-content-layout":"","ast-site-content-layout":"default","site-content-style":"default","site-sidebar-style":"default","ast-global-header-display":"","ast-banner-title-visibility":"","ast-main-header-display":"","ast-hfb-above-header-display":"","ast-hfb-below-header-display":"","ast-hfb-mobile-header-display":"","site-post-title":"","ast-breadcrumbs-content":"","ast-featured-img":"","footer-sml-layout":"","ast-disable-related-posts":"","theme-transparent-header-meta":"","adv-header-id-meta":"","stick-header-meta":"","header-above-stick-meta":"","header-main-stick-meta":"","header-below-stick-meta":"","astra-migrate-meta-layouts":"set","ast-page-background-enabled":"default","ast-page-background-meta":{"desktop":{"background-color":"var(--ast-global-color-4)","background-image":"","background-repeat":"repeat","background-position":"center center","background-size":"auto","background-attachment":"scroll","background-type":"","background-media":"","overlay-type":"","overlay-color":"","overlay-opacity":"","overlay-gradient":""},"tablet":{"background-color":"","background-image":"","background-repeat":"repeat","background-position":"center center","background-size":"auto","background-attachment":"scroll","background-type":"","background-media":"","overlay-type":"","overlay-color":"","overlay-opacity":"","overlay-gradient":""},"mobile":{"background-color":"","background-image":"","background-repeat":"repeat","background-position":"center center","background-size":"auto","background-attachment":"scroll","background-type":"","background-media":"","overlay-type":"","overlay-color":"","overlay-opacity":"","overlay-gradient":""}},"ast-content-background-meta":{"desktop":{"background-color":"var(--ast-global-color-5)","background-image":"","background-repeat":"repeat","background-position":"center center","background-size":"auto","background-attachment":"scroll","background-type":"","background-media":"","overlay-type":"","overlay-color":"","overlay-opacity":"","overlay-gradient":""},"tablet":{"background-color":"var(--ast-global-color-5)","background-image":"","background-repeat":"repeat","background-position":"center center","background-size":"auto","background-attachment":"scroll","background-type":"","background-media":"","overlay-type":"","overlay-color":"","overlay-opacity":"","overlay-gradient":""},"mobile":{"background-color":"var(--ast-global-color-5)","background-image":"","background-repeat":"repeat","background-position":"center center","background-size":"auto","background-attachment":"scroll","background-type":"","background-media":"","overlay-type":"","overlay-color":"","overlay-opacity":"","overlay-gradient":""}},"footnotes":""},"class_list":["post-2318","page","type-page","status-publish","has-post-thumbnail","hentry"],"acf":[],"yoast_head":"<!-- This site is optimized with the Yoast SEO plugin v27.3 - https:\/\/yoast.com\/product\/yoast-seo-wordpress\/ -->\n<title>Carri\u00e8re - iSaute<\/title>\n<meta name=\"description\" content=\"Faite carri\u00e8re chez nous - Centre de trampoline | iSaute\" \/>\n<meta name=\"robots\" content=\"index, follow, max-snippet:-1, max-image-preview:large, max-video-preview:-1\" \/>\n<link rel=\"canonical\" href=\"https:\/\/isaute.ca\/en\/careers\/\" \/>\n<meta property=\"og:locale\" content=\"en_US\" \/>\n<meta property=\"og:type\" content=\"article\" \/>\n<meta property=\"og:title\" content=\"Carri\u00e8re - iSaute\" \/>\n<meta property=\"og:description\" content=\"Faite carri\u00e8re chez nous - Centre de trampoline | iSaute\" \/>\n<meta property=\"og:url\" content=\"https:\/\/isaute.ca\/en\/careers\/\" \/>\n<meta property=\"og:site_name\" content=\"iSaute\" \/>\n<meta property=\"article:modified_time\" content=\"2025-03-25T18:26:59+00:00\" \/>\n<meta property=\"og:image\" content=\"https:\/\/isaute.ca\/wp-content\/uploads\/2024\/08\/iSaute_Carrer-page-hero.jpg\" \/>\n\t<meta property=\"og:image:width\" content=\"1920\" \/>\n\t<meta property=\"og:image:height\" content=\"1080\" \/>\n\t<meta property=\"og:image:type\" content=\"image\/jpeg\" \/>\n<meta name=\"twitter:card\" content=\"summary_large_image\" \/>\n<meta name=\"twitter:label1\" content=\"Est. reading time\" \/>\n\t<meta name=\"twitter:data1\" content=\"1 minute\" \/>\n<script type=\"application\/ld+json\" class=\"yoast-schema-graph\">{\"@context\":\"https:\\\/\\\/schema.org\",\"@graph\":[{\"@type\":\"WebPage\",\"@id\":\"https:\\\/\\\/isaute.ca\\\/carrieres\\\/\",\"url\":\"https:\\\/\\\/isaute.ca\\\/carrieres\\\/\",\"name\":\"Carri\u00e8re - iSaute\",\"isPartOf\":{\"@id\":\"https:\\\/\\\/isaute.ca\\\/#website\"},\"primaryImageOfPage\":{\"@id\":\"https:\\\/\\\/isaute.ca\\\/carrieres\\\/#primaryimage\"},\"image\":{\"@id\":\"https:\\\/\\\/isaute.ca\\\/carrieres\\\/#primaryimage\"},\"thumbnailUrl\":\"https:\\\/\\\/isaute.ca\\\/wp-content\\\/uploads\\\/2024\\\/08\\\/iSaute_Carrer-page-hero.jpg\",\"datePublished\":\"2024-05-15T19:29:37+00:00\",\"dateModified\":\"2025-03-25T18:26:59+00:00\",\"description\":\"Faite carri\u00e8re chez nous - Centre de trampoline | iSaute\",\"breadcrumb\":{\"@id\":\"https:\\\/\\\/isaute.ca\\\/carrieres\\\/#breadcrumb\"},\"inLanguage\":\"en-US\",\"potentialAction\":[{\"@type\":\"ReadAction\",\"target\":[\"https:\\\/\\\/isaute.ca\\\/carrieres\\\/\"]}]},{\"@type\":\"ImageObject\",\"inLanguage\":\"en-US\",\"@id\":\"https:\\\/\\\/isaute.ca\\\/carrieres\\\/#primaryimage\",\"url\":\"https:\\\/\\\/isaute.ca\\\/wp-content\\\/uploads\\\/2024\\\/08\\\/iSaute_Carrer-page-hero.jpg\",\"contentUrl\":\"https:\\\/\\\/isaute.ca\\\/wp-content\\\/uploads\\\/2024\\\/08\\\/iSaute_Carrer-page-hero.jpg\",\"width\":1920,\"height\":1080},{\"@type\":\"BreadcrumbList\",\"@id\":\"https:\\\/\\\/isaute.ca\\\/carrieres\\\/#breadcrumb\",\"itemListElement\":[{\"@type\":\"ListItem\",\"position\":1,\"name\":\"Home\",\"item\":\"https:\\\/\\\/isaute.ca\\\/\"},{\"@type\":\"ListItem\",\"position\":2,\"name\":\"Carri\u00e8re\"}]},{\"@type\":\"WebSite\",\"@id\":\"https:\\\/\\\/isaute.ca\\\/#website\",\"url\":\"https:\\\/\\\/isaute.ca\\\/\",\"name\":\"iSaute\",\"description\":\"Amusement Parks\",\"publisher\":{\"@id\":\"https:\\\/\\\/isaute.ca\\\/#organization\"},\"potentialAction\":[{\"@type\":\"SearchAction\",\"target\":{\"@type\":\"EntryPoint\",\"urlTemplate\":\"https:\\\/\\\/isaute.ca\\\/?s={search_term_string}\"},\"query-input\":{\"@type\":\"PropertyValueSpecification\",\"valueRequired\":true,\"valueName\":\"search_term_string\"}}],\"inLanguage\":\"en-US\"},{\"@type\":\"Organization\",\"@id\":\"https:\\\/\\\/isaute.ca\\\/#organization\",\"name\":\"iSaute\",\"url\":\"https:\\\/\\\/isaute.ca\\\/\",\"logo\":{\"@type\":\"ImageObject\",\"inLanguage\":\"en-US\",\"@id\":\"https:\\\/\\\/isaute.ca\\\/#\\\/schema\\\/logo\\\/image\\\/\",\"url\":\"https:\\\/\\\/isaute.ca\\\/wp-content\\\/uploads\\\/2024\\\/05\\\/isaute-logo-white.svg\",\"contentUrl\":\"https:\\\/\\\/isaute.ca\\\/wp-content\\\/uploads\\\/2024\\\/05\\\/isaute-logo-white.svg\",\"caption\":\"iSaute\"},\"image\":{\"@id\":\"https:\\\/\\\/isaute.ca\\\/#\\\/schema\\\/logo\\\/image\\\/\"}}]}<\/script>\n<!-- \/ Yoast SEO plugin. -->","yoast_head_json":{"title":"Carri\u00e8re - iSaute","description":"Faite carri\u00e8re chez nous - Centre de trampoline | iSaute","robots":{"index":"index","follow":"follow","max-snippet":"max-snippet:-1","max-image-preview":"max-image-preview:large","max-video-preview":"max-video-preview:-1"},"canonical":"https:\/\/isaute.ca\/en\/careers\/","og_locale":"en_US","og_type":"article","og_title":"Carri\u00e8re - iSaute","og_description":"Faite carri\u00e8re chez nous - Centre de trampoline | iSaute","og_url":"https:\/\/isaute.ca\/en\/careers\/","og_site_name":"iSaute","article_modified_time":"2025-03-25T18:26:59+00:00","og_image":[{"width":1920,"height":1080,"url":"https:\/\/isaute.ca\/wp-content\/uploads\/2024\/08\/iSaute_Carrer-page-hero.jpg","type":"image\/jpeg"}],"twitter_card":"summary_large_image","twitter_misc":{"Est. reading time":"1 minute"},"schema":{"@context":"https:\/\/schema.org","@graph":[{"@type":"WebPage","@id":"https:\/\/isaute.ca\/carrieres\/","url":"https:\/\/isaute.ca\/carrieres\/","name":"Carri\u00e8re - iSaute","isPartOf":{"@id":"https:\/\/isaute.ca\/#website"},"primaryImageOfPage":{"@id":"https:\/\/isaute.ca\/carrieres\/#primaryimage"},"image":{"@id":"https:\/\/isaute.ca\/carrieres\/#primaryimage"},"thumbnailUrl":"https:\/\/isaute.ca\/wp-content\/uploads\/2024\/08\/iSaute_Carrer-page-hero.jpg","datePublished":"2024-05-15T19:29:37+00:00","dateModified":"2025-03-25T18:26:59+00:00","description":"Faite carri\u00e8re chez nous - Centre de trampoline | iSaute","breadcrumb":{"@id":"https:\/\/isaute.ca\/carrieres\/#breadcrumb"},"inLanguage":"en-US","potentialAction":[{"@type":"ReadAction","target":["https:\/\/isaute.ca\/carrieres\/"]}]},{"@type":"ImageObject","inLanguage":"en-US","@id":"https:\/\/isaute.ca\/carrieres\/#primaryimage","url":"https:\/\/isaute.ca\/wp-content\/uploads\/2024\/08\/iSaute_Carrer-page-hero.jpg","contentUrl":"https:\/\/isaute.ca\/wp-content\/uploads\/2024\/08\/iSaute_Carrer-page-hero.jpg","width":1920,"height":1080},{"@type":"BreadcrumbList","@id":"https:\/\/isaute.ca\/carrieres\/#breadcrumb","itemListElement":[{"@type":"ListItem","position":1,"name":"Home","item":"https:\/\/isaute.ca\/"},{"@type":"ListItem","position":2,"name":"Carri\u00e8re"}]},{"@type":"WebSite","@id":"https:\/\/isaute.ca\/#website","url":"https:\/\/isaute.ca\/","name":"iSaute","description":"Amusement Parks","publisher":{"@id":"https:\/\/isaute.ca\/#organization"},"potentialAction":[{"@type":"SearchAction","target":{"@type":"EntryPoint","urlTemplate":"https:\/\/isaute.ca\/?s={search_term_string}"},"query-input":{"@type":"PropertyValueSpecification","valueRequired":true,"valueName":"search_term_string"}}],"inLanguage":"en-US"},{"@type":"Organization","@id":"https:\/\/isaute.ca\/#organization","name":"iSaute","url":"https:\/\/isaute.ca\/","logo":{"@type":"ImageObject","inLanguage":"en-US","@id":"https:\/\/isaute.ca\/#\/schema\/logo\/image\/","url":"https:\/\/isaute.ca\/wp-content\/uploads\/2024\/05\/isaute-logo-white.svg","contentUrl":"https:\/\/isaute.ca\/wp-content\/uploads\/2024\/05\/isaute-logo-white.svg","caption":"iSaute"},"image":{"@id":"https:\/\/isaute.ca\/#\/schema\/logo\/image\/"}}]}},"_links":{"self":[{"href":"https:\/\/isaute.ca\/en\/wp-json\/wp\/v2\/pages\/2318","targetHints":{"allow":["GET"]}}],"collection":[{"href":"https:\/\/isaute.ca\/en\/wp-json\/wp\/v2\/pages"}],"about":[{"href":"https:\/\/isaute.ca\/en\/wp-json\/wp\/v2\/types\/page"}],"author":[{"embeddable":true,"href":"https:\/\/isaute.ca\/en\/wp-json\/wp\/v2\/users\/13"}],"replies":[{"embeddable":true,"href":"https:\/\/isaute.ca\/en\/wp-json\/wp\/v2\/comments?post=2318"}],"version-history":[{"count":0,"href":"https:\/\/isaute.ca\/en\/wp-json\/wp\/v2\/pages\/2318\/revisions"}],"wp:featuredmedia":[{"embeddable":true,"href":"https:\/\/isaute.ca\/en\/wp-json\/wp\/v2\/media\/54943"}],"wp:attachment":[{"href":"https:\/\/isaute.ca\/en\/wp-json\/wp\/v2\/media?parent=2318"}],"curies":[{"name":"wp","href":"https:\/\/api.w.org\/{rel}","templated":true}]}}