{"id":2277,"date":"2024-05-08T11:09:33","date_gmt":"2024-05-08T18:09:33","guid":{"rendered":"https:\/\/isaute.ca\/?page_id=2277"},"modified":"2026-01-19T08:47:35","modified_gmt":"2026-01-19T16:47:35","slug":"isaute-birthday-celebration","status":"publish","type":"page","link":"https:\/\/isaute.ca\/en\/isaute-birthday-celebration\/","title":{"rendered":"A dream birthday awaits you!"},"content":{"rendered":"<h3>A unique way to celebrate birthdays!<\/h3>\r\n<p>Votre recherche est termin\u00e9e! Il n&rsquo;y a pas de meilleur endroit qu&rsquo;iSaute pour c\u00e9l\u00e9brer un anniversaire. Lorsque vous r\u00e9servez une f\u00eate chez iSaute, vous \u00eates jumel\u00e9 avec un h\u00f4te de f\u00eate. Il s&rsquo;occupera de tous les d\u00e9tails afin que vous puissiez vous d\u00e9tendre, sauter et profiter de la f\u00eate!<\/p>\r\n<p>Les parcs de trampolines iSaute font de l&rsquo;organisation d&rsquo;anniversaires un jeu d&rsquo;enfant, ce qui fait de nous l&rsquo;une des destinations d&rsquo;anniversaire les plus populaires dans la province!<\/p>\r\n<p><strong>Let's start planning! CHOOSE your birthday package:<\/strong><\/p>\r\n<p><a href=\"\/en\/anjou\/fetes-anniversaires-anjou\/\" target=\"_self\"> Anjou <\/a> <a href=\"\/en\/brossard\/fetes-anniversaires-brossard\/\" target=\"_self\"> Brossard <\/a> <a href=\"\/en\/kirkland\/fetes-anniversaires-kirkland\/\" target=\"_self\"> Kirkland <\/a> <a href=\"\/en\/laval\/fetes-anniversaires-laval\/\" target=\"_self\"> Laval <\/a> <a href=\"\/en\/quebec\/fetes-anniversaires-quebec\/\" target=\"_self\"> Quebec <\/a><\/p>","protected":false},"excerpt":{"rendered":"<p>Une fa\u00e7on unique de c\u00e9l\u00e9brer un anniversaire! Votre recherche est termin\u00e9e! Il n&rsquo;y a pas de meilleur endroit qu&rsquo;iSaute pour c\u00e9l\u00e9brer un anniversaire. Lorsque vous r\u00e9servez une f\u00eate chez iSaute, vous \u00eates jumel\u00e9 avec un h\u00f4te de f\u00eate. Il s&rsquo;occupera de tous les d\u00e9tails afin que vous puissiez vous d\u00e9tendre, sauter et profiter de la [&hellip;]<\/p>","protected":false},"author":13,"featured_media":0,"parent":0,"menu_order":11,"comment_status":"closed","ping_status":"closed","template":"","meta":{"_acf_changed":false,"site-sidebar-layout":"default","site-content-layout":"","ast-site-content-layout":"default","site-content-style":"default","site-sidebar-style":"default","ast-global-header-display":"","ast-banner-title-visibility":"","ast-main-header-display":"","ast-hfb-above-header-display":"","ast-hfb-below-header-display":"","ast-hfb-mobile-header-display":"","site-post-title":"","ast-breadcrumbs-content":"","ast-featured-img":"","footer-sml-layout":"","ast-disable-related-posts":"","theme-transparent-header-meta":"","adv-header-id-meta":"","stick-header-meta":"","header-above-stick-meta":"","header-main-stick-meta":"","header-below-stick-meta":"","astra-migrate-meta-layouts":"set","ast-page-background-enabled":"default","ast-page-background-meta":{"desktop":{"background-color":"var(--ast-global-color-4)","background-image":"","background-repeat":"repeat","background-position":"center center","background-size":"auto","background-attachment":"scroll","background-type":"","background-media":"","overlay-type":"","overlay-color":"","overlay-opacity":"","overlay-gradient":""},"tablet":{"background-color":"","background-image":"","background-repeat":"repeat","background-position":"center center","background-size":"auto","background-attachment":"scroll","background-type":"","background-media":"","overlay-type":"","overlay-color":"","overlay-opacity":"","overlay-gradient":""},"mobile":{"background-color":"","background-image":"","background-repeat":"repeat","background-position":"center center","background-size":"auto","background-attachment":"scroll","background-type":"","background-media":"","overlay-type":"","overlay-color":"","overlay-opacity":"","overlay-gradient":""}},"ast-content-background-meta":{"desktop":{"background-color":"var(--ast-global-color-5)","background-image":"","background-repeat":"repeat","background-position":"center center","background-size":"auto","background-attachment":"scroll","background-type":"","background-media":"","overlay-type":"","overlay-color":"","overlay-opacity":"","overlay-gradient":""},"tablet":{"background-color":"var(--ast-global-color-5)","background-image":"","background-repeat":"repeat","background-position":"center center","background-size":"auto","background-attachment":"scroll","background-type":"","background-media":"","overlay-type":"","overlay-color":"","overlay-opacity":"","overlay-gradient":""},"mobile":{"background-color":"var(--ast-global-color-5)","background-image":"","background-repeat":"repeat","background-position":"center center","background-size":"auto","background-attachment":"scroll","background-type":"","background-media":"","overlay-type":"","overlay-color":"","overlay-opacity":"","overlay-gradient":""}},"footnotes":""},"class_list":["post-2277","page","type-page","status-publish","hentry"],"acf":[],"yoast_head":"<!-- This site is optimized with the Yoast SEO plugin v27.3 - https:\/\/yoast.com\/product\/yoast-seo-wordpress\/ -->\n<title>Un anniversaire de r\u00eave vous attend! - iSaute<\/title>\n<meta name=\"description\" content=\"Discover iSaute prices and hours. Buy your ticket now! - Best amusement park in Montreal and Quebec, for kids and adults.\" \/>\n<meta name=\"robots\" content=\"index, follow, max-snippet:-1, max-image-preview:large, max-video-preview:-1\" \/>\n<link rel=\"canonical\" href=\"https:\/\/isaute.ca\/en\/isaute-birthday-celebration\/\" \/>\n<meta property=\"og:locale\" content=\"en_US\" \/>\n<meta property=\"og:type\" content=\"article\" \/>\n<meta property=\"og:title\" content=\"Un anniversaire de r\u00eave vous attend! - iSaute\" \/>\n<meta property=\"og:description\" content=\"Discover iSaute prices and hours. Buy your ticket now! - Best amusement park in Montreal and Quebec, for kids and adults.\" \/>\n<meta property=\"og:url\" content=\"https:\/\/isaute.ca\/en\/isaute-birthday-celebration\/\" \/>\n<meta property=\"og:site_name\" content=\"iSaute\" \/>\n<meta property=\"article:modified_time\" content=\"2026-01-19T16:47:35+00:00\" \/>\n<meta name=\"twitter:card\" content=\"summary_large_image\" \/>\n<meta name=\"twitter:label1\" content=\"Est. reading time\" \/>\n\t<meta name=\"twitter:data1\" content=\"1 minute\" \/>\n<script type=\"application\/ld+json\" class=\"yoast-schema-graph\">{\"@context\":\"https:\\\/\\\/schema.org\",\"@graph\":[{\"@type\":\"WebPage\",\"@id\":\"https:\\\/\\\/isaute.ca\\\/isaute-celebration-anniversaire\\\/\",\"url\":\"https:\\\/\\\/isaute.ca\\\/isaute-celebration-anniversaire\\\/\",\"name\":\"Un anniversaire de r\u00eave vous attend! - iSaute\",\"isPartOf\":{\"@id\":\"https:\\\/\\\/isaute.ca\\\/#website\"},\"datePublished\":\"2024-05-08T18:09:33+00:00\",\"dateModified\":\"2026-01-19T16:47:35+00:00\",\"description\":\"Discover iSaute prices and hours. Buy your ticket now! - Best amusement park in Montreal and Quebec, for kids and adults.\",\"breadcrumb\":{\"@id\":\"https:\\\/\\\/isaute.ca\\\/isaute-celebration-anniversaire\\\/#breadcrumb\"},\"inLanguage\":\"en-US\",\"potentialAction\":[{\"@type\":\"ReadAction\",\"target\":[\"https:\\\/\\\/isaute.ca\\\/isaute-celebration-anniversaire\\\/\"]}]},{\"@type\":\"BreadcrumbList\",\"@id\":\"https:\\\/\\\/isaute.ca\\\/isaute-celebration-anniversaire\\\/#breadcrumb\",\"itemListElement\":[{\"@type\":\"ListItem\",\"position\":1,\"name\":\"Home\",\"item\":\"https:\\\/\\\/isaute.ca\\\/\"},{\"@type\":\"ListItem\",\"position\":2,\"name\":\"Un anniversaire de r\u00eave vous attend!\"}]},{\"@type\":\"WebSite\",\"@id\":\"https:\\\/\\\/isaute.ca\\\/#website\",\"url\":\"https:\\\/\\\/isaute.ca\\\/\",\"name\":\"iSaute\",\"description\":\"Amusement Parks\",\"publisher\":{\"@id\":\"https:\\\/\\\/isaute.ca\\\/#organization\"},\"potentialAction\":[{\"@type\":\"SearchAction\",\"target\":{\"@type\":\"EntryPoint\",\"urlTemplate\":\"https:\\\/\\\/isaute.ca\\\/?s={search_term_string}\"},\"query-input\":{\"@type\":\"PropertyValueSpecification\",\"valueRequired\":true,\"valueName\":\"search_term_string\"}}],\"inLanguage\":\"en-US\"},{\"@type\":\"Organization\",\"@id\":\"https:\\\/\\\/isaute.ca\\\/#organization\",\"name\":\"iSaute\",\"url\":\"https:\\\/\\\/isaute.ca\\\/\",\"logo\":{\"@type\":\"ImageObject\",\"inLanguage\":\"en-US\",\"@id\":\"https:\\\/\\\/isaute.ca\\\/#\\\/schema\\\/logo\\\/image\\\/\",\"url\":\"https:\\\/\\\/isaute.ca\\\/wp-content\\\/uploads\\\/2024\\\/05\\\/isaute-logo-white.svg\",\"contentUrl\":\"https:\\\/\\\/isaute.ca\\\/wp-content\\\/uploads\\\/2024\\\/05\\\/isaute-logo-white.svg\",\"caption\":\"iSaute\"},\"image\":{\"@id\":\"https:\\\/\\\/isaute.ca\\\/#\\\/schema\\\/logo\\\/image\\\/\"}}]}<\/script>\n<!-- \/ Yoast SEO plugin. -->","yoast_head_json":{"title":"Un anniversaire de r\u00eave vous attend! - iSaute","description":"Discover iSaute prices and hours. Buy your ticket now! - Best amusement park in Montreal and Quebec, for kids and adults.","robots":{"index":"index","follow":"follow","max-snippet":"max-snippet:-1","max-image-preview":"max-image-preview:large","max-video-preview":"max-video-preview:-1"},"canonical":"https:\/\/isaute.ca\/en\/isaute-birthday-celebration\/","og_locale":"en_US","og_type":"article","og_title":"Un anniversaire de r\u00eave vous attend! - iSaute","og_description":"Discover iSaute prices and hours. Buy your ticket now! - Best amusement park in Montreal and Quebec, for kids and adults.","og_url":"https:\/\/isaute.ca\/en\/isaute-birthday-celebration\/","og_site_name":"iSaute","article_modified_time":"2026-01-19T16:47:35+00:00","twitter_card":"summary_large_image","twitter_misc":{"Est. reading time":"1 minute"},"schema":{"@context":"https:\/\/schema.org","@graph":[{"@type":"WebPage","@id":"https:\/\/isaute.ca\/isaute-celebration-anniversaire\/","url":"https:\/\/isaute.ca\/isaute-celebration-anniversaire\/","name":"Un anniversaire de r\u00eave vous attend! - iSaute","isPartOf":{"@id":"https:\/\/isaute.ca\/#website"},"datePublished":"2024-05-08T18:09:33+00:00","dateModified":"2026-01-19T16:47:35+00:00","description":"Discover iSaute prices and hours. Buy your ticket now! - Best amusement park in Montreal and Quebec, for kids and adults.","breadcrumb":{"@id":"https:\/\/isaute.ca\/isaute-celebration-anniversaire\/#breadcrumb"},"inLanguage":"en-US","potentialAction":[{"@type":"ReadAction","target":["https:\/\/isaute.ca\/isaute-celebration-anniversaire\/"]}]},{"@type":"BreadcrumbList","@id":"https:\/\/isaute.ca\/isaute-celebration-anniversaire\/#breadcrumb","itemListElement":[{"@type":"ListItem","position":1,"name":"Home","item":"https:\/\/isaute.ca\/"},{"@type":"ListItem","position":2,"name":"Un anniversaire de r\u00eave vous attend!"}]},{"@type":"WebSite","@id":"https:\/\/isaute.ca\/#website","url":"https:\/\/isaute.ca\/","name":"iSaute","description":"Amusement Parks","publisher":{"@id":"https:\/\/isaute.ca\/#organization"},"potentialAction":[{"@type":"SearchAction","target":{"@type":"EntryPoint","urlTemplate":"https:\/\/isaute.ca\/?s={search_term_string}"},"query-input":{"@type":"PropertyValueSpecification","valueRequired":true,"valueName":"search_term_string"}}],"inLanguage":"en-US"},{"@type":"Organization","@id":"https:\/\/isaute.ca\/#organization","name":"iSaute","url":"https:\/\/isaute.ca\/","logo":{"@type":"ImageObject","inLanguage":"en-US","@id":"https:\/\/isaute.ca\/#\/schema\/logo\/image\/","url":"https:\/\/isaute.ca\/wp-content\/uploads\/2024\/05\/isaute-logo-white.svg","contentUrl":"https:\/\/isaute.ca\/wp-content\/uploads\/2024\/05\/isaute-logo-white.svg","caption":"iSaute"},"image":{"@id":"https:\/\/isaute.ca\/#\/schema\/logo\/image\/"}}]}},"_links":{"self":[{"href":"https:\/\/isaute.ca\/en\/wp-json\/wp\/v2\/pages\/2277","targetHints":{"allow":["GET"]}}],"collection":[{"href":"https:\/\/isaute.ca\/en\/wp-json\/wp\/v2\/pages"}],"about":[{"href":"https:\/\/isaute.ca\/en\/wp-json\/wp\/v2\/types\/page"}],"author":[{"embeddable":true,"href":"https:\/\/isaute.ca\/en\/wp-json\/wp\/v2\/users\/13"}],"replies":[{"embeddable":true,"href":"https:\/\/isaute.ca\/en\/wp-json\/wp\/v2\/comments?post=2277"}],"version-history":[{"count":0,"href":"https:\/\/isaute.ca\/en\/wp-json\/wp\/v2\/pages\/2277\/revisions"}],"wp:attachment":[{"href":"https:\/\/isaute.ca\/en\/wp-json\/wp\/v2\/media?parent=2277"}],"curies":[{"name":"wp","href":"https:\/\/api.w.org\/{rel}","templated":true}]}}