{"id":2256,"date":"2024-05-08T10:17:27","date_gmt":"2024-05-08T17:17:27","guid":{"rendered":"https:\/\/isaute.ca\/?page_id=2256"},"modified":"2025-05-02T06:33:18","modified_gmt":"2025-05-02T13:33:18","slug":"offers","status":"publish","type":"page","link":"https:\/\/isaute.ca\/en\/offers\/","title":{"rendered":"Special offers"},"content":{"rendered":"<p><img decoding=\"async\" title=\"orange-top-swoops\" src=\"https:\/\/isaute.ca\/wp-content\/uploads\/2024\/06\/orange-top-swoops-350x302.png\" alt=\"cruv\" width=\"350\" height=\"302\" \/> <img decoding=\"async\" src=\"https:\/\/isaute.ca\/wp-content\/uploads\/2024\/06\/A7402015.jpg\" alt=\"offer-section\" \/><\/p>\r\n<h6>Valid only during the 9am to 10am time slot<\/h6>\r\n<h3>P&rsquo;tits Sauteurs<\/h3>\r\n<p>For a child and an adult guide.<\/p>\r\n<h3>17$<\/h3>\r\n<h4>Select a Park<\/h4>\r\n<ul>\r\n<li><a href=\"https:\/\/ecom.roller.app\/isauteanjou\/reservation\/fr\/home\" target=\"_blank\" rel=\"noopener\">Anjou<\/a><\/li>\r\n<li><a href=\"https:\/\/ecom.roller.app\/isautebrossard\/reservation\/en\/home\" target=\"_blank\" rel=\"noopener\">Brossard<\/a><\/li>\r\n<li><a href=\"https:\/\/ecom.roller.app\/isautekirkland\/reservation\/en\/home\" target=\"_blank\" rel=\"noopener\">Kirkland<\/a><\/li>\r\n<li><a href=\"https:\/\/ecom.roller.app\/isautelaval\/reservation\/en\/home\" target=\"_blank\" rel=\"noopener\">Laval<\/a><\/li>\r\n<li><a href=\"https:\/\/ecom.roller.app\/isautequebeccity\/reservation\/fr\/home\" target=\"_blank\" rel=\"noopener\">Quebec<\/a><\/li>\r\n<\/ul>\r\n<p><a href=\"\/en\/;\/\" target=\"_self\" rel=\"noopener\">Buy Now<\/a><\/p>\r\n<h3>What\u2019s Included<\/h3>\r\n<p>We reserve the park exclusively for small jumpers aged 6 and under.<\/p>\r\n<h3>NOTES:<\/h3>\r\n<p>Taxes en sus Tous les jours. Les enfants de moins de 6 ans ont \u00e9galement acc\u00e8s au parc au-del\u00e0 de cette p\u00e9riode. Ne peut \u00eatre combin\u00e9 avec aucune autre offre. Les billets sont non remboursables et non transf\u00e9rables. Le prix peut \u00eatre modifi\u00e9 sans pr\u00e9avis.<img decoding=\"async\" src=\"https:\/\/isaute.ca\/wp-content\/uploads\/2024\/10\/iSaute-Membership-Poster-22-x-28-in-500-x-500-px.png\" alt=\"offer-section\" \/><\/p>\r\n<h3>MEMBERSHIPS<\/h3>\r\n<h4>Select a Park<\/h4>\r\n<ul>\r\n<li><a href=\"https:\/\/ecom.roller.app\/isauteanjou\/reservation\/fr\/home\" target=\"_blank\" rel=\"noopener\">Anjou<\/a><\/li>\r\n<li><a href=\"https:\/\/ecom.roller.app\/isautebrossard\/reservation\/en\/home\" target=\"_blank\" rel=\"noopener\">Brossard<\/a><\/li>\r\n<li><a href=\"https:\/\/ecom.roller.app\/isautekirkland\/reservation\/en\/home\" target=\"_blank\" rel=\"noopener\">Kirkland<\/a><\/li>\r\n<li><a href=\"https:\/\/ecom.roller.app\/isautelaval\/reservation\/en\/home\" target=\"_blank\" rel=\"noopener\">Laval<\/a><\/li>\r\n<li><a href=\"https:\/\/ecom.roller.app\/isautequebeccity\/reservation\/fr\/home\" target=\"_blank\" rel=\"noopener\">Quebec<\/a><\/li>\r\n<\/ul>\r\n<p><a href=\"\/en\/;\/\" target=\"_self\" rel=\"noopener\">Buy Now<\/a><\/p>\r\n<h3>What\u2019s Included<\/h3>\r\n<p>90 minutes de saut chaque jour 15% de r\u00e9duction sur le bistro 50% de r\u00e9duction pour le parent ou le tuteur accompagnant Voie rapide pour les membres<\/p>\r\n<h3>NOTES:<\/h3>\r\n<p>Free cancellation<img decoding=\"async\" src=\"https:\/\/isaute.ca\/wp-content\/uploads\/2024\/12\/Flight-2024-Jingle-Jump-Flight-Post-1080-x-1080-px.png\" alt=\"offer-section\" \/><\/p>\r\n<h6>December 24<\/h6>\r\n<h3>JINGLE JUMP<\/h3>\r\n<h4>Select a Park<\/h4>\r\n<ul>\r\n<li><a href=\"https:\/\/ecom.roller.app\/isauteanjou\/promotions\/fr\/home\" target=\"_blank\" rel=\"noopener\">Anjou<\/a><\/li>\r\n<li><a href=\"https:\/\/ecom.roller.app\/isautebrossard\/promotions\/fr\/home\" target=\"_blank\" rel=\"noopener\">Brossard<\/a><\/li>\r\n<li><a href=\"https:\/\/ecom.roller.app\/isautekirkland\/promotions\/fr\/home\" target=\"_blank\" rel=\"noopener\">Kirkland<\/a><\/li>\r\n<li><a href=\"https:\/\/ecom.roller.app\/isautelaval\/promotions\/fr\/home\" target=\"_blank\" rel=\"noopener\">Laval<\/a><\/li>\r\n<li><a href=\"https:\/\/ecom.roller.app\/isautequebeccity\/promotions\/fr\/home\" target=\"_blank\" rel=\"noopener\">Quebec<\/a><\/li>\r\n<\/ul>\r\n<p><a href=\"\/en\/;\/\" target=\"_self\" rel=\"noopener\">Buy Now<\/a><\/p>\r\n<h3>What\u2019s Included<\/h3>\r\n<p>Temps de saut! Station de coloriage Sac de friandises des f\u00eates Apparition sp\u00e9ciale du Grinch!<\/p>\r\n<h3>NOTES:<\/h3>\r\n<p>Tuesday, December 24 from 10am to 2pm<img decoding=\"async\" src=\"https:\/\/isaute.ca\/wp-content\/uploads\/2024\/12\/Holiday-Gift-Card-Promo-2024-1080-x-1080-px.gif\" alt=\"offer-section\" \/><\/p>\r\n<h6>20% OFF GIFT CARDS!<\/h6>\r\n<h3>Holiday Gift Card Sale!<\/h3>\r\n<h4>Select a Park<\/h4>\r\n<ul>\r\n<li><a href=\"https:\/\/ecom.roller.app\/isauteanjou\/giftcard\/fr\/home\" target=\"_blank\" rel=\"noopener\">Anjou<\/a><\/li>\r\n<li><a href=\"https:\/\/ecom.roller.app\/isautebrossard\/giftcard\/fr\/home\" target=\"_blank\" rel=\"noopener\">Brossard<\/a><\/li>\r\n<li><a href=\"https:\/\/ecom.roller.app\/isautekirkland\/giftcard\/fr\/home\" target=\"_blank\" rel=\"noopener\">Kirkland<\/a><\/li>\r\n<li><a href=\"https:\/\/ecom.roller.app\/isautelaval\/giftcard\/fr\/home\" target=\"_blank\" rel=\"noopener\">Laval<\/a><\/li>\r\n<li><a href=\"https:\/\/ecom.roller.app\/isautequebeccity\/giftcard\/fr\/home\" target=\"_blank\" rel=\"noopener\">Quebec<\/a><\/li>\r\n<\/ul>\r\n<p><a href=\"\/en\/;\/\" target=\"_self\" rel=\"noopener\">Buy Now<\/a><\/p>\r\n<h3>What\u2019s Included<\/h3>\r\n<p>20% OFF GIFT CARDS!<\/p>\r\n<h3>NOTES:<\/h3>\r\n<p>Disponible sur les cartes-cadeaux de 30 $, 50 $ et 100 $. Il n&rsquo;est pas possible d&rsquo;acheter une carte-cadeau avec une autre carte-cadeau. Ne peut pas \u00eatre utilis\u00e9 pour l&rsquo;achat d&rsquo;abonnements.<img decoding=\"async\" src=\"https:\/\/isaute.ca\/wp-content\/uploads\/2024\/08\/230406_iSaute_v2_0101.jpg\" alt=\"offer-section\" \/><\/p>\r\n<h6>Mardi &#8211; 16h \u00e0 21h<\/h6>\r\n<h3>Family Night<\/h3>\r\n<p>For 60 minutes of jump time for 4 people<\/p>\r\n<h3>40$<\/h3>\r\n<h3>Available At the Park<\/h3>\r\n<h3>What\u2019s Included<\/h3>\r\n<p>Valide pour un maximum de 4 personnes, chaque personne suppl\u00e9mentaire est de 5$ avec un maximum de 8 personnes par transaction. Les personnes doivent r\u00e9sider dans le m\u00eame foyer.<\/p>\r\n<h3>NOTES:<\/h3>\r\n<p>Taxes en sus Ne peut \u00eatre combin\u00e9 avec aucune autre offre. Les billets sont non remboursables et non transf\u00e9rables. Le prix peut \u00eatre modifi\u00e9 sans pr\u00e9avis.<img decoding=\"async\" src=\"https:\/\/isaute.ca\/wp-content\/uploads\/2024\/08\/230406_iSaute_v2_0020.jpg\" alt=\"offer-section\" \/><\/p>\r\n<h6>Every Wednesday \u2013 All day<\/h6>\r\n<h3>Letter of the Day<\/h3>\r\n<p>Free<\/p>\r\n<h3>0$<\/h3>\r\n<h3>Available At the Park<\/h3>\r\n<h3>What\u2019s Included<\/h3>\r\n<p>Chaque mercredi, nous choisissons au hasard une lettre de l&rsquo;alphabet et si votre pr\u00e9nom commence par cette lettre, vous sautez gratuitement pour 1 heure. *Identification obligatoire<\/p>\r\n<h3>NOTES:<\/h3>\r\n<p>Ne peut \u00eatre combin\u00e9 avec aucune autre offre. Les billets sont non remboursables et non transf\u00e9rables. Le prix peut \u00eatre modifi\u00e9 sans pr\u00e9avis.<img decoding=\"async\" src=\"https:\/\/isaute.ca\/wp-content\/uploads\/2024\/06\/Bogo-picture--scaled.jpg\" alt=\"offer-section\" \/><\/p>\r\n<h6>Jeudi &#8211; 16h \u00e0 21h<\/h6>\r\n<h3>BOGO<\/h3>\r\n<p>60mins<\/p>\r\n<h3>23.99$<\/h3>\r\n<p>90mins<\/p>\r\n<h3>27.99$<\/h3>\r\n<p>120mins<\/p>\r\n<h3>30.99$<\/h3>\r\n<h3>Available At the Park<\/h3>\r\n<h3>What\u2019s Included<\/h3>\r\n<p>Doublez votre temps de saut pour le prix 1 ou 2 sauteurs pour le prix d&rsquo;un sauteur. Tous les jeudis \u00e0 partir de 16h viens et profite d&rsquo;une heure gratuite \u00e0 l&rsquo;achat d&rsquo;une heure que tu sois seul ou avec un ami.<\/p>\r\n<h3>NOTES:<\/h3>\r\n<p>Taxes en sus Ne peut \u00eatre combin\u00e9 avec aucune autre offre. Les billets sont non remboursables et non transf\u00e9rables. Le prix peut \u00eatre modifi\u00e9 sans pr\u00e9avis.<img decoding=\"async\" src=\"https:\/\/isaute.ca\/wp-content\/uploads\/2024\/08\/Club_Saute_general.jpg\" alt=\"offer-section\" \/><\/p>\r\n<h6>Vendredi et samedi soir &#8211; 19h \u00e0 21h<\/h6>\r\n<h3>Club Saute General<\/h3>\r\n<p>60mins<\/p>\r\n<h3>23.99$<\/h3>\r\n<p>90mins<\/p>\r\n<h3>27.99$<\/h3>\r\n<p>120mins<\/p>\r\n<h3>30.99$<\/h3>\r\n<h3>Available At the Park<\/h3>\r\n<h3>What\u2019s Included<\/h3>\r\n<p>Every Friday and Saturday evening we turn down the lights and turn on the laser and black lights for an ultimate unique experience.<\/p>\r\n<h3>NOTES:<\/h3>\r\n<p>Taxes en sus Pour tous les \u00e2ges. Ne peut \u00eatre combin\u00e9 avec aucune autre offre. Les billets sont non remboursables et non transf\u00e9rables. Le prix peut \u00eatre modifi\u00e9 sans pr\u00e9avis.<video autoplay=\"autoplay\" loop=\"loop\" muted=\"\" width=\"320\" height=\"240\">\r\n        <source src=\"https:\/\/isaute.ca\/wp-content\/uploads\/2024\/08\/Club_Saute_Teen_Video_option_1.mp4\" type=\"video\/mp4\" \/>\r\n        <\/video><\/p>\r\n<h6>Pour les 13 ans et plus Vendredi et samedi &#8211; 21h \u00e0 23h<\/h6>\r\n<h3>Club Saute Teen<\/h3>\r\n<p>60mins<\/p>\r\n<h3>23.99$<\/h3>\r\n<p>90mins<\/p>\r\n<h3>27.99$<\/h3>\r\n<p>120mins<\/p>\r\n<h3>30.99$<\/h3>\r\n<h3>Available At the Park<\/h3>\r\n<h3>What\u2019s Included<\/h3>\r\n<p>Every Friday and Saturday evening we turn down the lights and turn on the laser and black lights for an ultimate unique experience.<\/p>\r\n<h3>NOTES:<\/h3>\r\n<p>Taxes en sus Ne peut \u00eatre combin\u00e9 avec aucune autre offre. Les billets sont non remboursables et non transf\u00e9rables. Le prix peut \u00eatre modifi\u00e9 sans pr\u00e9avis.<img decoding=\"async\" src=\"https:\/\/isaute.ca\/wp-content\/uploads\/2024\/08\/230406_iSaute_v2_0128.jpg\" alt=\"offer-section\" \/><\/p>\r\n<h6>First Responders<\/h6>\r\n<h3>Exclusive Discounts<\/h3>\r\n<p>Special discount to show our appreciation for all you do!<\/p>\r\n<h3>15% DISCOUNT<\/h3>\r\n<h3>Available At the Park<\/h3>\r\n<h3>What\u2019s Included<\/h3>\r\n<p>Les premiers intervenants et les membres de leur famille imm\u00e9diate Les travailleurs de la sant\u00e9 et les membres de leur famille imm\u00e9diate Forces arm\u00e9es et les membres de leur famille proche Enseignants\/professeurs et membres de leur famille proche<\/p>\r\n<h3>NOTES:<\/h3>\r\n<p>Taxes en sus Sur pr\u00e9sentation d&rsquo;une pi\u00e8ce d&rsquo;identit\u00e9 de l&rsquo;\u00e9tablissement qui les emploie. Valable uniquement pour les billets de saut libre. Ne s&rsquo;applique pas aux forfaits de f\u00eate d&rsquo;anniversaire. Offre valable dans le parc, applicable uniquement aux billets achet\u00e9s dans le parc. Non cumulable avec d&rsquo;autres offres<\/p>\r\n<!-- .pp-content-posts -->\r\n<p><img decoding=\"async\" title=\"Path-29\" src=\"https:\/\/isaute.ca\/wp-content\/uploads\/2024\/05\/Path-29-1.png\" alt=\"Curve\" width=\"340\" height=\"102\" \/><\/p>","protected":false},"excerpt":{"rendered":"<p>Valable uniquement pendant le cr\u00e9neau horaire de 9h \u00e0 10h P&rsquo;tits Sauteurs pour un enfant et un accompagnateur adulte. 17$ Choisir un parc Anjou Brossard Kirkland Laval Quebec Acheter Maintenant Ce qui est inclu Nous r\u00e9servons le parc exclusivement aux petits sauteurs \u00e2g\u00e9s de 6 ans et moins. REMARQUES: Taxes en sus Tous les jours. [&hellip;]<\/p>","protected":false},"author":13,"featured_media":54808,"parent":0,"menu_order":7,"comment_status":"closed","ping_status":"closed","template":"","meta":{"_acf_changed":false,"site-sidebar-layout":"default","site-content-layout":"","ast-site-content-layout":"default","site-content-style":"default","site-sidebar-style":"default","ast-global-header-display":"","ast-banner-title-visibility":"","ast-main-header-display":"","ast-hfb-above-header-display":"","ast-hfb-below-header-display":"","ast-hfb-mobile-header-display":"","site-post-title":"","ast-breadcrumbs-content":"","ast-featured-img":"","footer-sml-layout":"","ast-disable-related-posts":"","theme-transparent-header-meta":"","adv-header-id-meta":"","stick-header-meta":"","header-above-stick-meta":"","header-main-stick-meta":"","header-below-stick-meta":"","astra-migrate-meta-layouts":"set","ast-page-background-enabled":"default","ast-page-background-meta":{"desktop":{"background-color":"var(--ast-global-color-4)","background-image":"","background-repeat":"repeat","background-position":"center center","background-size":"auto","background-attachment":"scroll","background-type":"","background-media":"","overlay-type":"","overlay-color":"","overlay-opacity":"","overlay-gradient":""},"tablet":{"background-color":"","background-image":"","background-repeat":"repeat","background-position":"center center","background-size":"auto","background-attachment":"scroll","background-type":"","background-media":"","overlay-type":"","overlay-color":"","overlay-opacity":"","overlay-gradient":""},"mobile":{"background-color":"","background-image":"","background-repeat":"repeat","background-position":"center center","background-size":"auto","background-attachment":"scroll","background-type":"","background-media":"","overlay-type":"","overlay-color":"","overlay-opacity":"","overlay-gradient":""}},"ast-content-background-meta":{"desktop":{"background-color":"var(--ast-global-color-5)","background-image":"","background-repeat":"repeat","background-position":"center center","background-size":"auto","background-attachment":"scroll","background-type":"","background-media":"","overlay-type":"","overlay-color":"","overlay-opacity":"","overlay-gradient":""},"tablet":{"background-color":"var(--ast-global-color-5)","background-image":"","background-repeat":"repeat","background-position":"center center","background-size":"auto","background-attachment":"scroll","background-type":"","background-media":"","overlay-type":"","overlay-color":"","overlay-opacity":"","overlay-gradient":""},"mobile":{"background-color":"var(--ast-global-color-5)","background-image":"","background-repeat":"repeat","background-position":"center center","background-size":"auto","background-attachment":"scroll","background-type":"","background-media":"","overlay-type":"","overlay-color":"","overlay-opacity":"","overlay-gradient":""}},"footnotes":""},"class_list":["post-2256","page","type-page","status-publish","has-post-thumbnail","hentry"],"acf":[],"yoast_head":"<!-- This site is optimized with the Yoast SEO plugin v27.3 - https:\/\/yoast.com\/product\/yoast-seo-wordpress\/ -->\n<title>Offres sp\u00e9ciales - iSaute<\/title>\n<meta name=\"robots\" content=\"index, follow, max-snippet:-1, max-image-preview:large, max-video-preview:-1\" \/>\n<link rel=\"canonical\" href=\"https:\/\/isaute.ca\/en\/offers\/\" \/>\n<meta property=\"og:locale\" content=\"en_US\" \/>\n<meta property=\"og:type\" content=\"article\" \/>\n<meta property=\"og:title\" content=\"Offres sp\u00e9ciales - iSaute\" \/>\n<meta property=\"og:description\" content=\"Valable uniquement pendant le cr\u00e9neau horaire de 9h \u00e0 10h P&rsquo;tits Sauteurs pour un enfant et un accompagnateur adulte. 17$ Choisir un parc Anjou Brossard Kirkland Laval Quebec Acheter Maintenant Ce qui est inclu Nous r\u00e9servons le parc exclusivement aux petits sauteurs \u00e2g\u00e9s de 6 ans et moins. REMARQUES: Taxes en sus Tous les jours. [&hellip;]\" \/>\n<meta property=\"og:url\" content=\"https:\/\/isaute.ca\/en\/offers\/\" \/>\n<meta property=\"og:site_name\" content=\"iSaute\" \/>\n<meta property=\"article:modified_time\" content=\"2025-05-02T13:33:18+00:00\" \/>\n<meta property=\"og:image\" content=\"https:\/\/isaute.ca\/wp-content\/uploads\/2024\/03\/230406_iSaute_v2_0076-1-1024x683.jpg\" \/>\n\t<meta property=\"og:image:width\" content=\"1024\" \/>\n\t<meta property=\"og:image:height\" content=\"683\" \/>\n\t<meta property=\"og:image:type\" content=\"image\/jpeg\" \/>\n<meta name=\"twitter:card\" content=\"summary_large_image\" \/>\n<meta name=\"twitter:label1\" content=\"Est. reading time\" \/>\n\t<meta name=\"twitter:data1\" content=\"6 minutes\" \/>\n<script type=\"application\/ld+json\" class=\"yoast-schema-graph\">{\"@context\":\"https:\\\/\\\/schema.org\",\"@graph\":[{\"@type\":\"WebPage\",\"@id\":\"https:\\\/\\\/isaute.ca\\\/forfaits\\\/\",\"url\":\"https:\\\/\\\/isaute.ca\\\/forfaits\\\/\",\"name\":\"Offres sp\u00e9ciales - iSaute\",\"isPartOf\":{\"@id\":\"https:\\\/\\\/isaute.ca\\\/#website\"},\"primaryImageOfPage\":{\"@id\":\"https:\\\/\\\/isaute.ca\\\/forfaits\\\/#primaryimage\"},\"image\":{\"@id\":\"https:\\\/\\\/isaute.ca\\\/forfaits\\\/#primaryimage\"},\"thumbnailUrl\":\"https:\\\/\\\/isaute.ca\\\/wp-content\\\/uploads\\\/2024\\\/03\\\/230406_iSaute_v2_0076-1-scaled.jpg\",\"datePublished\":\"2024-05-08T17:17:27+00:00\",\"dateModified\":\"2025-05-02T13:33:18+00:00\",\"breadcrumb\":{\"@id\":\"https:\\\/\\\/isaute.ca\\\/forfaits\\\/#breadcrumb\"},\"inLanguage\":\"en-US\",\"potentialAction\":[{\"@type\":\"ReadAction\",\"target\":[\"https:\\\/\\\/isaute.ca\\\/forfaits\\\/\"]}]},{\"@type\":\"ImageObject\",\"inLanguage\":\"en-US\",\"@id\":\"https:\\\/\\\/isaute.ca\\\/forfaits\\\/#primaryimage\",\"url\":\"https:\\\/\\\/isaute.ca\\\/wp-content\\\/uploads\\\/2024\\\/03\\\/230406_iSaute_v2_0076-1-scaled.jpg\",\"contentUrl\":\"https:\\\/\\\/isaute.ca\\\/wp-content\\\/uploads\\\/2024\\\/03\\\/230406_iSaute_v2_0076-1-scaled.jpg\",\"width\":2560,\"height\":1707},{\"@type\":\"BreadcrumbList\",\"@id\":\"https:\\\/\\\/isaute.ca\\\/forfaits\\\/#breadcrumb\",\"itemListElement\":[{\"@type\":\"ListItem\",\"position\":1,\"name\":\"Home\",\"item\":\"https:\\\/\\\/isaute.ca\\\/\"},{\"@type\":\"ListItem\",\"position\":2,\"name\":\"Offres sp\u00e9ciales\"}]},{\"@type\":\"WebSite\",\"@id\":\"https:\\\/\\\/isaute.ca\\\/#website\",\"url\":\"https:\\\/\\\/isaute.ca\\\/\",\"name\":\"iSaute\",\"description\":\"Amusement Parks\",\"publisher\":{\"@id\":\"https:\\\/\\\/isaute.ca\\\/#organization\"},\"potentialAction\":[{\"@type\":\"SearchAction\",\"target\":{\"@type\":\"EntryPoint\",\"urlTemplate\":\"https:\\\/\\\/isaute.ca\\\/?s={search_term_string}\"},\"query-input\":{\"@type\":\"PropertyValueSpecification\",\"valueRequired\":true,\"valueName\":\"search_term_string\"}}],\"inLanguage\":\"en-US\"},{\"@type\":\"Organization\",\"@id\":\"https:\\\/\\\/isaute.ca\\\/#organization\",\"name\":\"iSaute\",\"url\":\"https:\\\/\\\/isaute.ca\\\/\",\"logo\":{\"@type\":\"ImageObject\",\"inLanguage\":\"en-US\",\"@id\":\"https:\\\/\\\/isaute.ca\\\/#\\\/schema\\\/logo\\\/image\\\/\",\"url\":\"https:\\\/\\\/isaute.ca\\\/wp-content\\\/uploads\\\/2024\\\/05\\\/isaute-logo-white.svg\",\"contentUrl\":\"https:\\\/\\\/isaute.ca\\\/wp-content\\\/uploads\\\/2024\\\/05\\\/isaute-logo-white.svg\",\"caption\":\"iSaute\"},\"image\":{\"@id\":\"https:\\\/\\\/isaute.ca\\\/#\\\/schema\\\/logo\\\/image\\\/\"}}]}<\/script>\n<!-- \/ Yoast SEO plugin. -->","yoast_head_json":{"title":"Offres sp\u00e9ciales - iSaute","robots":{"index":"index","follow":"follow","max-snippet":"max-snippet:-1","max-image-preview":"max-image-preview:large","max-video-preview":"max-video-preview:-1"},"canonical":"https:\/\/isaute.ca\/en\/offers\/","og_locale":"en_US","og_type":"article","og_title":"Offres sp\u00e9ciales - iSaute","og_description":"Valable uniquement pendant le cr\u00e9neau horaire de 9h \u00e0 10h P&rsquo;tits Sauteurs pour un enfant et un accompagnateur adulte. 17$ Choisir un parc Anjou Brossard Kirkland Laval Quebec Acheter Maintenant Ce qui est inclu Nous r\u00e9servons le parc exclusivement aux petits sauteurs \u00e2g\u00e9s de 6 ans et moins. REMARQUES: Taxes en sus Tous les jours. [&hellip;]","og_url":"https:\/\/isaute.ca\/en\/offers\/","og_site_name":"iSaute","article_modified_time":"2025-05-02T13:33:18+00:00","og_image":[{"width":1024,"height":683,"url":"https:\/\/isaute.ca\/wp-content\/uploads\/2024\/03\/230406_iSaute_v2_0076-1-1024x683.jpg","type":"image\/jpeg"}],"twitter_card":"summary_large_image","twitter_misc":{"Est. reading time":"6 minutes"},"schema":{"@context":"https:\/\/schema.org","@graph":[{"@type":"WebPage","@id":"https:\/\/isaute.ca\/forfaits\/","url":"https:\/\/isaute.ca\/forfaits\/","name":"Offres sp\u00e9ciales - iSaute","isPartOf":{"@id":"https:\/\/isaute.ca\/#website"},"primaryImageOfPage":{"@id":"https:\/\/isaute.ca\/forfaits\/#primaryimage"},"image":{"@id":"https:\/\/isaute.ca\/forfaits\/#primaryimage"},"thumbnailUrl":"https:\/\/isaute.ca\/wp-content\/uploads\/2024\/03\/230406_iSaute_v2_0076-1-scaled.jpg","datePublished":"2024-05-08T17:17:27+00:00","dateModified":"2025-05-02T13:33:18+00:00","breadcrumb":{"@id":"https:\/\/isaute.ca\/forfaits\/#breadcrumb"},"inLanguage":"en-US","potentialAction":[{"@type":"ReadAction","target":["https:\/\/isaute.ca\/forfaits\/"]}]},{"@type":"ImageObject","inLanguage":"en-US","@id":"https:\/\/isaute.ca\/forfaits\/#primaryimage","url":"https:\/\/isaute.ca\/wp-content\/uploads\/2024\/03\/230406_iSaute_v2_0076-1-scaled.jpg","contentUrl":"https:\/\/isaute.ca\/wp-content\/uploads\/2024\/03\/230406_iSaute_v2_0076-1-scaled.jpg","width":2560,"height":1707},{"@type":"BreadcrumbList","@id":"https:\/\/isaute.ca\/forfaits\/#breadcrumb","itemListElement":[{"@type":"ListItem","position":1,"name":"Home","item":"https:\/\/isaute.ca\/"},{"@type":"ListItem","position":2,"name":"Offres sp\u00e9ciales"}]},{"@type":"WebSite","@id":"https:\/\/isaute.ca\/#website","url":"https:\/\/isaute.ca\/","name":"iSaute","description":"Amusement Parks","publisher":{"@id":"https:\/\/isaute.ca\/#organization"},"potentialAction":[{"@type":"SearchAction","target":{"@type":"EntryPoint","urlTemplate":"https:\/\/isaute.ca\/?s={search_term_string}"},"query-input":{"@type":"PropertyValueSpecification","valueRequired":true,"valueName":"search_term_string"}}],"inLanguage":"en-US"},{"@type":"Organization","@id":"https:\/\/isaute.ca\/#organization","name":"iSaute","url":"https:\/\/isaute.ca\/","logo":{"@type":"ImageObject","inLanguage":"en-US","@id":"https:\/\/isaute.ca\/#\/schema\/logo\/image\/","url":"https:\/\/isaute.ca\/wp-content\/uploads\/2024\/05\/isaute-logo-white.svg","contentUrl":"https:\/\/isaute.ca\/wp-content\/uploads\/2024\/05\/isaute-logo-white.svg","caption":"iSaute"},"image":{"@id":"https:\/\/isaute.ca\/#\/schema\/logo\/image\/"}}]}},"_links":{"self":[{"href":"https:\/\/isaute.ca\/en\/wp-json\/wp\/v2\/pages\/2256","targetHints":{"allow":["GET"]}}],"collection":[{"href":"https:\/\/isaute.ca\/en\/wp-json\/wp\/v2\/pages"}],"about":[{"href":"https:\/\/isaute.ca\/en\/wp-json\/wp\/v2\/types\/page"}],"author":[{"embeddable":true,"href":"https:\/\/isaute.ca\/en\/wp-json\/wp\/v2\/users\/13"}],"replies":[{"embeddable":true,"href":"https:\/\/isaute.ca\/en\/wp-json\/wp\/v2\/comments?post=2256"}],"version-history":[{"count":0,"href":"https:\/\/isaute.ca\/en\/wp-json\/wp\/v2\/pages\/2256\/revisions"}],"wp:featuredmedia":[{"embeddable":true,"href":"https:\/\/isaute.ca\/en\/wp-json\/wp\/v2\/media\/54808"}],"wp:attachment":[{"href":"https:\/\/isaute.ca\/en\/wp-json\/wp\/v2\/media?parent=2256"}],"curies":[{"name":"wp","href":"https:\/\/api.w.org\/{rel}","templated":true}]}}