{"id":1266,"date":"2024-04-06T15:04:44","date_gmt":"2024-04-06T22:04:44","guid":{"rendered":"https:\/\/isaute.local\/?page_id=1266"},"modified":"2026-03-20T03:21:48","modified_gmt":"2026-03-20T10:21:48","slug":"activities","status":"publish","type":"page","link":"https:\/\/isaute.ca\/en\/activities\/","title":{"rendered":"Activities"},"content":{"rendered":"<h2>Select a Park<\/h2>\r\n<p><img decoding=\"async\" src=\"https:\/\/isaute.ca\/wp-content\/uploads\/2024\/03\/Lunar-park-800x600.jpg\" \/><\/p>\r\n<h3>Lunar Park<\/h3>\r\n<p>Discover the lunar park, where a cosmic adventure awaits! Start your journey with the Shuttle Climb, climbing up to the control tower to choose your next thrilling escapade.<\/p>\r\n<p>Faites une ultime pouss\u00e9e d\u2019adr\u00e9naline avec le \u00ab<em>Bailout<\/em>\u00bb \u2013 imaginez-vous en train de sauter d\u2019un avion et votre mission- Atterrir gracieusement sur le coussin gonflable situ\u00e9 en dessous ou opter pour une escapade rapide le long de nos glissades d\u2019\u00e9vacuation. Quel que soit votre niveau d\u2019habilet\u00e9, le plaisir est garanti tout au long de votre aventure lunaire.<\/p>\r\n<p><a>Read More<\/a> <img decoding=\"async\" src=\"https:\/\/isaute.ca\/wp-content\/uploads\/2024\/03\/Club-Saute-800x600.jpg\" \/><\/p>\r\n<h3>Club Saute<\/h3>\r\n<p>Chaque vendredi et samedi soir, nous baissons les lumi\u00e8res et allumons les lasers et les lumi\u00e8res noires((Blacklights) pour une exp\u00e9rience unique. C\u2019est l\u2019endroit id\u00e9al pour rencontrer des amis tout en testant ses capacit\u00e9s sportives.<\/p>\r\n<p><strong>We offer two options for this package:<\/strong><\/p>\r\n<ul>\r\n<li><strong>Club Saute General :\u00a0<\/strong>Open every Friday and Saturday from 7pm to 9pm.<\/li>\r\n<li>\u00a0<strong>Club Saute 13ans+ :<\/strong> Offered to kids 13 years and older every Friday and Saturday from 9pm to 11pm.<\/li>\r\n<\/ul>\r\n<p><a>Read More<\/a> <img decoding=\"async\" src=\"https:\/\/isaute.ca\/wp-content\/uploads\/2024\/03\/Open-jump-activities-800x600.jpg\" \/><\/p>\r\n<h3>Open Jump<\/h3>\r\n<p>Avec plus de 50 trampolines interconnect\u00e9s, nous avons quelque chose pour tout le monde! En famille, entre amis ou m\u00eame entre coll\u00e8gues, Isaute est l\u2019endroit id\u00e9al pour une sortie r\u00e9ussie!<\/p>\r\n<p><a>Read More<\/a><\/p>\r\n<!-- .pp-content-posts -->\r\n<p><img decoding=\"async\" title=\"dark-blue-swoops\" src=\"https:\/\/isaute.ca\/wp-content\/uploads\/2024\/04\/dark-blue-swoops.png\" alt=\"blue Cruv\" width=\"662\" height=\"327\" \/><\/p>\r\n<h2>Galerie d&rsquo;activit\u00e9s<\/h2>\r\n<h3>VIRTUAL TOURS<\/h3>\r\n<p>Virtually visit our two locations as if you were there to discover all the<br \/>fa\u00e7ons de s&rsquo;amuser en grimpant !<\/p>\r\n<p><a href=\"\/en\/virtual-tour\/\" target=\"_blank\" rel=\"noopener\"> Take A Virtual Tour <\/a> <img decoding=\"async\" src=\"https:\/\/isaute.ca\/wp-content\/uploads\/2024\/03\/Action-foam-2-800x600.jpg\" \/><\/p>\r\n<h3>P'tits sauteurs<\/h3>\r\n<p>Zone r\u00e9serv\u00e9e aux tout-petits de 6 ans et moins en tout temps. Cela leur permettra de s\u2019amuser pendant le temps de saut libre.<\/p>\r\n<p><strong>*Note<\/strong>: Nous r\u00e9servons \u00e9galement l\u2019ensemble du parc aux enfants de 6 ans et moins de 9h \u00e0 10h tous les jours.<\/p>\r\n<p><a>Read More<\/a> <img decoding=\"async\" src=\"https:\/\/isaute.ca\/wp-content\/uploads\/2024\/03\/iSaute-Dodgeball-800x600.png\" \/><\/p>\r\n<h3>Dodgeball<\/h3>\r\n<p>Prenez le jeu traditionnel de ballon-chasseur, ajoutez des trampolines et vous obtenez soudainement l\u2019\u00e9v\u00e9nement comp\u00e9titif le plus agr\u00e9able qui soit. C\u2019est parfait pour renforcer l\u2019esprit d\u2019\u00e9quipe ou les \u00e9v\u00e9nements d\u2019entreprise o\u00f9 il est tout \u00e0 fait possible de mettre votre patron sur la sellette. Venez essayer le ballon-chasseur!<\/p>\r\n<p><a>Read More<\/a> <img decoding=\"async\" src=\"https:\/\/isaute.ca\/wp-content\/uploads\/2024\/04\/Turbulence-1-800x600.jpg\" \/><\/p>\r\n<h3>Turbulence<\/h3>\r\n<p>\u00cates-vous pr\u00eat \u00e0 vivre une exp\u00e9rience palpitante dans notre toute nouvelle attraction \u00abTurbulence\u00bb?<\/p>\r\n<p>Get ready to rocket off into new dimensions of fun and excitement.<\/p>\r\n<p>Discover how this revolutionary attraction will take your trampoline experience to new heights!<\/p>\r\n<p><a>Read More<\/a> <img decoding=\"async\" src=\"https:\/\/isaute.ca\/wp-content\/uploads\/2024\/08\/Trapeze-scaled-e1723441949199-800x600.jpg\" \/><\/p>\r\n<h3>Trapeze<\/h3>\r\n<p>D\u00e9veloppez vos comp\u00e9tences acrobatiques sur notre activit\u00e9 de trap\u00e8ze. Voler au-dessus de cubes de mousse n\u2019a jamais \u00e9t\u00e9 aussi amusant!<\/p>\r\n<p><a>Read More<\/a> <img decoding=\"async\" src=\"https:\/\/isaute.ca\/wp-content\/uploads\/2024\/04\/Arcade-800x600.jpg\" \/><\/p>\r\n<h3>Arcades<\/h3>\r\n<p><strong>NEW<\/strong><\/p>\r\n<p>Une grande vari\u00e9t\u00e9 de jeux d\u2019arcade vous attend\u2026 Testez vos comp\u00e9tences sur l\u2019un des nombreux jeux mis \u00e0 votre disposition pour une exp\u00e9rience de divertissement ultime!<\/p>\r\n<p>Demandez \u00e0 un membre de l\u2019\u00e9quipe pour acheter une carte \u00e0 jetons lors de votre prochaine visite.<\/p>\r\n<p>Click on buy now to reserve for jump time!<\/p>\r\n<p><a>Read More<\/a><\/p>\r\n<!-- .pp-content-posts -->\r\n<h2>Stay connected!<\/h2>\r\n<p><div class=\"social-wrap\"><a href=\"https:\/\/www.facebook.com\/iSaute\/\" target=\"_blank\" class=\"social-icon\"><i class=\"fa-classic fa-brands fa-facebook-f\" aria-hidden=\"true\"><\/i><\/a><a href=\"https:\/\/www.instagram.com\/isaute\/\" target=\"_blank\" class=\"social-icon\"><i class=\"fa-classic fa-brands fa-instagram\" aria-hidden=\"true\"><\/i><\/a><a href=\"https:\/\/www.pinterest.ca\/iSautetrampolinecenters\/?invite_code=abb319b4a1bb4eedb677c756a650554b&#038;sender=816136901131277272\" target=\"_blank\" class=\"social-icon\"><i class=\"fa-classic fa-brands fa-pinterest-p\" aria-hidden=\"true\"><\/i><\/a><a href=\"https:\/\/www.tiktok.com\/@isautetrampolineparks\" target=\"_blank\" class=\"social-icon\"><i class=\"fa-classic fa-brands fa-tiktok\" aria-hidden=\"true\"><\/i><\/a><a href=\"https:\/\/www.youtube.com\/channel\/UCCmkN164IjcgGeMJ_UnrGaw\" target=\"_blank\" class=\"social-icon\"><i class=\"fa-classic fa-brands fa-youtube\" aria-hidden=\"true\"><\/i><\/a><\/div><img decoding=\"async\" src=\"https:\/\/isaute.ca\/wp-content\/uploads\/2024\/04\/Battle-beam-800x600.jpg\" \/><\/p>\r\n<h3>Battle Beam<\/h3>\r\n<p>Become an instant gladiator over our foam pits. A fight on our beam will prove which is the best. In this game of friendly yet competitive combat, the aim is simple; grab a Pugil stick and the first person to knock their opponent off the beam wins!<\/p>\r\n<p><a>Read More<\/a> <img decoding=\"async\" src=\"https:\/\/isaute.ca\/wp-content\/uploads\/2024\/04\/face-to-face-wall-800x600.jpg\" \/><\/p>\r\n<h3>Face to face wall<\/h3>\r\n<p>Un mur d\u2019escalade qui vous permettra de tester vos habilit\u00e9s face \u00e0 face sur un mur transparent. D\u00e9fiez vos amis ou offrez des mots d\u2019encouragement!<\/p>\r\n<p><a>Read More<\/a> <img decoding=\"async\" src=\"https:\/\/isaute.ca\/wp-content\/uploads\/2024\/04\/iSaute-Ninja-800x600.png\" \/><\/p>\r\n<h3>Ninja Course<\/h3>\r\n<p>Le parcours Ninja est un petit parcours d\u2019agilit\u00e9 o\u00f9 les jeunes peuvent grimper et sauter en toute libert\u00e9. Certains obstacles seront tr\u00e8s faciles \u00e0 surmonter et d\u2019autres n\u00e9cessiteront plus de pratique. C\u2019est un excellent moyen de se mettre au d\u00e9fi tout en \u00e9tant physiquement actif!<\/p>\r\n<p><a>Read More<\/a> <img decoding=\"async\" src=\"https:\/\/isaute.ca\/wp-content\/uploads\/2024\/04\/iSaute-Action-escalade-14-800x600.jpg\" \/><\/p>\r\n<h3>Climbing structure<\/h3>\r\n<p>Diff\u00e9rentes structures sont \u00e0 votre disposition pour vous permettre d\u2019appr\u00e9cier l\u2019escalade. L\u2019escalade permet de d\u00e9velopper des comp\u00e9tences physiques, cognitives, sociales et \u00e9motionnelles.<\/p>\r\n<p><a>Read More<\/a> <img decoding=\"async\" src=\"https:\/\/isaute.ca\/wp-content\/uploads\/2024\/04\/iSaute-Laser-Maze-laval4-800x600.png\" \/><\/p>\r\n<h3>Laser Maze<\/h3>\r\n<p>You think you're a good spy? Come and test your dexterity and agility in our Laser Maze. Will you be able to climb our ranking and become the ultimate ninja?<\/p>\r\n<p><a>Read More<\/a> <img decoding=\"async\" src=\"https:\/\/isaute.ca\/wp-content\/uploads\/2024\/04\/Slackline-800x600.jpg\" \/><\/p>\r\n<h3>Slackline<\/h3>\r\n<p>Avez-vous d\u00e9j\u00e0 essay\u00e9 de vous balancer sur une corde? Ce n\u2019est pas facile, relevez le d\u00e9fi sur notre Slackline et voyez combien de minutes il vous faudra pour traverser la corde d\u2019un bout \u00e0 l\u2019autre.<\/p>\r\n<p><a>Read More<\/a> <img decoding=\"async\" src=\"https:\/\/isaute.ca\/wp-content\/uploads\/2024\/04\/wipe-out-2-800x600.jpg\" \/><\/p>\r\n<h3>Wipe Out<\/h3>\r\n<p>Amusement garanti avec le jeu Wipe Out! D\u00e9fiez vos amis dans un jeu du dernier homme debout ou chronom\u00e9trez-vous pour voir combien de temps vous pouvez tenir avant d\u2019\u00eatre \u00e9limin\u00e9. Une nouvelle exp\u00e9rience de saut que vous n\u2019oublierez pas!<\/p>\r\n<p><a>Read More<\/a> <img decoding=\"async\" src=\"https:\/\/isaute.ca\/wp-content\/uploads\/2024\/03\/inflatable-air-court-800x600.jpg\" \/><\/p>\r\n<h3>Lunar Court<\/h3>\r\n<p>Immerse yourself in an unprecedented sporting experience with our latest sensational attraction: <strong>The Lunar Court!<\/strong><\/p>\r\n<p>Il donne une toute nouvelle dimension \u00e0 votre passion pour le Basket-ball et le Soccer. Imaginez que vous dribbliez sur un sol aussi souple que des nuages rebondissants. Oui, c\u2019est vrai, un sol qui vous propulsera vers de nouveaux sommets de plaisir! Notre terrain de sport est unique en son genre et ouvert \u00e0 tous les \u00e2ges. Venez \u00e0 iSaute Brossard et laissez la magie de l\u2019amusement s\u2019envoler sur notre court unique.<\/p>\r\n<p><a>Read More<\/a><\/p>\r\n<!-- .pp-content-posts -->\r\n<p><img decoding=\"async\" title=\"Path-29\" src=\"https:\/\/isaute.ca\/wp-content\/uploads\/2024\/05\/Path-29-1.png\" alt=\"Curve\" width=\"340\" height=\"102\" \/><\/p>","protected":false},"excerpt":{"rendered":"<p>Choisir un parc Parc Lunaire D\u00e9couvrez le parc lunaire, o\u00f9 une aventure cosmique vous attend! Commencez votre voyage avec la navette spatiale, en montant \u00e0 la tour de contr\u00f4le pour choisir votre prochaine escapade palpitante. Faites une ultime pouss\u00e9e d\u2019adr\u00e9naline avec le \u00abBailout\u00bb \u2013 imaginez-vous en train de sauter d\u2019un avion et votre mission- Atterrir [&hellip;]<\/p>","protected":false},"author":13,"featured_media":54713,"parent":0,"menu_order":6,"comment_status":"closed","ping_status":"closed","template":"","meta":{"_acf_changed":false,"site-sidebar-layout":"default","site-content-layout":"","ast-site-content-layout":"default","site-content-style":"default","site-sidebar-style":"default","ast-global-header-display":"","ast-banner-title-visibility":"","ast-main-header-display":"","ast-hfb-above-header-display":"","ast-hfb-below-header-display":"","ast-hfb-mobile-header-display":"","site-post-title":"","ast-breadcrumbs-content":"","ast-featured-img":"","footer-sml-layout":"","ast-disable-related-posts":"","theme-transparent-header-meta":"","adv-header-id-meta":"","stick-header-meta":"","header-above-stick-meta":"","header-main-stick-meta":"","header-below-stick-meta":"","astra-migrate-meta-layouts":"set","ast-page-background-enabled":"default","ast-page-background-meta":{"desktop":{"background-color":"var(--ast-global-color-4)","background-image":"","background-repeat":"repeat","background-position":"center center","background-size":"auto","background-attachment":"scroll","background-type":"","background-media":"","overlay-type":"","overlay-color":"","overlay-opacity":"","overlay-gradient":""},"tablet":{"background-color":"","background-image":"","background-repeat":"repeat","background-position":"center center","background-size":"auto","background-attachment":"scroll","background-type":"","background-media":"","overlay-type":"","overlay-color":"","overlay-opacity":"","overlay-gradient":""},"mobile":{"background-color":"","background-image":"","background-repeat":"repeat","background-position":"center center","background-size":"auto","background-attachment":"scroll","background-type":"","background-media":"","overlay-type":"","overlay-color":"","overlay-opacity":"","overlay-gradient":""}},"ast-content-background-meta":{"desktop":{"background-color":"var(--ast-global-color-5)","background-image":"","background-repeat":"repeat","background-position":"center center","background-size":"auto","background-attachment":"scroll","background-type":"","background-media":"","overlay-type":"","overlay-color":"","overlay-opacity":"","overlay-gradient":""},"tablet":{"background-color":"var(--ast-global-color-5)","background-image":"","background-repeat":"repeat","background-position":"center center","background-size":"auto","background-attachment":"scroll","background-type":"","background-media":"","overlay-type":"","overlay-color":"","overlay-opacity":"","overlay-gradient":""},"mobile":{"background-color":"var(--ast-global-color-5)","background-image":"","background-repeat":"repeat","background-position":"center center","background-size":"auto","background-attachment":"scroll","background-type":"","background-media":"","overlay-type":"","overlay-color":"","overlay-opacity":"","overlay-gradient":""}},"footnotes":""},"class_list":["post-1266","page","type-page","status-publish","has-post-thumbnail","hentry"],"acf":[],"yoast_head":"<!-- This site is optimized with the Yoast SEO plugin v27.3 - https:\/\/yoast.com\/product\/yoast-seo-wordpress\/ -->\n<title>Activit\u00e9s iSaute | Parc de Trampolines, Ninja Course &amp; Jeux<\/title>\n<meta name=\"description\" content=\"La meilleure activit\u00e9 \u00e0 Anjou, pour enfants, adultes et familles, c&#039;est le parc d&#039;amusement iSaute! D\u00e9couvrez nos trampolines, parcours de ninja et bien plus!\" \/>\n<meta name=\"robots\" content=\"index, follow, max-snippet:-1, max-image-preview:large, max-video-preview:-1\" \/>\n<link rel=\"canonical\" href=\"https:\/\/isaute.ca\/en\/activity\/\" \/>\n<meta property=\"og:locale\" content=\"en_US\" \/>\n<meta property=\"og:type\" content=\"article\" \/>\n<meta property=\"og:title\" content=\"Activit\u00e9s iSaute | Parc de Trampolines, Ninja Course &amp; Jeux\" \/>\n<meta property=\"og:description\" content=\"La meilleure activit\u00e9 \u00e0 Anjou, pour enfants, adultes et familles, c&#039;est le parc d&#039;amusement iSaute! D\u00e9couvrez nos trampolines, parcours de ninja et bien plus!\" \/>\n<meta property=\"og:url\" content=\"https:\/\/isaute.ca\/en\/activity\/\" \/>\n<meta property=\"og:site_name\" content=\"iSaute\" \/>\n<meta property=\"article:modified_time\" content=\"2026-03-20T10:21:48+00:00\" \/>\n<meta property=\"og:image\" content=\"https:\/\/isaute.ca\/wp-content\/uploads\/2024\/08\/General-Activities-page_Opt-2-791x1024.jpg\" \/>\n\t<meta property=\"og:image:width\" content=\"791\" \/>\n\t<meta property=\"og:image:height\" content=\"1024\" \/>\n\t<meta property=\"og:image:type\" content=\"image\/jpeg\" \/>\n<meta name=\"twitter:card\" content=\"summary_large_image\" \/>\n<meta name=\"twitter:label1\" content=\"Est. reading time\" \/>\n\t<meta name=\"twitter:data1\" content=\"4 minutes\" \/>\n<script type=\"application\/ld+json\" class=\"yoast-schema-graph\">{\"@context\":\"https:\\\/\\\/schema.org\",\"@graph\":[{\"@type\":\"WebPage\",\"@id\":\"https:\\\/\\\/isaute.ca\\\/activites\\\/\",\"url\":\"https:\\\/\\\/isaute.ca\\\/activity\\\/\",\"name\":\"Activit\u00e9s iSaute | Parc de Trampolines, Ninja Course & Jeux\",\"isPartOf\":{\"@id\":\"https:\\\/\\\/isaute.ca\\\/#website\"},\"primaryImageOfPage\":{\"@id\":\"https:\\\/\\\/isaute.ca\\\/activity\\\/#primaryimage\"},\"image\":{\"@id\":\"https:\\\/\\\/isaute.ca\\\/activity\\\/#primaryimage\"},\"thumbnailUrl\":\"https:\\\/\\\/isaute.ca\\\/wp-content\\\/uploads\\\/2024\\\/08\\\/General-Activities-page_Opt-2-scaled.jpg\",\"datePublished\":\"2024-04-06T22:04:44+00:00\",\"dateModified\":\"2026-03-20T10:21:48+00:00\",\"description\":\"La meilleure activit\u00e9 \u00e0 Anjou, pour enfants, adultes et familles, c'est le parc d'amusement iSaute! D\u00e9couvrez nos trampolines, parcours de ninja et bien plus!\",\"breadcrumb\":{\"@id\":\"https:\\\/\\\/isaute.ca\\\/activity\\\/#breadcrumb\"},\"inLanguage\":\"en-US\",\"potentialAction\":[{\"@type\":\"ReadAction\",\"target\":[\"https:\\\/\\\/isaute.ca\\\/activity\\\/\"]}]},{\"@type\":\"ImageObject\",\"inLanguage\":\"en-US\",\"@id\":\"https:\\\/\\\/isaute.ca\\\/activity\\\/#primaryimage\",\"url\":\"https:\\\/\\\/isaute.ca\\\/wp-content\\\/uploads\\\/2024\\\/08\\\/General-Activities-page_Opt-2-scaled.jpg\",\"contentUrl\":\"https:\\\/\\\/isaute.ca\\\/wp-content\\\/uploads\\\/2024\\\/08\\\/General-Activities-page_Opt-2-scaled.jpg\",\"width\":1978,\"height\":2560},{\"@type\":\"BreadcrumbList\",\"@id\":\"https:\\\/\\\/isaute.ca\\\/activity\\\/#breadcrumb\",\"itemListElement\":[{\"@type\":\"ListItem\",\"position\":1,\"name\":\"Home\",\"item\":\"https:\\\/\\\/isaute.ca\\\/\"},{\"@type\":\"ListItem\",\"position\":2,\"name\":\"Activit\u00e9s\"}]},{\"@type\":\"WebSite\",\"@id\":\"https:\\\/\\\/isaute.ca\\\/#website\",\"url\":\"https:\\\/\\\/isaute.ca\\\/\",\"name\":\"iSaute\",\"description\":\"Amusement Parks\",\"publisher\":{\"@id\":\"https:\\\/\\\/isaute.ca\\\/#organization\"},\"potentialAction\":[{\"@type\":\"SearchAction\",\"target\":{\"@type\":\"EntryPoint\",\"urlTemplate\":\"https:\\\/\\\/isaute.ca\\\/?s={search_term_string}\"},\"query-input\":{\"@type\":\"PropertyValueSpecification\",\"valueRequired\":true,\"valueName\":\"search_term_string\"}}],\"inLanguage\":\"en-US\"},{\"@type\":\"Organization\",\"@id\":\"https:\\\/\\\/isaute.ca\\\/#organization\",\"name\":\"iSaute\",\"url\":\"https:\\\/\\\/isaute.ca\\\/\",\"logo\":{\"@type\":\"ImageObject\",\"inLanguage\":\"en-US\",\"@id\":\"https:\\\/\\\/isaute.ca\\\/#\\\/schema\\\/logo\\\/image\\\/\",\"url\":\"https:\\\/\\\/isaute.ca\\\/wp-content\\\/uploads\\\/2024\\\/05\\\/isaute-logo-white.svg\",\"contentUrl\":\"https:\\\/\\\/isaute.ca\\\/wp-content\\\/uploads\\\/2024\\\/05\\\/isaute-logo-white.svg\",\"caption\":\"iSaute\"},\"image\":{\"@id\":\"https:\\\/\\\/isaute.ca\\\/#\\\/schema\\\/logo\\\/image\\\/\"}}]}<\/script>\n<!-- \/ Yoast SEO plugin. -->","yoast_head_json":{"title":"Activit\u00e9s iSaute | Parc de Trampolines, Ninja Course & Jeux","description":"La meilleure activit\u00e9 \u00e0 Anjou, pour enfants, adultes et familles, c'est le parc d'amusement iSaute! D\u00e9couvrez nos trampolines, parcours de ninja et bien plus!","robots":{"index":"index","follow":"follow","max-snippet":"max-snippet:-1","max-image-preview":"max-image-preview:large","max-video-preview":"max-video-preview:-1"},"canonical":"https:\/\/isaute.ca\/en\/activity\/","og_locale":"en_US","og_type":"article","og_title":"Activit\u00e9s iSaute | Parc de Trampolines, Ninja Course & Jeux","og_description":"La meilleure activit\u00e9 \u00e0 Anjou, pour enfants, adultes et familles, c'est le parc d'amusement iSaute! D\u00e9couvrez nos trampolines, parcours de ninja et bien plus!","og_url":"https:\/\/isaute.ca\/en\/activity\/","og_site_name":"iSaute","article_modified_time":"2026-03-20T10:21:48+00:00","og_image":[{"width":791,"height":1024,"url":"https:\/\/isaute.ca\/wp-content\/uploads\/2024\/08\/General-Activities-page_Opt-2-791x1024.jpg","type":"image\/jpeg"}],"twitter_card":"summary_large_image","twitter_misc":{"Est. reading time":"4 minutes"},"schema":{"@context":"https:\/\/schema.org","@graph":[{"@type":"WebPage","@id":"https:\/\/isaute.ca\/activites\/","url":"https:\/\/isaute.ca\/activity\/","name":"Activit\u00e9s iSaute | Parc de Trampolines, Ninja Course & Jeux","isPartOf":{"@id":"https:\/\/isaute.ca\/#website"},"primaryImageOfPage":{"@id":"https:\/\/isaute.ca\/activity\/#primaryimage"},"image":{"@id":"https:\/\/isaute.ca\/activity\/#primaryimage"},"thumbnailUrl":"https:\/\/isaute.ca\/wp-content\/uploads\/2024\/08\/General-Activities-page_Opt-2-scaled.jpg","datePublished":"2024-04-06T22:04:44+00:00","dateModified":"2026-03-20T10:21:48+00:00","description":"La meilleure activit\u00e9 \u00e0 Anjou, pour enfants, adultes et familles, c'est le parc d'amusement iSaute! D\u00e9couvrez nos trampolines, parcours de ninja et bien plus!","breadcrumb":{"@id":"https:\/\/isaute.ca\/activity\/#breadcrumb"},"inLanguage":"en-US","potentialAction":[{"@type":"ReadAction","target":["https:\/\/isaute.ca\/activity\/"]}]},{"@type":"ImageObject","inLanguage":"en-US","@id":"https:\/\/isaute.ca\/activity\/#primaryimage","url":"https:\/\/isaute.ca\/wp-content\/uploads\/2024\/08\/General-Activities-page_Opt-2-scaled.jpg","contentUrl":"https:\/\/isaute.ca\/wp-content\/uploads\/2024\/08\/General-Activities-page_Opt-2-scaled.jpg","width":1978,"height":2560},{"@type":"BreadcrumbList","@id":"https:\/\/isaute.ca\/activity\/#breadcrumb","itemListElement":[{"@type":"ListItem","position":1,"name":"Home","item":"https:\/\/isaute.ca\/"},{"@type":"ListItem","position":2,"name":"Activit\u00e9s"}]},{"@type":"WebSite","@id":"https:\/\/isaute.ca\/#website","url":"https:\/\/isaute.ca\/","name":"iSaute","description":"Amusement Parks","publisher":{"@id":"https:\/\/isaute.ca\/#organization"},"potentialAction":[{"@type":"SearchAction","target":{"@type":"EntryPoint","urlTemplate":"https:\/\/isaute.ca\/?s={search_term_string}"},"query-input":{"@type":"PropertyValueSpecification","valueRequired":true,"valueName":"search_term_string"}}],"inLanguage":"en-US"},{"@type":"Organization","@id":"https:\/\/isaute.ca\/#organization","name":"iSaute","url":"https:\/\/isaute.ca\/","logo":{"@type":"ImageObject","inLanguage":"en-US","@id":"https:\/\/isaute.ca\/#\/schema\/logo\/image\/","url":"https:\/\/isaute.ca\/wp-content\/uploads\/2024\/05\/isaute-logo-white.svg","contentUrl":"https:\/\/isaute.ca\/wp-content\/uploads\/2024\/05\/isaute-logo-white.svg","caption":"iSaute"},"image":{"@id":"https:\/\/isaute.ca\/#\/schema\/logo\/image\/"}}]}},"_links":{"self":[{"href":"https:\/\/isaute.ca\/en\/wp-json\/wp\/v2\/pages\/1266","targetHints":{"allow":["GET"]}}],"collection":[{"href":"https:\/\/isaute.ca\/en\/wp-json\/wp\/v2\/pages"}],"about":[{"href":"https:\/\/isaute.ca\/en\/wp-json\/wp\/v2\/types\/page"}],"author":[{"embeddable":true,"href":"https:\/\/isaute.ca\/en\/wp-json\/wp\/v2\/users\/13"}],"replies":[{"embeddable":true,"href":"https:\/\/isaute.ca\/en\/wp-json\/wp\/v2\/comments?post=1266"}],"version-history":[{"count":0,"href":"https:\/\/isaute.ca\/en\/wp-json\/wp\/v2\/pages\/1266\/revisions"}],"wp:featuredmedia":[{"embeddable":true,"href":"https:\/\/isaute.ca\/en\/wp-json\/wp\/v2\/media\/54713"}],"wp:attachment":[{"href":"https:\/\/isaute.ca\/en\/wp-json\/wp\/v2\/media?parent=1266"}],"curies":[{"name":"wp","href":"https:\/\/api.w.org\/{rel}","templated":true}]}}