{"id":1242,"date":"2024-03-27T11:17:49","date_gmt":"2024-03-27T18:17:49","guid":{"rendered":"https:\/\/isaute.local\/?page_id=1242"},"modified":"2025-12-29T13:07:40","modified_gmt":"2025-12-29T21:07:40","slug":"faqs","status":"publish","type":"page","link":"https:\/\/isaute.ca\/en\/faqs\/","title":{"rendered":"Frequently asked questions"},"content":{"rendered":"<h5>Do I need to make a reservation? How can I get tickets?<\/h5>\n\t\t\t\t\t<p>Nous vous recommandons fortement de faire une r\u00e9servation en ligne avant votre visite au parc afin de r\u00e9server l&rsquo;heure souhait\u00e9e.<\/p>\n<p>Pour vous faciliter la t\u00e2che, les billets peuvent \u00eatre achet\u00e9s et les d\u00e9charges remplies directement sur notre site internet. Et n&rsquo;oubliez pas, s&rsquo;il reste des places disponibles, vous pouvez \u00e9galement acheter vos billets en personne au parc.<\/p>\n\t\t\t\t<h5>Qu&rsquo;est-ce qu&rsquo;une d\u00e9charge? Suis-je oblig\u00e9 de signer une d\u00e9charge m\u00eame si je ne participe pas \u00e0 des activit\u00e9s de saut?<\/h5>\n\t\t\t\t\t<p>La \u00ab\u00a0d\u00e9charge\u00a0\u00bb est un document de responsabilit\u00e9 d&rsquo;iSaute d\u00fbment rempli et sign\u00e9, qui doit \u00eatre pr\u00e9sent\u00e9 pour que les personnes puissent participer aux activit\u00e9s ou acc\u00e9der \u00e0 la zone d&rsquo;attractions.<\/p>\n<p>This document is <strong>MANDATORY <\/strong>pour tous les visiteurs du parc, qu&rsquo;ils aient ou non l&rsquo;intention de participer \u00e0 des activit\u00e9s de saut.<\/p>\n<p>Dans le cas des participants \u00e2g\u00e9s de moins de 18 ans, il est imp\u00e9ratif qu&rsquo;un parent, un tuteur l\u00e9gal ou une personne titulaire de l&rsquo;autorit\u00e9 parentale en vertu du Code civil du Qu\u00e9bec remplisse et signe la d\u00e9charge au nom de l&rsquo;enfant mineur.<\/p>\n<p>Pour vous faciliter la t\u00e2che, la d\u00e9charge iSaute peut \u00eatre remplie en ligne, \u00e0 partir de n&rsquo;importe quel t\u00e9l\u00e9phone intelligent ou ordinateur.<\/p>\n\t\t\t\t<h5>Y a-t-il une limite d&rsquo;\u00e2ge pour sauter?<\/h5>\n\t\t\t\t\t<p>If you can walk, you can jump! We have a designated area for <strong>jumpers 6 years &amp; younger<\/strong>. Tous les jours, nous r\u00e9servons l&rsquo;ensemble du parc uniquement pour nos <strong>little jumpers from 9am-10am<\/strong>. On Friday and Saturday evenings 9pm to 11pm, the park is reserved to <strong>jumpers from 13 years old and over. <\/strong><\/p>\n<p><strong>Les mineurs de moins de 13 ans doivent \u00eatre accompagn\u00e9s d&rsquo;un adulte responsable lorsqu&rsquo;ils se trouvent dans l&rsquo;\u00e9tablissement.\u00a0 Veuillez noter que l&#8217;emplacement de Laval ne dispose pas d&rsquo;une zone r\u00e9serv\u00e9e aux enfants de 6 ans et moins.<\/strong><\/p>\n\t\t\t\t<h5>Is there a weight limit to jump?<\/h5>\n<p>Yes, our manufacturer informs us that the weight limit to jump on the trampolines is set at 300 lbs (136 kg).<\/p>\n\u00a0\n\t\t\t\t<h5>What should I wear to jump?<\/h5>\n<p>It is best to wear loose, comfortable clothing. Shoes are not allowed on the trampolines. For safety reasons, iSaute socks (available for purchase on-site, $3.99 + tax) are required; you can reuse them on your next visits.<\/p>\n<p><em>**Please note that socks from other parks will not be accepted, thank you for your understanding.<\/em><\/p>\n<p><strong>The equivalence of stocking sizes<\/strong><\/p>\n<table>\n<tbody>\n<tr>\n<td width=\"84\" height=\"38\"><strong>Size<\/strong><\/td>\n<td width=\"273\"><strong>Shoe size equivalency<\/strong><\/td>\n<\/tr>\n<tr>\n<td height=\"38\">ST<\/td>\n<td width=\"273\">(Child Size) Up to 7<\/td>\n<\/tr>\n<tr>\n<td height=\"38\">T<\/td>\n<td width=\"273\">(Child size) 7 to 13<\/td>\n<\/tr>\n<tr>\n<td height=\"38\">S<\/td>\n<td width=\"273\">1 &#8211; 3<\/td>\n<\/tr>\n<tr>\n<td height=\"38\">M<\/td>\n<td width=\"273\">4 &#8211; 7<\/td>\n<\/tr>\n<tr>\n<td height=\"38\">L<\/td>\n<td width=\"273\">8 &#8211; 9<\/td>\n<\/tr>\n<tr>\n<td height=\"38\">XL<\/td>\n<td width=\"273\">10-11<\/td>\n<\/tr>\n<tr>\n<td height=\"38\">XXL<\/td>\n<td width=\"273\">12+<\/td>\n<\/tr>\n<tr>\n<td height=\"38\">\u00a0<\/td>\n<td width=\"273\">\u00a0<\/td>\n<\/tr>\n<\/tbody>\n<\/table>\n\u00a0\n\t\t\t\t<h5>Do you have lockers?<\/h5>\n<p>We have individual electronic lockers for personal items. Small ones are 3$ and large ones are 5$. We encourage this practice for valuables!<\/p>\n\u00a0\n\t\t\t\t<h5>Autorisez-vous l&rsquo;apport de nourriture ou de boissons de l&rsquo;ext\u00e9rieur?<\/h5>\n\t\t\t\t\tPlease note that outside food and beverages are <strong>NOT permitted<\/strong> dans nos parcs, sauf si vous avez r\u00e9serv\u00e9 un forfait pour une f\u00eate d&rsquo;anniversaire. Si vous organisez une f\u00eate d&rsquo;anniversaire avec nous, vous pouvez apporter de la nourriture ext\u00e9rieure si vous le souhaitez.\n\t\t\t\t<h5>How old do you have to be to come jump without a parent?<\/h5>\n<p>Jumpers must be at least 13 years old in order to be left at the iSaute park without a responsible adult.<\/p>\n\u00a0\n\t\t\t\t<h5>J&rsquo;ai l&rsquo;intention de venir voir mon enfant sauter, dois-je payer?<\/h5>\n\t\t\t\t\t<p>Absolument pas, les spectateurs (ceux qui ne sautent pas) sont les bienvenus en tant qu&rsquo;observateurs. Ils peuvent utiliser les bancs et les canap\u00e9s situ\u00e9s autour de nos trampolines, ainsi que la connexion Wi-Fi gratuite. *Une d\u00e9charge doit tout de m\u00eame \u00eatre sign\u00e9e pour les accompagnateurs<\/p>\n<p>*Veuillez noter que des conditions sp\u00e9ciales s&rsquo;appliquent aux forfaits pour les f\u00eates d&rsquo;anniversaire.<\/p>\n\t\t\t\t<h5>Is it possible for adults to jump alongside kids during the kids flight promotion from 9-10am?<\/h5>\n<p>Yes, during this time, accompanying adults can provide gentle assistance to their children while jumping. However, please note that this time slot is specifically designated for young jumpers (6 years old and under), so we kindly request parents and accompanying adults to refrain from making vigorous jumps themselves.<\/p>\n\u00a0\n\t\t\t\t<h5>Do I need to make a reservation for a birthday or group?<\/h5>\n<p>Oui, une r\u00e9servation est requise, vous pouvez faire votre r\u00e9servation d&rsquo;anniversaire en ligne ou au parc.<br \/>Pour les groupes, vous pouvez remplir le formulaire en ligne (situ\u00e9 sur la page F\u00eates &amp; \u00e9v\u00e8nements) et un membre de l&rsquo;\u00e9quipe vous contactera.<\/p>\n\u00a0\n\t\t\t\t<h5>Do you offer group rates?<\/h5>\n<p>We do offer group rates for groups over 20 people. Simply complete the form online on the <strong>Birthdays and Events page<\/strong> et un membre de l&rsquo;\u00e9quipe vous contactera.<\/p>\n\t\t\t\t<h5>Do I have to print out or bring my ticket?<\/h5>\n<p>Il n&rsquo;est pas n\u00e9cessaire d&rsquo;imprimer le billet, il suffit d&rsquo;avoir votre num\u00e9ro de confirmation lorsque vous venez au parc, cela nous permettra de confirmer votre achat par le biais de notre syst\u00e8me informatique.<\/p>\n\u00a0\n\t\t\t\t<h5>Est-il possible d&rsquo;effectuer une r\u00e9servation en utilisant une carte-cadeau?<\/h5>\n<p>Yes!<\/p>\n\u00a0\n\t\t\t\t<h5>Quelle est votre politique d&rsquo;annulation?<\/h5>\n\t\t\t\t\t<p>Toutes les ventes de temps de saut achet\u00e9es \u00e0 l&rsquo;avance sont d\u00e9finitives et aucun remboursement ne sera effectu\u00e9.<\/p>\n<p><strong>FOR BIRTHDAYS<\/strong><br \/>&#8211; Remboursement int\u00e9gral dans les 48 heures suivant la r\u00e9servation (sauf si la date de l&rsquo;\u00e9v\u00e9nement se situe dans les 7 jours suivant la demande de remboursement).<br \/>&#8211; Apr\u00e8s 48 heures = Il est possible de reprogrammer une f\u00eate \u00e0 une date ult\u00e9rieure.o La demande de report doit \u00eatre faite au moins 24 heures avant l&rsquo;\u00e9v\u00e9nement pr\u00e9vu.<\/p>\n\t\t\t\t<h5>What are your hours?<\/h5>\n\t\t\t\t\t<p>We are open 7 days a week to the public. Please take note of our hours and pricing by <strong><a href=\"\/en\/hours-pricing\/\">clicking here<\/a>.<\/strong><\/p>\n\t\t\t\t<h5>Quelles sont vos mesures en mati\u00e8re d&rsquo;hygi\u00e8ne et de propret\u00e9 dans le parc?<\/h5>\n\t\t\t\t\t<p>iSaute cares about the health of our Guests and Team Members!<\/p>\n<p>Nous nous engageons \u00e0 assurer la propret\u00e9 et l&rsquo;hygi\u00e8ne de nos parcs et nous continuerons \u00e0 mettre \u00e0 disposition des stations de d\u00e9sinfection dans tout le parc pour votre confort. Nous essuyons fr\u00e9quemment les surfaces de contact, notamment les poign\u00e9es, les rampes et les comptoirs. Nous continuerons \u00e0 utiliser un syst\u00e8me de pulv\u00e9risation antimicrobienne \u00e0 base d&rsquo;eau qui pr\u00e9vient la croissance des bact\u00e9ries et des virus. Une fois pulv\u00e9ris\u00e9, il peut bloquer la croissance jusqu&rsquo;\u00e0 3 semaines.<\/p>\n\t\t\t\t<h5>Can we reserve and pay at the park?<\/h5>\n\t\t\t\t\t<p>Lors d&rsquo;une r\u00e9servation en ligne, le paiement est \u00e9galement effectu\u00e9 \u00e0 ce moment-l\u00e0. Il est important de noter que la r\u00e9servation d&rsquo;une place en ligne ne permet pas de diff\u00e9rer le paiement jusqu&rsquo;\u00e0 l&rsquo;arriv\u00e9e au parc.<\/p>","protected":false},"excerpt":{"rendered":"<p>Find answers to frequently asked questions. If you still don't have an answer to your questions, don't hesitate to contact us!<\/p>","protected":false},"author":13,"featured_media":54804,"parent":0,"menu_order":12,"comment_status":"closed","ping_status":"closed","template":"","meta":{"_acf_changed":false,"site-sidebar-layout":"default","site-content-layout":"","ast-site-content-layout":"default","site-content-style":"default","site-sidebar-style":"default","ast-global-header-display":"","ast-banner-title-visibility":"","ast-main-header-display":"","ast-hfb-above-header-display":"","ast-hfb-below-header-display":"","ast-hfb-mobile-header-display":"","site-post-title":"","ast-breadcrumbs-content":"","ast-featured-img":"","footer-sml-layout":"","ast-disable-related-posts":"","theme-transparent-header-meta":"","adv-header-id-meta":"","stick-header-meta":"","header-above-stick-meta":"","header-main-stick-meta":"","header-below-stick-meta":"","astra-migrate-meta-layouts":"set","ast-page-background-enabled":"default","ast-page-background-meta":{"desktop":{"background-color":"var(--ast-global-color-4)","background-image":"","background-repeat":"repeat","background-position":"center center","background-size":"auto","background-attachment":"scroll","background-type":"","background-media":"","overlay-type":"","overlay-color":"","overlay-opacity":"","overlay-gradient":""},"tablet":{"background-color":"","background-image":"","background-repeat":"repeat","background-position":"center center","background-size":"auto","background-attachment":"scroll","background-type":"","background-media":"","overlay-type":"","overlay-color":"","overlay-opacity":"","overlay-gradient":""},"mobile":{"background-color":"","background-image":"","background-repeat":"repeat","background-position":"center center","background-size":"auto","background-attachment":"scroll","background-type":"","background-media":"","overlay-type":"","overlay-color":"","overlay-opacity":"","overlay-gradient":""}},"ast-content-background-meta":{"desktop":{"background-color":"var(--ast-global-color-5)","background-image":"","background-repeat":"repeat","background-position":"center center","background-size":"auto","background-attachment":"scroll","background-type":"","background-media":"","overlay-type":"","overlay-color":"","overlay-opacity":"","overlay-gradient":""},"tablet":{"background-color":"var(--ast-global-color-5)","background-image":"","background-repeat":"repeat","background-position":"center center","background-size":"auto","background-attachment":"scroll","background-type":"","background-media":"","overlay-type":"","overlay-color":"","overlay-opacity":"","overlay-gradient":""},"mobile":{"background-color":"var(--ast-global-color-5)","background-image":"","background-repeat":"repeat","background-position":"center center","background-size":"auto","background-attachment":"scroll","background-type":"","background-media":"","overlay-type":"","overlay-color":"","overlay-opacity":"","overlay-gradient":""}},"footnotes":""},"class_list":["post-1242","page","type-page","status-publish","has-post-thumbnail","hentry"],"acf":[],"yoast_head":"<!-- This site is optimized with the Yoast SEO plugin v27.3 - https:\/\/yoast.com\/product\/yoast-seo-wordpress\/ -->\n<title>Foire aux questions - iSaute<\/title>\n<meta name=\"description\" content=\"Vous avez des questions sur les centres de trampoline et d&#039;amusement iSaute? La r\u00e9ponse se trouve probablement sur la page de la foire aux question.\" \/>\n<meta name=\"robots\" content=\"index, follow, max-snippet:-1, max-image-preview:large, max-video-preview:-1\" \/>\n<link rel=\"canonical\" href=\"https:\/\/isaute.ca\/en\/faqs\/\" \/>\n<meta property=\"og:locale\" content=\"en_US\" \/>\n<meta property=\"og:type\" content=\"article\" \/>\n<meta property=\"og:title\" content=\"Foire aux questions - iSaute\" \/>\n<meta property=\"og:description\" content=\"Vous avez des questions sur les centres de trampoline et d&#039;amusement iSaute? La r\u00e9ponse se trouve probablement sur la page de la foire aux question.\" \/>\n<meta property=\"og:url\" content=\"https:\/\/isaute.ca\/en\/faqs\/\" \/>\n<meta property=\"og:site_name\" content=\"iSaute\" \/>\n<meta property=\"article:modified_time\" content=\"2025-12-29T21:07:40+00:00\" \/>\n<meta property=\"og:image\" content=\"https:\/\/isaute.ca\/wp-content\/uploads\/2024\/03\/iSaute_high_res_17-1024x683.jpg\" \/>\n\t<meta property=\"og:image:width\" content=\"1024\" \/>\n\t<meta property=\"og:image:height\" content=\"683\" \/>\n\t<meta property=\"og:image:type\" content=\"image\/jpeg\" \/>\n<meta name=\"twitter:card\" content=\"summary_large_image\" \/>\n<meta name=\"twitter:label1\" content=\"Est. reading time\" \/>\n\t<meta name=\"twitter:data1\" content=\"5 minutes\" \/>\n<script type=\"application\/ld+json\" class=\"yoast-schema-graph\">{\"@context\":\"https:\\\/\\\/schema.org\",\"@graph\":[{\"@type\":\"WebPage\",\"@id\":\"https:\\\/\\\/isaute.ca\\\/faqs\\\/\",\"url\":\"https:\\\/\\\/isaute.ca\\\/faqs\\\/\",\"name\":\"Foire aux questions - iSaute\",\"isPartOf\":{\"@id\":\"https:\\\/\\\/isaute.ca\\\/#website\"},\"primaryImageOfPage\":{\"@id\":\"https:\\\/\\\/isaute.ca\\\/faqs\\\/#primaryimage\"},\"image\":{\"@id\":\"https:\\\/\\\/isaute.ca\\\/faqs\\\/#primaryimage\"},\"thumbnailUrl\":\"https:\\\/\\\/isaute.ca\\\/wp-content\\\/uploads\\\/2024\\\/03\\\/iSaute_high_res_17-scaled.jpg\",\"datePublished\":\"2024-03-27T18:17:49+00:00\",\"dateModified\":\"2025-12-29T21:07:40+00:00\",\"description\":\"Vous avez des questions sur les centres de trampoline et d'amusement iSaute? La r\u00e9ponse se trouve probablement sur la page de la foire aux question.\",\"breadcrumb\":{\"@id\":\"https:\\\/\\\/isaute.ca\\\/faqs\\\/#breadcrumb\"},\"inLanguage\":\"en-US\",\"potentialAction\":[{\"@type\":\"ReadAction\",\"target\":[\"https:\\\/\\\/isaute.ca\\\/faqs\\\/\"]}]},{\"@type\":\"ImageObject\",\"inLanguage\":\"en-US\",\"@id\":\"https:\\\/\\\/isaute.ca\\\/faqs\\\/#primaryimage\",\"url\":\"https:\\\/\\\/isaute.ca\\\/wp-content\\\/uploads\\\/2024\\\/03\\\/iSaute_high_res_17-scaled.jpg\",\"contentUrl\":\"https:\\\/\\\/isaute.ca\\\/wp-content\\\/uploads\\\/2024\\\/03\\\/iSaute_high_res_17-scaled.jpg\",\"width\":2560,\"height\":1707},{\"@type\":\"BreadcrumbList\",\"@id\":\"https:\\\/\\\/isaute.ca\\\/faqs\\\/#breadcrumb\",\"itemListElement\":[{\"@type\":\"ListItem\",\"position\":1,\"name\":\"Home\",\"item\":\"https:\\\/\\\/isaute.ca\\\/\"},{\"@type\":\"ListItem\",\"position\":2,\"name\":\"Foire aux questions\"}]},{\"@type\":\"WebSite\",\"@id\":\"https:\\\/\\\/isaute.ca\\\/#website\",\"url\":\"https:\\\/\\\/isaute.ca\\\/\",\"name\":\"iSaute\",\"description\":\"Amusement Parks\",\"publisher\":{\"@id\":\"https:\\\/\\\/isaute.ca\\\/#organization\"},\"potentialAction\":[{\"@type\":\"SearchAction\",\"target\":{\"@type\":\"EntryPoint\",\"urlTemplate\":\"https:\\\/\\\/isaute.ca\\\/?s={search_term_string}\"},\"query-input\":{\"@type\":\"PropertyValueSpecification\",\"valueRequired\":true,\"valueName\":\"search_term_string\"}}],\"inLanguage\":\"en-US\"},{\"@type\":\"Organization\",\"@id\":\"https:\\\/\\\/isaute.ca\\\/#organization\",\"name\":\"iSaute\",\"url\":\"https:\\\/\\\/isaute.ca\\\/\",\"logo\":{\"@type\":\"ImageObject\",\"inLanguage\":\"en-US\",\"@id\":\"https:\\\/\\\/isaute.ca\\\/#\\\/schema\\\/logo\\\/image\\\/\",\"url\":\"https:\\\/\\\/isaute.ca\\\/wp-content\\\/uploads\\\/2024\\\/05\\\/isaute-logo-white.svg\",\"contentUrl\":\"https:\\\/\\\/isaute.ca\\\/wp-content\\\/uploads\\\/2024\\\/05\\\/isaute-logo-white.svg\",\"caption\":\"iSaute\"},\"image\":{\"@id\":\"https:\\\/\\\/isaute.ca\\\/#\\\/schema\\\/logo\\\/image\\\/\"}}]}<\/script>\n<!-- \/ Yoast SEO plugin. -->","yoast_head_json":{"title":"Foire aux questions - iSaute","description":"Vous avez des questions sur les centres de trampoline et d'amusement iSaute? La r\u00e9ponse se trouve probablement sur la page de la foire aux question.","robots":{"index":"index","follow":"follow","max-snippet":"max-snippet:-1","max-image-preview":"max-image-preview:large","max-video-preview":"max-video-preview:-1"},"canonical":"https:\/\/isaute.ca\/en\/faqs\/","og_locale":"en_US","og_type":"article","og_title":"Foire aux questions - iSaute","og_description":"Vous avez des questions sur les centres de trampoline et d'amusement iSaute? La r\u00e9ponse se trouve probablement sur la page de la foire aux question.","og_url":"https:\/\/isaute.ca\/en\/faqs\/","og_site_name":"iSaute","article_modified_time":"2025-12-29T21:07:40+00:00","og_image":[{"width":1024,"height":683,"url":"https:\/\/isaute.ca\/wp-content\/uploads\/2024\/03\/iSaute_high_res_17-1024x683.jpg","type":"image\/jpeg"}],"twitter_card":"summary_large_image","twitter_misc":{"Est. reading time":"5 minutes"},"schema":{"@context":"https:\/\/schema.org","@graph":[{"@type":"WebPage","@id":"https:\/\/isaute.ca\/faqs\/","url":"https:\/\/isaute.ca\/faqs\/","name":"Foire aux questions - iSaute","isPartOf":{"@id":"https:\/\/isaute.ca\/#website"},"primaryImageOfPage":{"@id":"https:\/\/isaute.ca\/faqs\/#primaryimage"},"image":{"@id":"https:\/\/isaute.ca\/faqs\/#primaryimage"},"thumbnailUrl":"https:\/\/isaute.ca\/wp-content\/uploads\/2024\/03\/iSaute_high_res_17-scaled.jpg","datePublished":"2024-03-27T18:17:49+00:00","dateModified":"2025-12-29T21:07:40+00:00","description":"Vous avez des questions sur les centres de trampoline et d'amusement iSaute? La r\u00e9ponse se trouve probablement sur la page de la foire aux question.","breadcrumb":{"@id":"https:\/\/isaute.ca\/faqs\/#breadcrumb"},"inLanguage":"en-US","potentialAction":[{"@type":"ReadAction","target":["https:\/\/isaute.ca\/faqs\/"]}]},{"@type":"ImageObject","inLanguage":"en-US","@id":"https:\/\/isaute.ca\/faqs\/#primaryimage","url":"https:\/\/isaute.ca\/wp-content\/uploads\/2024\/03\/iSaute_high_res_17-scaled.jpg","contentUrl":"https:\/\/isaute.ca\/wp-content\/uploads\/2024\/03\/iSaute_high_res_17-scaled.jpg","width":2560,"height":1707},{"@type":"BreadcrumbList","@id":"https:\/\/isaute.ca\/faqs\/#breadcrumb","itemListElement":[{"@type":"ListItem","position":1,"name":"Home","item":"https:\/\/isaute.ca\/"},{"@type":"ListItem","position":2,"name":"Foire aux questions"}]},{"@type":"WebSite","@id":"https:\/\/isaute.ca\/#website","url":"https:\/\/isaute.ca\/","name":"iSaute","description":"Amusement Parks","publisher":{"@id":"https:\/\/isaute.ca\/#organization"},"potentialAction":[{"@type":"SearchAction","target":{"@type":"EntryPoint","urlTemplate":"https:\/\/isaute.ca\/?s={search_term_string}"},"query-input":{"@type":"PropertyValueSpecification","valueRequired":true,"valueName":"search_term_string"}}],"inLanguage":"en-US"},{"@type":"Organization","@id":"https:\/\/isaute.ca\/#organization","name":"iSaute","url":"https:\/\/isaute.ca\/","logo":{"@type":"ImageObject","inLanguage":"en-US","@id":"https:\/\/isaute.ca\/#\/schema\/logo\/image\/","url":"https:\/\/isaute.ca\/wp-content\/uploads\/2024\/05\/isaute-logo-white.svg","contentUrl":"https:\/\/isaute.ca\/wp-content\/uploads\/2024\/05\/isaute-logo-white.svg","caption":"iSaute"},"image":{"@id":"https:\/\/isaute.ca\/#\/schema\/logo\/image\/"}}]}},"_links":{"self":[{"href":"https:\/\/isaute.ca\/en\/wp-json\/wp\/v2\/pages\/1242","targetHints":{"allow":["GET"]}}],"collection":[{"href":"https:\/\/isaute.ca\/en\/wp-json\/wp\/v2\/pages"}],"about":[{"href":"https:\/\/isaute.ca\/en\/wp-json\/wp\/v2\/types\/page"}],"author":[{"embeddable":true,"href":"https:\/\/isaute.ca\/en\/wp-json\/wp\/v2\/users\/13"}],"replies":[{"embeddable":true,"href":"https:\/\/isaute.ca\/en\/wp-json\/wp\/v2\/comments?post=1242"}],"version-history":[{"count":0,"href":"https:\/\/isaute.ca\/en\/wp-json\/wp\/v2\/pages\/1242\/revisions"}],"wp:featuredmedia":[{"embeddable":true,"href":"https:\/\/isaute.ca\/en\/wp-json\/wp\/v2\/media\/54804"}],"wp:attachment":[{"href":"https:\/\/isaute.ca\/en\/wp-json\/wp\/v2\/media?parent=1242"}],"curies":[{"name":"wp","href":"https:\/\/api.w.org\/{rel}","templated":true}]}}