{"id":1240,"date":"2024-03-27T11:17:42","date_gmt":"2024-03-27T18:17:42","guid":{"rendered":"https:\/\/isaute.local\/?page_id=1240"},"modified":"2026-02-09T04:41:37","modified_gmt":"2026-02-09T12:41:37","slug":"hours-pricing","status":"publish","type":"page","link":"https:\/\/isaute.ca\/en\/hours-pricing\/","title":{"rendered":"Pricing &amp; Hours"},"content":{"rendered":"<h2>Hours<\/h2>\r\n<p>Venez vivre une exp\u00e9rience unique chaque jour dans les parcs iSaute. Vous pouvez aussi consulter les heures pr\u00e9cises d&rsquo;activit\u00e9s pour chaque parc en vous rendant sur la page des activit\u00e9s du parc.<\/p>\r\n<p><strong>Monday to Thursday<\/strong><br \/>9am - 9pm <strong>Friday &amp; Saturday<\/strong><br \/>9am - 11pm<\/p>\r\n<p>*From 9pm to 11pm reserved for 13 years and older<\/p>\r\n<p><strong>Sunday<\/strong><br \/>9am - 8pm<strong>\u00a0<\/strong><\/p>\r\n<p>*Everyday from 9am-10am reserved for 6 years old and under<\/p>\r\n<h2>Buy your tickets now!<\/h2>\r\n<p><div class=\"acf-pricing-table\"><div class=\"pricing-box\"><div class=\"nobanner\"><\/div><div class=\"price\">24.99$*<\/div><div class=\"product-title\">60 Minutes<\/div><div class=\"taxes\">*Taxes not included<\/div><hr\/><div class=\"features\"><div class=\"feature\">2 years and under FREE when accompanied by a paying adult.<\/div><div class=\"feature\">*Special iSaute anti-slip socks (3.99$+tx) are required for every participant.<\/div><\/div><div class=\"action-btn\"><a target=\"_blank\" href=\"\" class=\"buy-now\">Buy now<\/a><\/div><\/div><div class=\"pricing-box\"><div class=\"banner\" style=\"background-color:#f78521\">MOST POPULAR<\/div><div class=\"price\">29.99$*<\/div><div class=\"product-title\">90 minutes<\/div><div class=\"taxes\">*Taxes not included<\/div><hr\/><div class=\"features\"><div class=\"feature\">2 years and under FREE when accompanied by a paying adult.<\/div><div class=\"feature\">*Special iSaute anti-slip socks (3.99$+tx) are required for every participant.<\/div><\/div><div class=\"action-btn\"><a target=\"_blank\" href=\"\" class=\"buy-now\">Buy now<\/a><\/div><\/div><div class=\"pricing-box\"><div class=\"nobanner\"><\/div><div class=\"price\">32.99$*<\/div><div class=\"product-title\">120 minutes<\/div><div class=\"taxes\">*Taxes not included<\/div><hr\/><div class=\"features\"><div class=\"feature\">2 years and under FREE when accompanied by a paying adult.<\/div><div class=\"feature\">*Special iSaute anti-slip socks (3.99$+tx) are required for every participant.<\/div><\/div><div class=\"action-btn\"><a target=\"_blank\" href=\"\" class=\"buy-now\">Buy now<\/a><\/div><\/div><div class=\"pricing-box\"><div class=\"nobanner\"><\/div><div class=\"price\">18$*<\/div><div class=\"product-title\">Kids Flight<\/div><div class=\"taxes\">*Taxes not included<\/div><hr\/><div class=\"features\"><div class=\"feature\">For jumpers aged 6 and under only from 9am to 10am. One entry includes 1 child + 1 accompanying adult.<\/div><div class=\"feature\">Children under 6 years old also have access to the park after this period.<\/div><div class=\"feature\">Special iSaute anti-slip socks (3.99$+tx) are required for every participant.<\/div><\/div><div class=\"action-btn\"><a target=\"_blank\" href=\"\" class=\"buy-now\">Buy now<\/a><\/div><\/div><div class=\"pricing-box\"><div class=\"nobanner\"><\/div><div class=\"price\">37.99$*<\/div><div class=\"product-title\">All Day Pass<\/div><div class=\"taxes\">*Taxes not included<\/div><hr\/><div class=\"features\"><div class=\"feature\">Valid all day, unlimited jump time.<\/div><div class=\"feature\">Special iSaute anti-slip socks (3.99$+tx) are required for every participant.<\/div><\/div><div class=\"action-btn\"><a target=\"_blank\" href=\"\" class=\"buy-now\">Buy now<\/a><\/div><\/div><div class=\"pricing-box\"><div class=\"nobanner\"><\/div><div class=\"price\">24.99$*<\/div><div class=\"product-title\">Club Saute<\/div><div class=\"taxes\">*Taxes not included<\/div><hr\/><div class=\"features\"><div class=\"feature\">Every Friday and Saturday evening we turn down the lights and turn on the laser and black lights for an ultimate unique experience.<\/div><div class=\"feature\">60 mins 24.99$<\/div><div class=\"feature\">90mins 29.99$ <\/div><div class=\"feature\">120mins 32.99$<\/div><\/div><div class=\"action-btn\"><a target=\"_blank\" href=\"\" class=\"buy-now\">Buy now<\/a><\/div><\/div><\/div> <img decoding=\"async\" title=\"Path-29\" src=\"https:\/\/isaute.ca\/wp-content\/uploads\/2024\/05\/Path-29-1.png\" alt=\"Curve\" width=\"340\" height=\"102\" \/><\/p>","protected":false},"excerpt":{"rendered":"<p>Nos Horaires Venez vivre une exp\u00e9rience unique chaque jour dans les parcs iSaute. Vous pouvez aussi consulter les heures pr\u00e9cises d&rsquo;activit\u00e9s pour chaque parc en vous rendant sur la page des activit\u00e9s du parc. Du lundi au jeudi9h-21h Vendredi et samedi9h-23h *De 21h \u00e0 23h r\u00e9serv\u00e9 aux 13 ans et plus Dimanche9h-20h\u00a0 *Tous les jours [&hellip;]<\/p>","protected":false},"author":13,"featured_media":1407,"parent":0,"menu_order":8,"comment_status":"closed","ping_status":"closed","template":"","meta":{"_acf_changed":false,"site-sidebar-layout":"default","site-content-layout":"","ast-site-content-layout":"default","site-content-style":"default","site-sidebar-style":"default","ast-global-header-display":"","ast-banner-title-visibility":"","ast-main-header-display":"","ast-hfb-above-header-display":"","ast-hfb-below-header-display":"","ast-hfb-mobile-header-display":"","site-post-title":"","ast-breadcrumbs-content":"","ast-featured-img":"","footer-sml-layout":"","ast-disable-related-posts":"","theme-transparent-header-meta":"","adv-header-id-meta":"","stick-header-meta":"","header-above-stick-meta":"","header-main-stick-meta":"","header-below-stick-meta":"","astra-migrate-meta-layouts":"set","ast-page-background-enabled":"default","ast-page-background-meta":{"desktop":{"background-color":"var(--ast-global-color-4)","background-image":"","background-repeat":"repeat","background-position":"center center","background-size":"auto","background-attachment":"scroll","background-type":"","background-media":"","overlay-type":"","overlay-color":"","overlay-opacity":"","overlay-gradient":""},"tablet":{"background-color":"","background-image":"","background-repeat":"repeat","background-position":"center center","background-size":"auto","background-attachment":"scroll","background-type":"","background-media":"","overlay-type":"","overlay-color":"","overlay-opacity":"","overlay-gradient":""},"mobile":{"background-color":"","background-image":"","background-repeat":"repeat","background-position":"center center","background-size":"auto","background-attachment":"scroll","background-type":"","background-media":"","overlay-type":"","overlay-color":"","overlay-opacity":"","overlay-gradient":""}},"ast-content-background-meta":{"desktop":{"background-color":"var(--ast-global-color-5)","background-image":"","background-repeat":"repeat","background-position":"center center","background-size":"auto","background-attachment":"scroll","background-type":"","background-media":"","overlay-type":"","overlay-color":"","overlay-opacity":"","overlay-gradient":""},"tablet":{"background-color":"var(--ast-global-color-5)","background-image":"","background-repeat":"repeat","background-position":"center center","background-size":"auto","background-attachment":"scroll","background-type":"","background-media":"","overlay-type":"","overlay-color":"","overlay-opacity":"","overlay-gradient":""},"mobile":{"background-color":"var(--ast-global-color-5)","background-image":"","background-repeat":"repeat","background-position":"center center","background-size":"auto","background-attachment":"scroll","background-type":"","background-media":"","overlay-type":"","overlay-color":"","overlay-opacity":"","overlay-gradient":""}},"footnotes":""},"class_list":["post-1240","page","type-page","status-publish","has-post-thumbnail","hentry"],"acf":[],"yoast_head":"<!-- This site is optimized with the Yoast SEO plugin v27.3 - https:\/\/yoast.com\/product\/yoast-seo-wordpress\/ -->\n<title>Tarifs et horaires - iSaute<\/title>\n<meta name=\"description\" content=\"Discover iSaute prices and hours. Buy your ticket now! - Best amusement park in Montreal and Quebec, for kids and adults.\" \/>\n<meta name=\"robots\" content=\"index, follow, max-snippet:-1, max-image-preview:large, max-video-preview:-1\" \/>\n<link rel=\"canonical\" href=\"https:\/\/isaute.ca\/en\/hours-pricing\/\" \/>\n<meta property=\"og:locale\" content=\"en_US\" \/>\n<meta property=\"og:type\" content=\"article\" \/>\n<meta property=\"og:title\" content=\"Tarifs et horaires - iSaute\" \/>\n<meta property=\"og:description\" content=\"Discover iSaute prices and hours. Buy your ticket now! - Best amusement park in Montreal and Quebec, for kids and adults.\" \/>\n<meta property=\"og:url\" content=\"https:\/\/isaute.ca\/en\/hours-pricing\/\" \/>\n<meta property=\"og:site_name\" content=\"iSaute\" \/>\n<meta property=\"article:modified_time\" content=\"2026-02-09T12:41:37+00:00\" \/>\n<meta property=\"og:image\" content=\"https:\/\/isaute.ca\/wp-content\/uploads\/2024\/04\/iSaute-Action-escalade-14-scaled.jpg\" \/>\n\t<meta property=\"og:image:width\" content=\"2560\" \/>\n\t<meta property=\"og:image:height\" content=\"1707\" \/>\n\t<meta property=\"og:image:type\" content=\"image\/jpeg\" \/>\n<meta name=\"twitter:card\" content=\"summary_large_image\" \/>\n<meta name=\"twitter:label1\" content=\"Est. reading time\" \/>\n\t<meta name=\"twitter:data1\" content=\"1 minute\" \/>\n<script type=\"application\/ld+json\" class=\"yoast-schema-graph\">{\"@context\":\"https:\\\/\\\/schema.org\",\"@graph\":[{\"@type\":\"WebPage\",\"@id\":\"https:\\\/\\\/isaute.ca\\\/tarifs-horaires\\\/\",\"url\":\"https:\\\/\\\/isaute.ca\\\/tarifs-horaires\\\/\",\"name\":\"Tarifs et horaires - iSaute\",\"isPartOf\":{\"@id\":\"https:\\\/\\\/isaute.ca\\\/#website\"},\"primaryImageOfPage\":{\"@id\":\"https:\\\/\\\/isaute.ca\\\/tarifs-horaires\\\/#primaryimage\"},\"image\":{\"@id\":\"https:\\\/\\\/isaute.ca\\\/tarifs-horaires\\\/#primaryimage\"},\"thumbnailUrl\":\"https:\\\/\\\/isaute.ca\\\/wp-content\\\/uploads\\\/2024\\\/04\\\/iSaute-Action-escalade-14-scaled.jpg\",\"datePublished\":\"2024-03-27T18:17:42+00:00\",\"dateModified\":\"2026-02-09T12:41:37+00:00\",\"description\":\"Discover iSaute prices and hours. Buy your ticket now! - Best amusement park in Montreal and Quebec, for kids and adults.\",\"breadcrumb\":{\"@id\":\"https:\\\/\\\/isaute.ca\\\/tarifs-horaires\\\/#breadcrumb\"},\"inLanguage\":\"en-US\",\"potentialAction\":[{\"@type\":\"ReadAction\",\"target\":[\"https:\\\/\\\/isaute.ca\\\/tarifs-horaires\\\/\"]}]},{\"@type\":\"ImageObject\",\"inLanguage\":\"en-US\",\"@id\":\"https:\\\/\\\/isaute.ca\\\/tarifs-horaires\\\/#primaryimage\",\"url\":\"https:\\\/\\\/isaute.ca\\\/wp-content\\\/uploads\\\/2024\\\/04\\\/iSaute-Action-escalade-14-scaled.jpg\",\"contentUrl\":\"https:\\\/\\\/isaute.ca\\\/wp-content\\\/uploads\\\/2024\\\/04\\\/iSaute-Action-escalade-14-scaled.jpg\",\"width\":2560,\"height\":1707,\"caption\":\"iSaute Action activit\u00e9 trampoline\"},{\"@type\":\"BreadcrumbList\",\"@id\":\"https:\\\/\\\/isaute.ca\\\/tarifs-horaires\\\/#breadcrumb\",\"itemListElement\":[{\"@type\":\"ListItem\",\"position\":1,\"name\":\"Home\",\"item\":\"https:\\\/\\\/isaute.ca\\\/\"},{\"@type\":\"ListItem\",\"position\":2,\"name\":\"Tarifs et horaires\"}]},{\"@type\":\"WebSite\",\"@id\":\"https:\\\/\\\/isaute.ca\\\/#website\",\"url\":\"https:\\\/\\\/isaute.ca\\\/\",\"name\":\"iSaute\",\"description\":\"Amusement Parks\",\"publisher\":{\"@id\":\"https:\\\/\\\/isaute.ca\\\/#organization\"},\"potentialAction\":[{\"@type\":\"SearchAction\",\"target\":{\"@type\":\"EntryPoint\",\"urlTemplate\":\"https:\\\/\\\/isaute.ca\\\/?s={search_term_string}\"},\"query-input\":{\"@type\":\"PropertyValueSpecification\",\"valueRequired\":true,\"valueName\":\"search_term_string\"}}],\"inLanguage\":\"en-US\"},{\"@type\":\"Organization\",\"@id\":\"https:\\\/\\\/isaute.ca\\\/#organization\",\"name\":\"iSaute\",\"url\":\"https:\\\/\\\/isaute.ca\\\/\",\"logo\":{\"@type\":\"ImageObject\",\"inLanguage\":\"en-US\",\"@id\":\"https:\\\/\\\/isaute.ca\\\/#\\\/schema\\\/logo\\\/image\\\/\",\"url\":\"https:\\\/\\\/isaute.ca\\\/wp-content\\\/uploads\\\/2024\\\/05\\\/isaute-logo-white.svg\",\"contentUrl\":\"https:\\\/\\\/isaute.ca\\\/wp-content\\\/uploads\\\/2024\\\/05\\\/isaute-logo-white.svg\",\"caption\":\"iSaute\"},\"image\":{\"@id\":\"https:\\\/\\\/isaute.ca\\\/#\\\/schema\\\/logo\\\/image\\\/\"}}]}<\/script>\n<!-- \/ Yoast SEO plugin. -->","yoast_head_json":{"title":"Tarifs et horaires - iSaute","description":"Discover iSaute prices and hours. Buy your ticket now! - Best amusement park in Montreal and Quebec, for kids and adults.","robots":{"index":"index","follow":"follow","max-snippet":"max-snippet:-1","max-image-preview":"max-image-preview:large","max-video-preview":"max-video-preview:-1"},"canonical":"https:\/\/isaute.ca\/en\/hours-pricing\/","og_locale":"en_US","og_type":"article","og_title":"Tarifs et horaires - iSaute","og_description":"Discover iSaute prices and hours. Buy your ticket now! - Best amusement park in Montreal and Quebec, for kids and adults.","og_url":"https:\/\/isaute.ca\/en\/hours-pricing\/","og_site_name":"iSaute","article_modified_time":"2026-02-09T12:41:37+00:00","og_image":[{"width":2560,"height":1707,"url":"https:\/\/isaute.ca\/wp-content\/uploads\/2024\/04\/iSaute-Action-escalade-14-scaled.jpg","type":"image\/jpeg"}],"twitter_card":"summary_large_image","twitter_misc":{"Est. reading time":"1 minute"},"schema":{"@context":"https:\/\/schema.org","@graph":[{"@type":"WebPage","@id":"https:\/\/isaute.ca\/tarifs-horaires\/","url":"https:\/\/isaute.ca\/tarifs-horaires\/","name":"Tarifs et horaires - iSaute","isPartOf":{"@id":"https:\/\/isaute.ca\/#website"},"primaryImageOfPage":{"@id":"https:\/\/isaute.ca\/tarifs-horaires\/#primaryimage"},"image":{"@id":"https:\/\/isaute.ca\/tarifs-horaires\/#primaryimage"},"thumbnailUrl":"https:\/\/isaute.ca\/wp-content\/uploads\/2024\/04\/iSaute-Action-escalade-14-scaled.jpg","datePublished":"2024-03-27T18:17:42+00:00","dateModified":"2026-02-09T12:41:37+00:00","description":"Discover iSaute prices and hours. Buy your ticket now! - Best amusement park in Montreal and Quebec, for kids and adults.","breadcrumb":{"@id":"https:\/\/isaute.ca\/tarifs-horaires\/#breadcrumb"},"inLanguage":"en-US","potentialAction":[{"@type":"ReadAction","target":["https:\/\/isaute.ca\/tarifs-horaires\/"]}]},{"@type":"ImageObject","inLanguage":"en-US","@id":"https:\/\/isaute.ca\/tarifs-horaires\/#primaryimage","url":"https:\/\/isaute.ca\/wp-content\/uploads\/2024\/04\/iSaute-Action-escalade-14-scaled.jpg","contentUrl":"https:\/\/isaute.ca\/wp-content\/uploads\/2024\/04\/iSaute-Action-escalade-14-scaled.jpg","width":2560,"height":1707,"caption":"iSaute Action activit\u00e9 trampoline"},{"@type":"BreadcrumbList","@id":"https:\/\/isaute.ca\/tarifs-horaires\/#breadcrumb","itemListElement":[{"@type":"ListItem","position":1,"name":"Home","item":"https:\/\/isaute.ca\/"},{"@type":"ListItem","position":2,"name":"Tarifs et horaires"}]},{"@type":"WebSite","@id":"https:\/\/isaute.ca\/#website","url":"https:\/\/isaute.ca\/","name":"iSaute","description":"Amusement Parks","publisher":{"@id":"https:\/\/isaute.ca\/#organization"},"potentialAction":[{"@type":"SearchAction","target":{"@type":"EntryPoint","urlTemplate":"https:\/\/isaute.ca\/?s={search_term_string}"},"query-input":{"@type":"PropertyValueSpecification","valueRequired":true,"valueName":"search_term_string"}}],"inLanguage":"en-US"},{"@type":"Organization","@id":"https:\/\/isaute.ca\/#organization","name":"iSaute","url":"https:\/\/isaute.ca\/","logo":{"@type":"ImageObject","inLanguage":"en-US","@id":"https:\/\/isaute.ca\/#\/schema\/logo\/image\/","url":"https:\/\/isaute.ca\/wp-content\/uploads\/2024\/05\/isaute-logo-white.svg","contentUrl":"https:\/\/isaute.ca\/wp-content\/uploads\/2024\/05\/isaute-logo-white.svg","caption":"iSaute"},"image":{"@id":"https:\/\/isaute.ca\/#\/schema\/logo\/image\/"}}]}},"_links":{"self":[{"href":"https:\/\/isaute.ca\/en\/wp-json\/wp\/v2\/pages\/1240","targetHints":{"allow":["GET"]}}],"collection":[{"href":"https:\/\/isaute.ca\/en\/wp-json\/wp\/v2\/pages"}],"about":[{"href":"https:\/\/isaute.ca\/en\/wp-json\/wp\/v2\/types\/page"}],"author":[{"embeddable":true,"href":"https:\/\/isaute.ca\/en\/wp-json\/wp\/v2\/users\/13"}],"replies":[{"embeddable":true,"href":"https:\/\/isaute.ca\/en\/wp-json\/wp\/v2\/comments?post=1240"}],"version-history":[{"count":0,"href":"https:\/\/isaute.ca\/en\/wp-json\/wp\/v2\/pages\/1240\/revisions"}],"wp:featuredmedia":[{"embeddable":true,"href":"https:\/\/isaute.ca\/en\/wp-json\/wp\/v2\/media\/1407"}],"wp:attachment":[{"href":"https:\/\/isaute.ca\/en\/wp-json\/wp\/v2\/media?parent=1240"}],"curies":[{"name":"wp","href":"https:\/\/api.w.org\/{rel}","templated":true}]}}