{"id":1236,"date":"2024-03-27T11:16:50","date_gmt":"2024-03-27T18:16:50","guid":{"rendered":"https:\/\/isaute.local\/?page_id=1236"},"modified":"2024-09-09T01:58:20","modified_gmt":"2024-09-09T08:58:20","slug":"about","status":"publish","type":"page","link":"https:\/\/isaute.ca\/en\/about\/","title":{"rendered":"About Us"},"content":{"rendered":"<p>Les parcs de trampoline iSaute transforment 30 000 pieds carr\u00e9s en un plaisir plein les murs. Il y a aussi une section pour les sauts, un terrain de basket-ball et ballon-chasseur sur les trampolines aux allures futuristes. Nous disposons \u00e9galement de fosses de cubes en mousse pour que les sauteurs puissent tenter des acrobaties a\u00e9riennes, ainsi qu&rsquo;une section r\u00e9serv\u00e9e \u00e0 nos plus petits sauteurs et beaucoup plus encore.<\/p>\r\n<p>Sp\u00e9cialis\u00e9s dans l&rsquo;amusement actif, les parcs de trampolines iSaute offrent une nouvelle fa\u00e7on excitante de se maintenir en forme et propose une alternative sportive et divertissante. Les trampolines mur \u00e0 mur s&rsquo;adressent \u00e0 toutes les personnes int\u00e9ress\u00e9es par une sortie amusante et active. Il s&rsquo;agit d&rsquo;une activit\u00e9 diversifi\u00e9e et accessible \u00e0 tous les \u00e2ges, toutes les formes et toutes les tailles. Si vous savez marcher, vous pouvez sauter, et vous aurez s\u00fbrement envie d&rsquo;essayer!<\/p>\r\n<p><img decoding=\"async\" title=\"Poster-email pic #2\" src=\"https:\/\/isaute.ca\/wp-content\/uploads\/2024\/03\/Poster-email-pic-2.jpg\" alt=\"Poster-email pic #2\" width=\"1080\" height=\"1080\" \/><\/p>\r\n<h3>OUR VISION<\/h3>\r\n<p>To deliver a once in a lifetime experience every single day! <img decoding=\"async\" title=\"orange-top-swoops\" src=\"https:\/\/isaute.ca\/wp-content\/uploads\/2024\/06\/orange-top-swoops-350x302.png\" alt=\"cruv\" width=\"350\" height=\"302\" \/><\/p>\r\n<h3>OUR MISSION<\/h3>\r\n<p>Notre mission est de redynamiser la socialisation de la communaut\u00e9 gr\u00e2ce \u00e0 des espaces imaginatifs con\u00e7us pour encourager le jeu actif, la c\u00e9l\u00e9bration d&rsquo;\u00e9v\u00e9nements, l&rsquo;apprentissage interactif et vous donner la libert\u00e9 de vous envoler. <img decoding=\"async\" title=\"inflatable air court\" src=\"https:\/\/isaute.ca\/wp-content\/uploads\/2024\/03\/inflatable-air-court-1-scaled.jpg\" alt=\"inflatable air court\" width=\"2560\" height=\"1707\" \/> <img decoding=\"async\" title=\"Copy of 230406_iSaute_0045 (2)\" src=\"https:\/\/isaute.ca\/wp-content\/uploads\/2024\/03\/Copy-of-230406_iSaute_0045-2-scaled.jpg\" alt=\"Copy of 230406_iSaute_0045 (2)\" width=\"2560\" height=\"1707\" \/><\/p>\r\n<h3>OUR VALUES<\/h3>\r\n<ol>\r\n<li>Nous croyons au <strong>pouvoir de l&rsquo;imagination.<\/strong><\/li>\r\n<li>Notre esprit <strong>amusant et audacieux<\/strong> souligne l&rsquo;importance que nous accordons aux relations humaines.<\/li>\r\n<li>Nous sommes <strong>festifs et enjou\u00e9s<\/strong> \u00e0 travers notre implication et notre sentiment d&rsquo;appartenance dans notre communaut\u00e9.<\/li>\r\n<li>Nous encourageons nos clients \u00e0 s&rsquo;amuser selon leurs capacit\u00e9s et nous <strong>favorisons le d\u00e9veloppement personnel<\/strong>.<\/li>\r\n<li>Nous sommes <strong>responsables et orient\u00e9s vers les r\u00e9sultats<\/strong>, par notre engagement envers nos clients, notre communaut\u00e9 et les uns envers les autres.<\/li>\r\n<\/ol>\r\n<h3>Stay connected!<\/h3>\r\n<div class=\"social-wrap\"><a href=\"https:\/\/www.facebook.com\/iSaute\/\" target=\"_blank\" class=\"social-icon\"><i class=\"fa-classic fa-brands fa-facebook-f\" aria-hidden=\"true\"><\/i><\/a><a href=\"https:\/\/www.instagram.com\/isaute\/\" target=\"_blank\" class=\"social-icon\"><i class=\"fa-classic fa-brands fa-instagram\" aria-hidden=\"true\"><\/i><\/a><a href=\"https:\/\/www.pinterest.ca\/iSautetrampolinecenters\/?invite_code=abb319b4a1bb4eedb677c756a650554b&#038;sender=816136901131277272\" target=\"_blank\" class=\"social-icon\"><i class=\"fa-classic fa-brands fa-pinterest-p\" aria-hidden=\"true\"><\/i><\/a><a href=\"https:\/\/www.tiktok.com\/@isautetrampolineparks\" target=\"_blank\" class=\"social-icon\"><i class=\"fa-classic fa-brands fa-tiktok\" aria-hidden=\"true\"><\/i><\/a><a href=\"https:\/\/www.youtube.com\/channel\/UCCmkN164IjcgGeMJ_UnrGaw\" target=\"_blank\" class=\"social-icon\"><i class=\"fa-classic fa-brands fa-youtube\" aria-hidden=\"true\"><\/i><\/a><\/div>","protected":false},"excerpt":{"rendered":"<p>Les parcs de trampoline iSaute transforment 30 000 pieds carr\u00e9s en un plaisir plein les murs. Il y a aussi une section pour les sauts, un terrain de basket-ball et ballon-chasseur sur les trampolines aux allures futuristes. Nous disposons \u00e9galement de fosses de cubes en mousse pour que les sauteurs puissent tenter des acrobaties a\u00e9riennes, [&hellip;]<\/p>","protected":false},"author":13,"featured_media":54937,"parent":0,"menu_order":13,"comment_status":"closed","ping_status":"closed","template":"","meta":{"_acf_changed":false,"site-sidebar-layout":"default","site-content-layout":"","ast-site-content-layout":"default","site-content-style":"default","site-sidebar-style":"default","ast-global-header-display":"","ast-banner-title-visibility":"","ast-main-header-display":"","ast-hfb-above-header-display":"","ast-hfb-below-header-display":"","ast-hfb-mobile-header-display":"","site-post-title":"","ast-breadcrumbs-content":"","ast-featured-img":"","footer-sml-layout":"","ast-disable-related-posts":"","theme-transparent-header-meta":"","adv-header-id-meta":"","stick-header-meta":"","header-above-stick-meta":"","header-main-stick-meta":"","header-below-stick-meta":"","astra-migrate-meta-layouts":"set","ast-page-background-enabled":"default","ast-page-background-meta":{"desktop":{"background-color":"var(--ast-global-color-4)","background-image":"","background-repeat":"repeat","background-position":"center center","background-size":"auto","background-attachment":"scroll","background-type":"","background-media":"","overlay-type":"","overlay-color":"","overlay-opacity":"","overlay-gradient":""},"tablet":{"background-color":"","background-image":"","background-repeat":"repeat","background-position":"center center","background-size":"auto","background-attachment":"scroll","background-type":"","background-media":"","overlay-type":"","overlay-color":"","overlay-opacity":"","overlay-gradient":""},"mobile":{"background-color":"","background-image":"","background-repeat":"repeat","background-position":"center center","background-size":"auto","background-attachment":"scroll","background-type":"","background-media":"","overlay-type":"","overlay-color":"","overlay-opacity":"","overlay-gradient":""}},"ast-content-background-meta":{"desktop":{"background-color":"var(--ast-global-color-5)","background-image":"","background-repeat":"repeat","background-position":"center center","background-size":"auto","background-attachment":"scroll","background-type":"","background-media":"","overlay-type":"","overlay-color":"","overlay-opacity":"","overlay-gradient":""},"tablet":{"background-color":"var(--ast-global-color-5)","background-image":"","background-repeat":"repeat","background-position":"center center","background-size":"auto","background-attachment":"scroll","background-type":"","background-media":"","overlay-type":"","overlay-color":"","overlay-opacity":"","overlay-gradient":""},"mobile":{"background-color":"var(--ast-global-color-5)","background-image":"","background-repeat":"repeat","background-position":"center center","background-size":"auto","background-attachment":"scroll","background-type":"","background-media":"","overlay-type":"","overlay-color":"","overlay-opacity":"","overlay-gradient":""}},"footnotes":""},"class_list":["post-1236","page","type-page","status-publish","has-post-thumbnail","hentry"],"acf":[],"yoast_head":"<!-- This site is optimized with the Yoast SEO plugin v27.3 - https:\/\/yoast.com\/product\/yoast-seo-wordpress\/ -->\n<title>\u00c0 propos de nous - iSaute<\/title>\n<meta name=\"description\" content=\"Vous souhaitez en savoir plus sur les centres de trampoline et d&#039;amusement iSaute? D\u00e9couvrez notre page \u00e0 propos!\" \/>\n<meta name=\"robots\" content=\"index, follow, max-snippet:-1, max-image-preview:large, max-video-preview:-1\" \/>\n<link rel=\"canonical\" href=\"https:\/\/isaute.ca\/en\/about\/\" \/>\n<meta property=\"og:locale\" content=\"en_US\" \/>\n<meta property=\"og:type\" content=\"article\" \/>\n<meta property=\"og:title\" content=\"\u00c0 propos de nous - iSaute\" \/>\n<meta property=\"og:description\" content=\"Vous souhaitez en savoir plus sur les centres de trampoline et d&#039;amusement iSaute? D\u00e9couvrez notre page \u00e0 propos!\" \/>\n<meta property=\"og:url\" content=\"https:\/\/isaute.ca\/en\/about\/\" \/>\n<meta property=\"og:site_name\" content=\"iSaute\" \/>\n<meta property=\"article:modified_time\" content=\"2024-09-09T08:58:20+00:00\" \/>\n<meta property=\"og:image\" content=\"https:\/\/isaute.ca\/wp-content\/uploads\/2024\/08\/230406_iSaute_v2_0049-1024x683.jpg\" \/>\n\t<meta property=\"og:image:width\" content=\"1024\" \/>\n\t<meta property=\"og:image:height\" content=\"683\" \/>\n\t<meta property=\"og:image:type\" content=\"image\/jpeg\" \/>\n<meta name=\"twitter:card\" content=\"summary_large_image\" \/>\n<meta name=\"twitter:label1\" content=\"Est. reading time\" \/>\n\t<meta name=\"twitter:data1\" content=\"2 minutes\" \/>\n<script type=\"application\/ld+json\" class=\"yoast-schema-graph\">{\"@context\":\"https:\\\/\\\/schema.org\",\"@graph\":[{\"@type\":\"WebPage\",\"@id\":\"https:\\\/\\\/isaute.ca\\\/a-propos\\\/\",\"url\":\"https:\\\/\\\/isaute.ca\\\/a-propos\\\/\",\"name\":\"\u00c0 propos de nous - iSaute\",\"isPartOf\":{\"@id\":\"https:\\\/\\\/isaute.ca\\\/#website\"},\"primaryImageOfPage\":{\"@id\":\"https:\\\/\\\/isaute.ca\\\/a-propos\\\/#primaryimage\"},\"image\":{\"@id\":\"https:\\\/\\\/isaute.ca\\\/a-propos\\\/#primaryimage\"},\"thumbnailUrl\":\"https:\\\/\\\/isaute.ca\\\/wp-content\\\/uploads\\\/2024\\\/08\\\/230406_iSaute_v2_0049-scaled.jpg\",\"datePublished\":\"2024-03-27T18:16:50+00:00\",\"dateModified\":\"2024-09-09T08:58:20+00:00\",\"description\":\"Vous souhaitez en savoir plus sur les centres de trampoline et d'amusement iSaute? D\u00e9couvrez notre page \u00e0 propos!\",\"breadcrumb\":{\"@id\":\"https:\\\/\\\/isaute.ca\\\/a-propos\\\/#breadcrumb\"},\"inLanguage\":\"en-US\",\"potentialAction\":[{\"@type\":\"ReadAction\",\"target\":[\"https:\\\/\\\/isaute.ca\\\/a-propos\\\/\"]}]},{\"@type\":\"ImageObject\",\"inLanguage\":\"en-US\",\"@id\":\"https:\\\/\\\/isaute.ca\\\/a-propos\\\/#primaryimage\",\"url\":\"https:\\\/\\\/isaute.ca\\\/wp-content\\\/uploads\\\/2024\\\/08\\\/230406_iSaute_v2_0049-scaled.jpg\",\"contentUrl\":\"https:\\\/\\\/isaute.ca\\\/wp-content\\\/uploads\\\/2024\\\/08\\\/230406_iSaute_v2_0049-scaled.jpg\",\"width\":2560,\"height\":1707},{\"@type\":\"BreadcrumbList\",\"@id\":\"https:\\\/\\\/isaute.ca\\\/a-propos\\\/#breadcrumb\",\"itemListElement\":[{\"@type\":\"ListItem\",\"position\":1,\"name\":\"Home\",\"item\":\"https:\\\/\\\/isaute.ca\\\/\"},{\"@type\":\"ListItem\",\"position\":2,\"name\":\"\u00c0 propos de nous\"}]},{\"@type\":\"WebSite\",\"@id\":\"https:\\\/\\\/isaute.ca\\\/#website\",\"url\":\"https:\\\/\\\/isaute.ca\\\/\",\"name\":\"iSaute\",\"description\":\"Amusement Parks\",\"publisher\":{\"@id\":\"https:\\\/\\\/isaute.ca\\\/#organization\"},\"potentialAction\":[{\"@type\":\"SearchAction\",\"target\":{\"@type\":\"EntryPoint\",\"urlTemplate\":\"https:\\\/\\\/isaute.ca\\\/?s={search_term_string}\"},\"query-input\":{\"@type\":\"PropertyValueSpecification\",\"valueRequired\":true,\"valueName\":\"search_term_string\"}}],\"inLanguage\":\"en-US\"},{\"@type\":\"Organization\",\"@id\":\"https:\\\/\\\/isaute.ca\\\/#organization\",\"name\":\"iSaute\",\"url\":\"https:\\\/\\\/isaute.ca\\\/\",\"logo\":{\"@type\":\"ImageObject\",\"inLanguage\":\"en-US\",\"@id\":\"https:\\\/\\\/isaute.ca\\\/#\\\/schema\\\/logo\\\/image\\\/\",\"url\":\"https:\\\/\\\/isaute.ca\\\/wp-content\\\/uploads\\\/2024\\\/05\\\/isaute-logo-white.svg\",\"contentUrl\":\"https:\\\/\\\/isaute.ca\\\/wp-content\\\/uploads\\\/2024\\\/05\\\/isaute-logo-white.svg\",\"caption\":\"iSaute\"},\"image\":{\"@id\":\"https:\\\/\\\/isaute.ca\\\/#\\\/schema\\\/logo\\\/image\\\/\"}}]}<\/script>\n<!-- \/ Yoast SEO plugin. -->","yoast_head_json":{"title":"\u00c0 propos de nous - iSaute","description":"Vous souhaitez en savoir plus sur les centres de trampoline et d'amusement iSaute? D\u00e9couvrez notre page \u00e0 propos!","robots":{"index":"index","follow":"follow","max-snippet":"max-snippet:-1","max-image-preview":"max-image-preview:large","max-video-preview":"max-video-preview:-1"},"canonical":"https:\/\/isaute.ca\/en\/about\/","og_locale":"en_US","og_type":"article","og_title":"\u00c0 propos de nous - iSaute","og_description":"Vous souhaitez en savoir plus sur les centres de trampoline et d'amusement iSaute? D\u00e9couvrez notre page \u00e0 propos!","og_url":"https:\/\/isaute.ca\/en\/about\/","og_site_name":"iSaute","article_modified_time":"2024-09-09T08:58:20+00:00","og_image":[{"width":1024,"height":683,"url":"https:\/\/isaute.ca\/wp-content\/uploads\/2024\/08\/230406_iSaute_v2_0049-1024x683.jpg","type":"image\/jpeg"}],"twitter_card":"summary_large_image","twitter_misc":{"Est. reading time":"2 minutes"},"schema":{"@context":"https:\/\/schema.org","@graph":[{"@type":"WebPage","@id":"https:\/\/isaute.ca\/a-propos\/","url":"https:\/\/isaute.ca\/a-propos\/","name":"\u00c0 propos de nous - iSaute","isPartOf":{"@id":"https:\/\/isaute.ca\/#website"},"primaryImageOfPage":{"@id":"https:\/\/isaute.ca\/a-propos\/#primaryimage"},"image":{"@id":"https:\/\/isaute.ca\/a-propos\/#primaryimage"},"thumbnailUrl":"https:\/\/isaute.ca\/wp-content\/uploads\/2024\/08\/230406_iSaute_v2_0049-scaled.jpg","datePublished":"2024-03-27T18:16:50+00:00","dateModified":"2024-09-09T08:58:20+00:00","description":"Vous souhaitez en savoir plus sur les centres de trampoline et d'amusement iSaute? D\u00e9couvrez notre page \u00e0 propos!","breadcrumb":{"@id":"https:\/\/isaute.ca\/a-propos\/#breadcrumb"},"inLanguage":"en-US","potentialAction":[{"@type":"ReadAction","target":["https:\/\/isaute.ca\/a-propos\/"]}]},{"@type":"ImageObject","inLanguage":"en-US","@id":"https:\/\/isaute.ca\/a-propos\/#primaryimage","url":"https:\/\/isaute.ca\/wp-content\/uploads\/2024\/08\/230406_iSaute_v2_0049-scaled.jpg","contentUrl":"https:\/\/isaute.ca\/wp-content\/uploads\/2024\/08\/230406_iSaute_v2_0049-scaled.jpg","width":2560,"height":1707},{"@type":"BreadcrumbList","@id":"https:\/\/isaute.ca\/a-propos\/#breadcrumb","itemListElement":[{"@type":"ListItem","position":1,"name":"Home","item":"https:\/\/isaute.ca\/"},{"@type":"ListItem","position":2,"name":"\u00c0 propos de nous"}]},{"@type":"WebSite","@id":"https:\/\/isaute.ca\/#website","url":"https:\/\/isaute.ca\/","name":"iSaute","description":"Amusement Parks","publisher":{"@id":"https:\/\/isaute.ca\/#organization"},"potentialAction":[{"@type":"SearchAction","target":{"@type":"EntryPoint","urlTemplate":"https:\/\/isaute.ca\/?s={search_term_string}"},"query-input":{"@type":"PropertyValueSpecification","valueRequired":true,"valueName":"search_term_string"}}],"inLanguage":"en-US"},{"@type":"Organization","@id":"https:\/\/isaute.ca\/#organization","name":"iSaute","url":"https:\/\/isaute.ca\/","logo":{"@type":"ImageObject","inLanguage":"en-US","@id":"https:\/\/isaute.ca\/#\/schema\/logo\/image\/","url":"https:\/\/isaute.ca\/wp-content\/uploads\/2024\/05\/isaute-logo-white.svg","contentUrl":"https:\/\/isaute.ca\/wp-content\/uploads\/2024\/05\/isaute-logo-white.svg","caption":"iSaute"},"image":{"@id":"https:\/\/isaute.ca\/#\/schema\/logo\/image\/"}}]}},"_links":{"self":[{"href":"https:\/\/isaute.ca\/en\/wp-json\/wp\/v2\/pages\/1236","targetHints":{"allow":["GET"]}}],"collection":[{"href":"https:\/\/isaute.ca\/en\/wp-json\/wp\/v2\/pages"}],"about":[{"href":"https:\/\/isaute.ca\/en\/wp-json\/wp\/v2\/types\/page"}],"author":[{"embeddable":true,"href":"https:\/\/isaute.ca\/en\/wp-json\/wp\/v2\/users\/13"}],"replies":[{"embeddable":true,"href":"https:\/\/isaute.ca\/en\/wp-json\/wp\/v2\/comments?post=1236"}],"version-history":[{"count":0,"href":"https:\/\/isaute.ca\/en\/wp-json\/wp\/v2\/pages\/1236\/revisions"}],"wp:featuredmedia":[{"embeddable":true,"href":"https:\/\/isaute.ca\/en\/wp-json\/wp\/v2\/media\/54937"}],"wp:attachment":[{"href":"https:\/\/isaute.ca\/en\/wp-json\/wp\/v2\/media?parent=1236"}],"curies":[{"name":"wp","href":"https:\/\/api.w.org\/{rel}","templated":true}]}}