{"id":7,"date":"2021-09-04T21:46:19","date_gmt":"2021-09-04T21:46:19","guid":{"rendered":"https:\/\/localhost:10192\/?page_id=7"},"modified":"2026-03-11T10:13:36","modified_gmt":"2026-03-11T17:13:36","slug":"home-page","status":"publish","type":"page","link":"http:\/\/isaute.ca\/en\/","title":{"rendered":"Home"},"content":{"rendered":"<h2>Our Activities<\/h2>\r\n<p><a href=\"\/en\/activities\/\" target=\"_self\"> View All Activities <\/a><\/p>\r\n<figure><img decoding=\"async\" title=\"Path 15\" src=\"https:\/\/isaute.ca\/wp-content\/uploads\/2024\/04\/Path-15.png\" alt=\"Curve\" width=\"606\" height=\"235\" \/><\/figure>\r\n<h3>STAY IN TOUCH!<\/h3>\r\n<p>Be the first to know about our latest promotions- subscribe to our newsletter!<\/p>\r\n<p><a target=\"_self\"> Je m&rsquo;abonne <\/a><\/p>\r\n<figure><img decoding=\"async\" title=\"Uniques-parties-pictures\" src=\"https:\/\/isaute.ca\/wp-content\/uploads\/2024\/08\/Uniques-parties-pictures.gif\" alt=\"Single parts\" width=\"623\" height=\"416\" \/><\/figure>\r\n<h3>Unique Parties<\/h3>\r\n<p>Looking for a unique way to celebrate a birthday? iSaute is the ideal destination for birthday parties.<br \/>R\u00e9servez une super f\u00eate d&rsquo;anniversaire chez iSaute ! Votre animateur se chargera de tous les d\u00e9tails, y compris de l&rsquo;installation et du nettoyage, pour que tout le monde puisse se d\u00e9tendre, sauter, plonger, grimper et profiter de la f\u00eate ! <a href=\"\/en\/isaute-birthday-celebration\/\" target=\"_self\"> Learn more <\/a><\/p>\r\n<figure><img decoding=\"async\" title=\"Exercise while having fun picture\" src=\"https:\/\/isaute.ca\/wp-content\/uploads\/2024\/08\/Exercise-while-having-fun-picture-scaled.jpg\" alt=\"Exercise while having fun picture\" width=\"2560\" height=\"1707\" \/><\/figure>\r\n<h3>Faites de l&rsquo;exercice tout en vous amusant!<\/h3>\r\n<p>Une fa\u00e7on amusante de garder la forme, nous vous proposons une alternative divertissante! Sauter sur une trampoline exerce tout le corps. Rebondir aide \u00e0 d\u00e9velopper les muscles, \u00e0 br\u00fbler rapidement les graisses et \u00e0 cibler chaque partie de votre corps, y compris les jambes, les cuisses, les bras, les hanches et le ventre. Il a \u00e9galement l&rsquo;avantage d&rsquo;am\u00e9liorer l&rsquo;agilit\u00e9 et l&rsquo;\u00e9quilibre!<\/p>\r\n<p><a href=\"\/en\/activities\/\" target=\"_self\"> Learn more <\/a><\/p>\r\n<figure><img decoding=\"async\" title=\"Path 15\" src=\"https:\/\/isaute.ca\/wp-content\/uploads\/2024\/04\/Path-15.png\" alt=\"Curve\" width=\"606\" height=\"235\" \/><\/figure>\r\n<h3>A trampoline park focused on fun!<\/h3>\r\n<p>Welcome to iSaute, a leader in family entertainment.<\/p>\r\n<p>Du divertissement plein les murs, des activit\u00e9s pour tous les \u00e2ges, diff\u00e9rents parcours de saut, des parcours de guerriers ninjas, du dodgeball, du basketball, des jeux d&rsquo;arcades et bien plus encore. iSaute est l&rsquo;endroit id\u00e9al pour organiser votre prochaine f\u00eate, votre prochain \u00e9v\u00e9nement ou pour vous amuser et \u00eatre actif avec vos amis et votre famille.<\/p>\r\n<p>With 5 locations, we invite you to come enjoy a unique experience at the <strong>#1 trampoline park in Quebec<\/strong>, votre parc d&rsquo;attractions pr\u00e9f\u00e9r\u00e9 depuis 2013!<\/p>\r\n<p><a href=\"\/en\/about\/\" target=\"_self\"> About Us <\/a><\/p>\r\n<figure><img decoding=\"async\" title=\"Path 17\" src=\"https:\/\/isaute.ca\/wp-content\/uploads\/2024\/04\/Path-17.png\" alt=\"Curve\" width=\"265\" height=\"103\" \/><\/figure>\r\n<figure><img decoding=\"async\" title=\"Path 16\" src=\"https:\/\/isaute.ca\/wp-content\/uploads\/2024\/04\/Path-16.png\" alt=\"Curve\" width=\"606\" height=\"235\" \/><\/figure>\r\n<figure><img decoding=\"async\" title=\"Bistro-picture-crop\" src=\"https:\/\/isaute.ca\/wp-content\/uploads\/2024\/08\/Bistro-picture-crop.jpg\" alt=\"Bistro picture\" width=\"1442\" height=\"1154\" \/><\/figure>\r\n<h3>Bistro<\/h3>\r\n<p>Recharge your batteries at our Bistro after your jump time! We offer a variety of food, snacks and drink choices at affordable prices.<\/p>\r\n<p>*WIFI is free!<\/p>\r\n<p><a href=\"https:\/\/isaute.ca\/wp-content\/uploads\/2025\/04\/NEW-Bistro-Menu-_Apr-2025-1920-x-1080-px-1.pdf\" target=\"_blank\" rel=\"noopener\"> Download PDF <\/a><\/p>\r\n<figure><img decoding=\"async\" title=\"Safety is our first priority picture-crop\" src=\"https:\/\/isaute.ca\/wp-content\/uploads\/2024\/08\/Safety-is-our-first-priority-picture-crop.jpg\" alt=\"Safety is our first priority picture\" width=\"1190\" height=\"957\" \/><\/figure>\r\n<h3>Safety Is Our First Priority!<\/h3>\r\n<p>At iSaute, safety is our priority and, therefore, the safety rules listed in the section <em><strong>Before you come<\/strong><\/em>\u00a0 will be strictly enforced without any exceptions.<\/p>\r\n<p><a href=\"\/en\/guide-on-boarding\/\" target=\"_self\"> Before you come <\/a><\/p>","protected":false},"excerpt":{"rendered":"<p>Nos Activit\u00e9s Voir toutes les activit\u00e9s RESTONS EN CONTACT! Soyez les premiers \u00e0 d\u00e9couvrir nos derni\u00e8res promotions, inscrivez-vous \u00e0 notre infolettre! Je m&rsquo;abonne Des f\u00eates uniques! Vous cherchez une fa\u00e7on unique de c\u00e9l\u00e9brer un anniversaire ? iSaute est la destination id\u00e9ale pour les anniversaires.R\u00e9servez une super f\u00eate d&rsquo;anniversaire chez iSaute ! Votre animateur se chargera [&hellip;]<\/p>","protected":false},"author":13,"featured_media":1150,"parent":0,"menu_order":0,"comment_status":"closed","ping_status":"closed","template":"","meta":{"_acf_changed":false,"site-sidebar-layout":"default","site-content-layout":"","ast-site-content-layout":"default","site-content-style":"default","site-sidebar-style":"default","ast-global-header-display":"","ast-banner-title-visibility":"","ast-main-header-display":"","ast-hfb-above-header-display":"","ast-hfb-below-header-display":"","ast-hfb-mobile-header-display":"","site-post-title":"","ast-breadcrumbs-content":"","ast-featured-img":"","footer-sml-layout":"","ast-disable-related-posts":"","theme-transparent-header-meta":"default","adv-header-id-meta":"","stick-header-meta":"default","header-above-stick-meta":"","header-main-stick-meta":"disabled","header-below-stick-meta":"","astra-migrate-meta-layouts":"set","ast-page-background-enabled":"default","ast-page-background-meta":{"desktop":{"background-color":"var(--ast-global-color-4)","background-image":"","background-repeat":"repeat","background-position":"center center","background-size":"auto","background-attachment":"scroll","background-type":"","background-media":"","overlay-type":"","overlay-color":"","overlay-opacity":"","overlay-gradient":""},"tablet":{"background-color":"","background-image":"","background-repeat":"repeat","background-position":"center center","background-size":"auto","background-attachment":"scroll","background-type":"","background-media":"","overlay-type":"","overlay-color":"","overlay-opacity":"","overlay-gradient":""},"mobile":{"background-color":"","background-image":"","background-repeat":"repeat","background-position":"center center","background-size":"auto","background-attachment":"scroll","background-type":"","background-media":"","overlay-type":"","overlay-color":"","overlay-opacity":"","overlay-gradient":""}},"ast-content-background-meta":{"desktop":{"background-color":"var(--ast-global-color-5)","background-image":"","background-repeat":"repeat","background-position":"center center","background-size":"auto","background-attachment":"scroll","background-type":"","background-media":"","overlay-type":"","overlay-color":"","overlay-opacity":"","overlay-gradient":""},"tablet":{"background-color":"var(--ast-global-color-5)","background-image":"","background-repeat":"repeat","background-position":"center center","background-size":"auto","background-attachment":"scroll","background-type":"","background-media":"","overlay-type":"","overlay-color":"","overlay-opacity":"","overlay-gradient":""},"mobile":{"background-color":"var(--ast-global-color-5)","background-image":"","background-repeat":"repeat","background-position":"center center","background-size":"auto","background-attachment":"scroll","background-type":"","background-media":"","overlay-type":"","overlay-color":"","overlay-opacity":"","overlay-gradient":""}},"footnotes":""},"class_list":["post-7","page","type-page","status-publish","has-post-thumbnail","hentry"],"acf":[],"yoast_head":"<!-- This site is optimized with the Yoast SEO plugin v27.3 - https:\/\/yoast.com\/product\/yoast-seo-wordpress\/ -->\n<title>Centre de trampoline \u00e0 Montr\u00e9al et Qu\u00e9bec | iSaute<\/title>\n<meta name=\"description\" content=\"Fun garanti aux centres de trampoline et d&#039;amusement iSaute! Les activit\u00e9s comme le parcours de ninja, ou l&#039;escalade raviront adultes, enfants et familles!\" \/>\n<meta name=\"robots\" content=\"index, follow, max-snippet:-1, max-image-preview:large, max-video-preview:-1\" \/>\n<link rel=\"canonical\" href=\"https:\/\/isaute.ca\/en\/\" \/>\n<meta property=\"og:locale\" content=\"en_US\" \/>\n<meta property=\"og:type\" content=\"article\" \/>\n<meta property=\"og:title\" content=\"Centre de trampoline \u00e0 Montr\u00e9al et Qu\u00e9bec | iSaute\" \/>\n<meta property=\"og:description\" content=\"Fun garanti aux centres de trampoline et d&#039;amusement iSaute! Les activit\u00e9s comme le parcours de ninja, ou l&#039;escalade raviront adultes, enfants et familles!\" \/>\n<meta property=\"og:url\" content=\"https:\/\/isaute.ca\/en\/\" \/>\n<meta property=\"og:site_name\" content=\"iSaute\" \/>\n<meta property=\"article:modified_time\" content=\"2026-03-11T17:13:36+00:00\" \/>\n<meta property=\"og:image\" content=\"https:\/\/isaute.ca\/wp-content\/uploads\/2024\/03\/hero1.jpg\" \/>\n\t<meta property=\"og:image:width\" content=\"1440\" \/>\n\t<meta property=\"og:image:height\" content=\"614\" \/>\n\t<meta property=\"og:image:type\" content=\"image\/jpeg\" \/>\n<meta name=\"twitter:card\" content=\"summary_large_image\" \/>\n<meta name=\"twitter:label1\" content=\"Est. reading time\" \/>\n\t<meta name=\"twitter:data1\" content=\"4 minutes\" \/>\n<script type=\"application\/ld+json\" class=\"yoast-schema-graph\">{\"@context\":\"https:\\\/\\\/schema.org\",\"@graph\":[{\"@type\":\"WebPage\",\"@id\":\"https:\\\/\\\/isaute.ca\\\/\",\"url\":\"https:\\\/\\\/isaute.ca\\\/\",\"name\":\"Centre de trampoline \u00e0 Montr\u00e9al et Qu\u00e9bec | iSaute\",\"isPartOf\":{\"@id\":\"https:\\\/\\\/isaute.ca\\\/#website\"},\"primaryImageOfPage\":{\"@id\":\"https:\\\/\\\/isaute.ca\\\/#primaryimage\"},\"image\":{\"@id\":\"https:\\\/\\\/isaute.ca\\\/#primaryimage\"},\"thumbnailUrl\":\"https:\\\/\\\/isaute.ca\\\/wp-content\\\/uploads\\\/2024\\\/03\\\/hero1.jpg\",\"datePublished\":\"2021-09-04T21:46:19+00:00\",\"dateModified\":\"2026-03-11T17:13:36+00:00\",\"description\":\"Fun garanti aux centres de trampoline et d'amusement iSaute! Les activit\u00e9s comme le parcours de ninja, ou l'escalade raviront adultes, enfants et familles!\",\"breadcrumb\":{\"@id\":\"https:\\\/\\\/isaute.ca\\\/#breadcrumb\"},\"inLanguage\":\"en-US\",\"potentialAction\":[{\"@type\":\"ReadAction\",\"target\":[\"https:\\\/\\\/isaute.ca\\\/\"]}]},{\"@type\":\"ImageObject\",\"inLanguage\":\"en-US\",\"@id\":\"https:\\\/\\\/isaute.ca\\\/#primaryimage\",\"url\":\"https:\\\/\\\/isaute.ca\\\/wp-content\\\/uploads\\\/2024\\\/03\\\/hero1.jpg\",\"contentUrl\":\"https:\\\/\\\/isaute.ca\\\/wp-content\\\/uploads\\\/2024\\\/03\\\/hero1.jpg\",\"width\":1440,\"height\":614,\"caption\":\"Action Mousse\"},{\"@type\":\"BreadcrumbList\",\"@id\":\"https:\\\/\\\/isaute.ca\\\/#breadcrumb\",\"itemListElement\":[{\"@type\":\"ListItem\",\"position\":1,\"name\":\"Home\",\"item\":\"https:\\\/\\\/isaute.ca\\\/\"},{\"@type\":\"ListItem\",\"position\":2,\"name\":\"Home\"}]},{\"@type\":\"WebSite\",\"@id\":\"https:\\\/\\\/isaute.ca\\\/#website\",\"url\":\"https:\\\/\\\/isaute.ca\\\/\",\"name\":\"iSaute\",\"description\":\"Amusement Parks\",\"publisher\":{\"@id\":\"https:\\\/\\\/isaute.ca\\\/#organization\"},\"potentialAction\":[{\"@type\":\"SearchAction\",\"target\":{\"@type\":\"EntryPoint\",\"urlTemplate\":\"https:\\\/\\\/isaute.ca\\\/?s={search_term_string}\"},\"query-input\":{\"@type\":\"PropertyValueSpecification\",\"valueRequired\":true,\"valueName\":\"search_term_string\"}}],\"inLanguage\":\"en-US\"},{\"@type\":\"Organization\",\"@id\":\"https:\\\/\\\/isaute.ca\\\/#organization\",\"name\":\"iSaute\",\"url\":\"https:\\\/\\\/isaute.ca\\\/\",\"logo\":{\"@type\":\"ImageObject\",\"inLanguage\":\"en-US\",\"@id\":\"https:\\\/\\\/isaute.ca\\\/#\\\/schema\\\/logo\\\/image\\\/\",\"url\":\"https:\\\/\\\/isaute.ca\\\/wp-content\\\/uploads\\\/2024\\\/05\\\/isaute-logo-white.svg\",\"contentUrl\":\"https:\\\/\\\/isaute.ca\\\/wp-content\\\/uploads\\\/2024\\\/05\\\/isaute-logo-white.svg\",\"caption\":\"iSaute\"},\"image\":{\"@id\":\"https:\\\/\\\/isaute.ca\\\/#\\\/schema\\\/logo\\\/image\\\/\"}}]}<\/script>\n<!-- \/ Yoast SEO plugin. -->","yoast_head_json":{"title":"Centre de trampoline \u00e0 Montr\u00e9al et Qu\u00e9bec | iSaute","description":"Fun garanti aux centres de trampoline et d'amusement iSaute! Les activit\u00e9s comme le parcours de ninja, ou l'escalade raviront adultes, enfants et familles!","robots":{"index":"index","follow":"follow","max-snippet":"max-snippet:-1","max-image-preview":"max-image-preview:large","max-video-preview":"max-video-preview:-1"},"canonical":"https:\/\/isaute.ca\/en\/","og_locale":"en_US","og_type":"article","og_title":"Centre de trampoline \u00e0 Montr\u00e9al et Qu\u00e9bec | iSaute","og_description":"Fun garanti aux centres de trampoline et d'amusement iSaute! Les activit\u00e9s comme le parcours de ninja, ou l'escalade raviront adultes, enfants et familles!","og_url":"https:\/\/isaute.ca\/en\/","og_site_name":"iSaute","article_modified_time":"2026-03-11T17:13:36+00:00","og_image":[{"width":1440,"height":614,"url":"https:\/\/isaute.ca\/wp-content\/uploads\/2024\/03\/hero1.jpg","type":"image\/jpeg"}],"twitter_card":"summary_large_image","twitter_misc":{"Est. reading time":"4 minutes"},"schema":{"@context":"https:\/\/schema.org","@graph":[{"@type":"WebPage","@id":"https:\/\/isaute.ca\/","url":"https:\/\/isaute.ca\/","name":"Centre de trampoline \u00e0 Montr\u00e9al et Qu\u00e9bec | iSaute","isPartOf":{"@id":"https:\/\/isaute.ca\/#website"},"primaryImageOfPage":{"@id":"https:\/\/isaute.ca\/#primaryimage"},"image":{"@id":"https:\/\/isaute.ca\/#primaryimage"},"thumbnailUrl":"https:\/\/isaute.ca\/wp-content\/uploads\/2024\/03\/hero1.jpg","datePublished":"2021-09-04T21:46:19+00:00","dateModified":"2026-03-11T17:13:36+00:00","description":"Fun garanti aux centres de trampoline et d'amusement iSaute! Les activit\u00e9s comme le parcours de ninja, ou l'escalade raviront adultes, enfants et familles!","breadcrumb":{"@id":"https:\/\/isaute.ca\/#breadcrumb"},"inLanguage":"en-US","potentialAction":[{"@type":"ReadAction","target":["https:\/\/isaute.ca\/"]}]},{"@type":"ImageObject","inLanguage":"en-US","@id":"https:\/\/isaute.ca\/#primaryimage","url":"https:\/\/isaute.ca\/wp-content\/uploads\/2024\/03\/hero1.jpg","contentUrl":"https:\/\/isaute.ca\/wp-content\/uploads\/2024\/03\/hero1.jpg","width":1440,"height":614,"caption":"Action Mousse"},{"@type":"BreadcrumbList","@id":"https:\/\/isaute.ca\/#breadcrumb","itemListElement":[{"@type":"ListItem","position":1,"name":"Home","item":"https:\/\/isaute.ca\/"},{"@type":"ListItem","position":2,"name":"Home"}]},{"@type":"WebSite","@id":"https:\/\/isaute.ca\/#website","url":"https:\/\/isaute.ca\/","name":"iSaute","description":"Amusement Parks","publisher":{"@id":"https:\/\/isaute.ca\/#organization"},"potentialAction":[{"@type":"SearchAction","target":{"@type":"EntryPoint","urlTemplate":"https:\/\/isaute.ca\/?s={search_term_string}"},"query-input":{"@type":"PropertyValueSpecification","valueRequired":true,"valueName":"search_term_string"}}],"inLanguage":"en-US"},{"@type":"Organization","@id":"https:\/\/isaute.ca\/#organization","name":"iSaute","url":"https:\/\/isaute.ca\/","logo":{"@type":"ImageObject","inLanguage":"en-US","@id":"https:\/\/isaute.ca\/#\/schema\/logo\/image\/","url":"https:\/\/isaute.ca\/wp-content\/uploads\/2024\/05\/isaute-logo-white.svg","contentUrl":"https:\/\/isaute.ca\/wp-content\/uploads\/2024\/05\/isaute-logo-white.svg","caption":"iSaute"},"image":{"@id":"https:\/\/isaute.ca\/#\/schema\/logo\/image\/"}}]}},"_links":{"self":[{"href":"http:\/\/isaute.ca\/en\/wp-json\/wp\/v2\/pages\/7","targetHints":{"allow":["GET"]}}],"collection":[{"href":"http:\/\/isaute.ca\/en\/wp-json\/wp\/v2\/pages"}],"about":[{"href":"http:\/\/isaute.ca\/en\/wp-json\/wp\/v2\/types\/page"}],"author":[{"embeddable":true,"href":"http:\/\/isaute.ca\/en\/wp-json\/wp\/v2\/users\/13"}],"replies":[{"embeddable":true,"href":"http:\/\/isaute.ca\/en\/wp-json\/wp\/v2\/comments?post=7"}],"version-history":[{"count":0,"href":"http:\/\/isaute.ca\/en\/wp-json\/wp\/v2\/pages\/7\/revisions"}],"wp:featuredmedia":[{"embeddable":true,"href":"http:\/\/isaute.ca\/en\/wp-json\/wp\/v2\/media\/1150"}],"wp:attachment":[{"href":"http:\/\/isaute.ca\/en\/wp-json\/wp\/v2\/media?parent=7"}],"curies":[{"name":"wp","href":"https:\/\/api.w.org\/{rel}","templated":true}]}}