{"id":52727,"date":"2024-05-28T03:00:59","date_gmt":"2024-05-28T10:00:59","guid":{"rendered":"https:\/\/isaute.ca\/?page_id=52727"},"modified":"2024-09-09T02:04:24","modified_gmt":"2024-09-09T09:04:24","slug":"fundraising","status":"publish","type":"page","link":"http:\/\/isaute.ca\/en\/fundraising\/","title":{"rendered":"iSaute Fundraisers"},"content":{"rendered":"<h3>Fundraising is fun with iSAUTE!<\/h3>\r\n<p><strong>Choose from two types of fundraisers to suit your needs:<\/strong><\/p>\r\n<p><strong>iSaute &amp; FUNdraiser<\/strong><\/p>\r\n<p>Tickets sold to your organization at a discounted rate. Your organization can then sell each ticket and keep the profits.<\/p>\r\n<p><strong>iSaute Night FUNdraiser<\/strong><\/p>\r\n<p>Billets vendus pour une soir\u00e9e sp\u00e9cifique dans l&rsquo;un de nos parcs iSaute et une partie des profits va \u00e0 votre organisation.<\/p>\r\n<p>Please fill out the information below and one of our fundraising experts will be in touch with you shortly!<\/p>\r\n\t\t\t\r\n\t\t\r\n                            <h2>iSaute Fundraisers<\/h2>\r\n                            \r\n\t\t\t\t\t\t\t\r\n                        <form method='post' enctype='multipart\/form-data' target='gform_ajax_frame_7' id='gform_7'  action='\/en\/?page_id=52727&#038;fl_builder#gf_7' data-formid='7' novalidate data-trp-original-action=\"\/?page_id=52727&#038;fl_builder#gf_7\"> \r\n <input type='hidden' class='gforms-pum' value='{\"closepopup\":false,\"closedelay\":0,\"openpopup\":false,\"openpopup_id\":0}' \/>\r\n                        <label class='gfield_label gform-field-label' for='input_7_17'>Park<\/label><select name='input_17' id='input_7_17' class='large gfield_select'     aria-invalid=\"false\"><option value='' selected='selected' class='gf_placeholder'>Please Select<\/option><option value='Anjou'>Anjou<\/option><option value='Brossard'>Brossard<\/option><option value='Kirkland'>Kirkland<\/option><option value='Laval'>Laval<\/option><option value='Qu\u00e9bec'>Quebec<\/option><\/select><label class='gfield_label gform-field-label' for='input_7_18'>Nom du groupe*<\/label><input name='input_18' id='input_7_18' type='text' value='' class='large'     aria-required=\"true\" aria-invalid=\"false\"   \/> <label class='gfield_label gform-field-label' for='input_7_36'># Nombre approximatif d&#039;invit\u00e9s*<\/label><input name='input_36' id='input_7_36' type='number' step='any'   value='' class='large'     aria-required=\"true\" aria-invalid=\"false\"  \/><label class='gfield_label gform-field-label' for='input_7_19'>Tranche d&#039;\u00e2ge du groupe*<\/label><input name='input_19' id='input_7_19' type='text' value='' class='large'     aria-required=\"true\" aria-invalid=\"false\"   \/> <fieldset id=\"field_7_37\"  data-js-reload=\"field_7_37\"><legend class='gfield_label gform-field-label gfield_label_before_complex'>Nom*<\/legend>\r\n                                                    <label for='input_7_37_3' class='gform-field-label gform-field-label--type-sub'>First name<\/label>\r\n                                                    <input type='text' name='input_37.3' id='input_7_37_3' value=''   aria-required='true'     \/>\r\n                                                            <label for='input_7_37_6' class='gform-field-label gform-field-label--type-sub'>Last name<\/label>\r\n                                                            <input type='text' name='input_37.6' id='input_7_37_6' value=''   aria-required='true'     \/>\r\n                        <\/fieldset><label class='gfield_label gform-field-label' for='input_7_24'>Courriel*<\/label>\r\n                            <input name='input_24' id='input_7_24' type='email' value='' class='large'    aria-required=\"true\" aria-invalid=\"false\"  \/>\r\n                        <label class='gfield_label gform-field-label' for='input_7_38'>Website or organization URL (if applicable)<\/label><input name='input_38' id='input_7_38' type='text' value='' class='large'      aria-invalid=\"false\"   \/> <fieldset id=\"field_7_26\"  data-js-reload=\"field_7_26\"><legend class='gfield_label gform-field-label gfield_label_before_complex'>Date de l&#039;\u00e9v\u00e9nement*<\/legend>\r\n                                                <label for='input_7_26_3' class='gform-field-label gform-field-label--type-sub screen-reader-text'>Year<\/label>\r\n                                                <input type='number' maxlength='4' name='input_26[]' id='input_7_26_3' value=''   aria-required='true'   placeholder='YYYY' min='1920' max='2025' step='1'\/>\r\n                                                <label for='input_7_26_1' class='gform-field-label gform-field-label--type-sub screen-reader-text'>Month<\/label>\r\n                                                <input type='number' maxlength='2' name='input_26[]' id='input_7_26_1' value=''   aria-required='true'   placeholder='MM' min='1' max='12' step='1'\/>\r\n                                                <label for='input_7_26_2' class='gform-field-label gform-field-label--type-sub screen-reader-text'>Day<\/label>\r\n                                                <input type='number' maxlength='2' name='input_26[]' id='input_7_26_2' value=''   aria-required='true'   placeholder='DD' min='1' max='31' step='1'\/>\r\n                                        <\/fieldset><fieldset id=\"field_7_27\"  data-js-reload=\"field_7_27\"><legend class='gfield_label gform-field-label'>Flexible Date<\/legend>\r\n\t\t\t\t\t<input class='gfield-choice-input' name='input_27' type='radio' value='Yes'  id='choice_7_27_0' onchange='gformToggleRadioOther( this )'    \/>\r\n\t\t\t\t\t<label for='choice_7_27_0' id='label_7_27_0' class='gform-field-label gform-field-label--type-inline'>Yes<\/label>\r\n\t\t\t\t\t<input class='gfield-choice-input' name='input_27' type='radio' value='No'  id='choice_7_27_1' onchange='gformToggleRadioOther( this )'    \/>\r\n\t\t\t\t\t<label for='choice_7_27_1' id='label_7_27_1' class='gform-field-label gform-field-label--type-inline'>No<\/label>\r\n\t\t\t<\/fieldset><label class='gfield_label gform-field-label' for='input_7_35'>m\u00e9thode pr\u00e9f\u00e9r\u00e9 de contact*<\/label><select name='input_35' id='input_7_35' class='large gfield_select'    aria-required=\"true\" aria-invalid=\"false\"><option value='' selected='selected' class='gf_placeholder'>Please Select<\/option><option value='Phone'>Phone<\/option><option value='Email'>Email<\/option><option value='No preference'>No preference<\/option><\/select><label class='gfield_label gform-field-label' for='input_7_34'>Have you ever booked a group or event with iSaute?<\/label><select name='input_34' id='input_7_34' class='large gfield_select'     aria-invalid=\"false\"><option value='' selected='selected' class='gf_placeholder'>Please Select<\/option><option value='Yes'>Yes<\/option><option value='No'>No<\/option><\/select><label class='gfield_label gform-field-label' for='input_7_31'>Num\u00e9ro de t\u00e9l\u00e9phone*<\/label><input name='input_31' id='input_7_31' type='tel' value='' class='large'   aria-required=\"true\" aria-invalid=\"false\"   \/><fieldset id=\"field_7_32\"  data-js-reload=\"field_7_32\"><legend class='gfield_label gform-field-label gfield_label_before_complex'>Adresse*<\/legend>    \r\n                                        <label for='input_7_32_1' id='input_7_32_1_label' class='gform-field-label gform-field-label--type-sub'>Street address<\/label>\r\n                                        <input type='text' name='input_32.1' id='input_7_32_1' value=''    aria-required='true'    \/>\r\n                                    <label for='input_7_32_3' id='input_7_32_3_label' class='gform-field-label gform-field-label--type-sub'>City<\/label>\r\n                                    <input type='text' name='input_32.3' id='input_7_32_3' value=''    aria-required='true'    \/>\r\n                                        <label for='input_7_32_4' id='input_7_32_4_label' class='gform-field-label gform-field-label--type-sub'>State\/Region<\/label>\r\n                                        <input type='text' name='input_32.4' id='input_7_32_4' value=''      aria-required='true'    \/>\r\n                                      <input type='hidden' class='gform_hidden' name='input_32.6' id='input_7_32_6' value='' \/>\r\n                <\/fieldset><label class='gfield_label gform-field-label' for='input_7_33'>Other information we should know<\/label><textarea name='input_33' id='input_7_33' class='textarea small'      aria-invalid=\"false\"   rows='10' cols='50'><\/textarea><label class='gfield_label gform-field-label' for='input_7_39'>Combien d&rsquo;argent souhaitez-vous collecter pour votre organisation ?<\/label><textarea name='input_39' id='input_7_39' class='textarea small'      aria-invalid=\"false\"   rows='10' cols='50'><\/textarea><label class='gfield_label gform-field-label' for='input_7_6'>Attach File\/Form<\/label><input type='hidden' name='MAX_FILE_SIZE' value='52428800' \/><input name='input_6' id='input_7_6' type='file' class='large' aria-describedby=\"gfield_upload_rules_7_6\" onchange='javascript:gformValidateFileSize( this, 52428800 );'  \/>Maximum file size: 50 MB.<label class='gfield_label gform-field-label' for='input_7_40'>Email<\/label>Ce champ n&rsquo;est utilis\u00e9 qu&rsquo;\u00e0 des fins de validation et devrait rester inchang\u00e9.<input name='input_40' id='input_7_40' type='text' value='' autocomplete='new-password'\/>\r\n         <input type='submit' id='gform_submit_button_7' class='gform_button button' value='Submit'  onclick='if(window[\"gf_submitting_7\"]){return false;}  if( !jQuery(\"#gform_7\")[0].checkValidity || jQuery(\"#gform_7\")[0].checkValidity()){window[\"gf_submitting_7\"]=true;}  ' onkeypress='if( event.keyCode == 13 ){ if(window[\"gf_submitting_7\"]){return false;} if( !jQuery(\"#gform_7\")[0].checkValidity || jQuery(\"#gform_7\")[0].checkValidity()){window[\"gf_submitting_7\"]=true;}  jQuery(\"#gform_7\").trigger(\"submit\",[true]); }' \/> <input type='hidden' name='gform_ajax' value='form_id=7&amp;title=1&amp;description=1&amp;tabindex=0&amp;theme=gravity-theme' \/>\r\n            <input type='hidden' class='gform_hidden' name='is_submit_7' value='1' \/>\r\n            <input type='hidden' class='gform_hidden' name='gform_submit' value='7' \/>\r\n            <input type='hidden' class='gform_hidden' name='gform_unique_id' value='' \/>\r\n            <input type='hidden' class='gform_hidden' name='state_7' value='WyJ7XCIxN1wiOltcIjUzNzcxMjk5MGEzNTNiOGNlM2I2YzBhOTU1ZWQxY2ZmXCIsXCI0YjAyOTM2MjM5NGNmODk5MzkxNDA0MTExOWQ5M2I3ZFwiLFwiZTQ0ZDM0NzgwZWQ3NGM5NGVlMmI0YmY1NzA5OWY0YzJcIixcImE5MjA4MWJmODM1YjJiMmIxNzA1NmYxZDRiMDlmMmJhXCIsXCJhM2UxM2M0ZjdjZTMxMWFkZGU5YTY3OTZlMDdlMGZmN1wiXSxcIjI3XCI6W1wiMGUxY2U0NWVmY2YyZjFkZTgzMDI2OGE2OGZlNmI2ZWNcIixcImM2ZjMzNTg5YzVjYTM2MWY0NjFkOGEwMmE0ZWEyY2MwXCJdLFwiMzVcIjpbXCI5NmJlNTYxZmVkNDJmNDk1YzJmNDQxMzdiM2JjZjZhMVwiLFwiMDFlN2E5NWE5MWZhYWUxNmE2ODI3Yjk1MTlhYjM4NDhcIixcIjMzYjhlMzcwYTJhYTFjYzlmOTYyZTQxNThmYzA5MDMxXCJdLFwiMzRcIjpbXCIwZTFjZTQ1ZWZjZjJmMWRlODMwMjY4YTY4ZmU2YjZlY1wiLFwiYzZmMzM1ODljNWNhMzYxZjQ2MWQ4YTAyYTRlYTJjYzBcIl19IiwiMmYxNmJjNjIyZTQzM2MwNWU2NDQwZWYxM2Q4MzExYWUiXQ==' \/>\r\n            <input type='hidden' class='gform_hidden' name='gform_target_page_number_7' id='gform_target_page_number_7' value='0' \/>\r\n            <input type='hidden' class='gform_hidden' name='gform_source_page_number_7' id='gform_source_page_number_7' value='1' \/>\r\n            <input type='hidden' name='gform_field_values' value='' \/>\r\n                        <input type=\"hidden\" name=\"trp-form-language\" value=\"en\"\/><\/form>\r\n\t\t                <iframe style='display:none;width:0px;height:0px;' src='about:blank' name='gform_ajax_frame_7' id='gform_ajax_frame_7' title='This iframe contains the logic needed to manipulate Gravity Forms with AJAX'><\/iframe>","protected":false},"excerpt":{"rendered":"<p>La collecte de fonds est amusante avec iSAUTE\u00a0! Choisissez parmi deux types de collectes de fonds selon vos besoins: iSaute et collecte de fonds Billets vendus \u00e0 votre organisation \u00e0 un tarif r\u00e9duit. Votre organisation peut alors vendre chaque billet et conserver les b\u00e9n\u00e9fices. Soir\u00e9e de collecte de fonds iSaute Billets vendus pour une soir\u00e9e [&hellip;]<\/p>","protected":false},"author":13,"featured_media":54798,"parent":0,"menu_order":2,"comment_status":"closed","ping_status":"closed","template":"","meta":{"_acf_changed":false,"site-sidebar-layout":"no-sidebar","site-content-layout":"page-builder","ast-site-content-layout":"default","site-content-style":"default","site-sidebar-style":"default","ast-global-header-display":"","ast-banner-title-visibility":"","ast-main-header-display":"","ast-hfb-above-header-display":"","ast-hfb-below-header-display":"","ast-hfb-mobile-header-display":"","site-post-title":"disabled","ast-breadcrumbs-content":"","ast-featured-img":"disabled","footer-sml-layout":"","ast-disable-related-posts":"","theme-transparent-header-meta":"","adv-header-id-meta":"","stick-header-meta":"","header-above-stick-meta":"","header-main-stick-meta":"","header-below-stick-meta":"","astra-migrate-meta-layouts":"default","ast-page-background-enabled":"default","ast-page-background-meta":{"desktop":{"background-color":"var(--ast-global-color-4)","background-image":"","background-repeat":"repeat","background-position":"center center","background-size":"auto","background-attachment":"scroll","background-type":"","background-media":"","overlay-type":"","overlay-color":"","overlay-opacity":"","overlay-gradient":""},"tablet":{"background-color":"","background-image":"","background-repeat":"repeat","background-position":"center center","background-size":"auto","background-attachment":"scroll","background-type":"","background-media":"","overlay-type":"","overlay-color":"","overlay-opacity":"","overlay-gradient":""},"mobile":{"background-color":"","background-image":"","background-repeat":"repeat","background-position":"center center","background-size":"auto","background-attachment":"scroll","background-type":"","background-media":"","overlay-type":"","overlay-color":"","overlay-opacity":"","overlay-gradient":""}},"ast-content-background-meta":{"desktop":{"background-color":"var(--ast-global-color-5)","background-image":"","background-repeat":"repeat","background-position":"center center","background-size":"auto","background-attachment":"scroll","background-type":"","background-media":"","overlay-type":"","overlay-color":"","overlay-opacity":"","overlay-gradient":""},"tablet":{"background-color":"var(--ast-global-color-5)","background-image":"","background-repeat":"repeat","background-position":"center center","background-size":"auto","background-attachment":"scroll","background-type":"","background-media":"","overlay-type":"","overlay-color":"","overlay-opacity":"","overlay-gradient":""},"mobile":{"background-color":"var(--ast-global-color-5)","background-image":"","background-repeat":"repeat","background-position":"center center","background-size":"auto","background-attachment":"scroll","background-type":"","background-media":"","overlay-type":"","overlay-color":"","overlay-opacity":"","overlay-gradient":""}},"footnotes":""},"class_list":["post-52727","page","type-page","status-publish","has-post-thumbnail","hentry"],"acf":[],"yoast_head":"<!-- This site is optimized with the Yoast SEO plugin v27.3 - https:\/\/yoast.com\/product\/yoast-seo-wordpress\/ -->\n<title>Collectes de fonds iSaute - iSaute<\/title>\n<meta name=\"description\" content=\"D\u00e9couvrez les tarifs et horaires des centres de trampoline et d&#039;amusement iSaute.\" \/>\n<meta name=\"robots\" content=\"index, follow, max-snippet:-1, max-image-preview:large, max-video-preview:-1\" \/>\n<link rel=\"canonical\" href=\"https:\/\/isaute.ca\/en\/fundraising\/\" \/>\n<meta property=\"og:locale\" content=\"en_US\" \/>\n<meta property=\"og:type\" content=\"article\" \/>\n<meta property=\"og:title\" content=\"Collectes de fonds iSaute - iSaute\" \/>\n<meta property=\"og:description\" content=\"D\u00e9couvrez les tarifs et horaires des centres de trampoline et d&#039;amusement iSaute.\" \/>\n<meta property=\"og:url\" content=\"https:\/\/isaute.ca\/en\/fundraising\/\" \/>\n<meta property=\"og:site_name\" content=\"iSaute\" \/>\n<meta property=\"article:modified_time\" content=\"2024-09-09T09:04:24+00:00\" \/>\n<meta property=\"og:image\" content=\"https:\/\/isaute.ca\/wp-content\/uploads\/2024\/03\/A7402136-1-1024x683.jpg\" \/>\n\t<meta property=\"og:image:width\" content=\"1024\" \/>\n\t<meta property=\"og:image:height\" content=\"683\" \/>\n\t<meta property=\"og:image:type\" content=\"image\/jpeg\" \/>\n<meta name=\"twitter:card\" content=\"summary_large_image\" \/>\n<meta name=\"twitter:label1\" content=\"Est. reading time\" \/>\n\t<meta name=\"twitter:data1\" content=\"1 minute\" \/>\n<script type=\"application\/ld+json\" class=\"yoast-schema-graph\">{\"@context\":\"https:\\\/\\\/schema.org\",\"@graph\":[{\"@type\":\"WebPage\",\"@id\":\"https:\\\/\\\/isaute.ca\\\/collectedefond\\\/\",\"url\":\"https:\\\/\\\/isaute.ca\\\/collectedefond\\\/\",\"name\":\"Collectes de fonds iSaute - iSaute\",\"isPartOf\":{\"@id\":\"https:\\\/\\\/isaute.ca\\\/#website\"},\"primaryImageOfPage\":{\"@id\":\"https:\\\/\\\/isaute.ca\\\/collectedefond\\\/#primaryimage\"},\"image\":{\"@id\":\"https:\\\/\\\/isaute.ca\\\/collectedefond\\\/#primaryimage\"},\"thumbnailUrl\":\"https:\\\/\\\/isaute.ca\\\/wp-content\\\/uploads\\\/2024\\\/03\\\/A7402136-1-scaled.jpg\",\"datePublished\":\"2024-05-28T10:00:59+00:00\",\"dateModified\":\"2024-09-09T09:04:24+00:00\",\"description\":\"D\u00e9couvrez les tarifs et horaires des centres de trampoline et d'amusement iSaute.\",\"breadcrumb\":{\"@id\":\"https:\\\/\\\/isaute.ca\\\/collectedefond\\\/#breadcrumb\"},\"inLanguage\":\"en-US\",\"potentialAction\":[{\"@type\":\"ReadAction\",\"target\":[\"https:\\\/\\\/isaute.ca\\\/collectedefond\\\/\"]}]},{\"@type\":\"ImageObject\",\"inLanguage\":\"en-US\",\"@id\":\"https:\\\/\\\/isaute.ca\\\/collectedefond\\\/#primaryimage\",\"url\":\"https:\\\/\\\/isaute.ca\\\/wp-content\\\/uploads\\\/2024\\\/03\\\/A7402136-1-scaled.jpg\",\"contentUrl\":\"https:\\\/\\\/isaute.ca\\\/wp-content\\\/uploads\\\/2024\\\/03\\\/A7402136-1-scaled.jpg\",\"width\":2560,\"height\":1707},{\"@type\":\"BreadcrumbList\",\"@id\":\"https:\\\/\\\/isaute.ca\\\/collectedefond\\\/#breadcrumb\",\"itemListElement\":[{\"@type\":\"ListItem\",\"position\":1,\"name\":\"Home\",\"item\":\"https:\\\/\\\/isaute.ca\\\/\"},{\"@type\":\"ListItem\",\"position\":2,\"name\":\"Collectes de fonds iSaute\"}]},{\"@type\":\"WebSite\",\"@id\":\"https:\\\/\\\/isaute.ca\\\/#website\",\"url\":\"https:\\\/\\\/isaute.ca\\\/\",\"name\":\"iSaute\",\"description\":\"Amusement Parks\",\"publisher\":{\"@id\":\"https:\\\/\\\/isaute.ca\\\/#organization\"},\"potentialAction\":[{\"@type\":\"SearchAction\",\"target\":{\"@type\":\"EntryPoint\",\"urlTemplate\":\"https:\\\/\\\/isaute.ca\\\/?s={search_term_string}\"},\"query-input\":{\"@type\":\"PropertyValueSpecification\",\"valueRequired\":true,\"valueName\":\"search_term_string\"}}],\"inLanguage\":\"en-US\"},{\"@type\":\"Organization\",\"@id\":\"https:\\\/\\\/isaute.ca\\\/#organization\",\"name\":\"iSaute\",\"url\":\"https:\\\/\\\/isaute.ca\\\/\",\"logo\":{\"@type\":\"ImageObject\",\"inLanguage\":\"en-US\",\"@id\":\"https:\\\/\\\/isaute.ca\\\/#\\\/schema\\\/logo\\\/image\\\/\",\"url\":\"https:\\\/\\\/isaute.ca\\\/wp-content\\\/uploads\\\/2024\\\/05\\\/isaute-logo-white.svg\",\"contentUrl\":\"https:\\\/\\\/isaute.ca\\\/wp-content\\\/uploads\\\/2024\\\/05\\\/isaute-logo-white.svg\",\"caption\":\"iSaute\"},\"image\":{\"@id\":\"https:\\\/\\\/isaute.ca\\\/#\\\/schema\\\/logo\\\/image\\\/\"}}]}<\/script>\n<!-- \/ Yoast SEO plugin. -->","yoast_head_json":{"title":"Collectes de fonds iSaute - iSaute","description":"D\u00e9couvrez les tarifs et horaires des centres de trampoline et d'amusement iSaute.","robots":{"index":"index","follow":"follow","max-snippet":"max-snippet:-1","max-image-preview":"max-image-preview:large","max-video-preview":"max-video-preview:-1"},"canonical":"https:\/\/isaute.ca\/en\/fundraising\/","og_locale":"en_US","og_type":"article","og_title":"Collectes de fonds iSaute - iSaute","og_description":"D\u00e9couvrez les tarifs et horaires des centres de trampoline et d'amusement iSaute.","og_url":"https:\/\/isaute.ca\/en\/fundraising\/","og_site_name":"iSaute","article_modified_time":"2024-09-09T09:04:24+00:00","og_image":[{"width":1024,"height":683,"url":"https:\/\/isaute.ca\/wp-content\/uploads\/2024\/03\/A7402136-1-1024x683.jpg","type":"image\/jpeg"}],"twitter_card":"summary_large_image","twitter_misc":{"Est. reading time":"1 minute"},"schema":{"@context":"https:\/\/schema.org","@graph":[{"@type":"WebPage","@id":"https:\/\/isaute.ca\/collectedefond\/","url":"https:\/\/isaute.ca\/collectedefond\/","name":"Collectes de fonds iSaute - iSaute","isPartOf":{"@id":"https:\/\/isaute.ca\/#website"},"primaryImageOfPage":{"@id":"https:\/\/isaute.ca\/collectedefond\/#primaryimage"},"image":{"@id":"https:\/\/isaute.ca\/collectedefond\/#primaryimage"},"thumbnailUrl":"https:\/\/isaute.ca\/wp-content\/uploads\/2024\/03\/A7402136-1-scaled.jpg","datePublished":"2024-05-28T10:00:59+00:00","dateModified":"2024-09-09T09:04:24+00:00","description":"D\u00e9couvrez les tarifs et horaires des centres de trampoline et d'amusement iSaute.","breadcrumb":{"@id":"https:\/\/isaute.ca\/collectedefond\/#breadcrumb"},"inLanguage":"en-US","potentialAction":[{"@type":"ReadAction","target":["https:\/\/isaute.ca\/collectedefond\/"]}]},{"@type":"ImageObject","inLanguage":"en-US","@id":"https:\/\/isaute.ca\/collectedefond\/#primaryimage","url":"https:\/\/isaute.ca\/wp-content\/uploads\/2024\/03\/A7402136-1-scaled.jpg","contentUrl":"https:\/\/isaute.ca\/wp-content\/uploads\/2024\/03\/A7402136-1-scaled.jpg","width":2560,"height":1707},{"@type":"BreadcrumbList","@id":"https:\/\/isaute.ca\/collectedefond\/#breadcrumb","itemListElement":[{"@type":"ListItem","position":1,"name":"Home","item":"https:\/\/isaute.ca\/"},{"@type":"ListItem","position":2,"name":"Collectes de fonds iSaute"}]},{"@type":"WebSite","@id":"https:\/\/isaute.ca\/#website","url":"https:\/\/isaute.ca\/","name":"iSaute","description":"Amusement Parks","publisher":{"@id":"https:\/\/isaute.ca\/#organization"},"potentialAction":[{"@type":"SearchAction","target":{"@type":"EntryPoint","urlTemplate":"https:\/\/isaute.ca\/?s={search_term_string}"},"query-input":{"@type":"PropertyValueSpecification","valueRequired":true,"valueName":"search_term_string"}}],"inLanguage":"en-US"},{"@type":"Organization","@id":"https:\/\/isaute.ca\/#organization","name":"iSaute","url":"https:\/\/isaute.ca\/","logo":{"@type":"ImageObject","inLanguage":"en-US","@id":"https:\/\/isaute.ca\/#\/schema\/logo\/image\/","url":"https:\/\/isaute.ca\/wp-content\/uploads\/2024\/05\/isaute-logo-white.svg","contentUrl":"https:\/\/isaute.ca\/wp-content\/uploads\/2024\/05\/isaute-logo-white.svg","caption":"iSaute"},"image":{"@id":"https:\/\/isaute.ca\/#\/schema\/logo\/image\/"}}]}},"_links":{"self":[{"href":"http:\/\/isaute.ca\/en\/wp-json\/wp\/v2\/pages\/52727","targetHints":{"allow":["GET"]}}],"collection":[{"href":"http:\/\/isaute.ca\/en\/wp-json\/wp\/v2\/pages"}],"about":[{"href":"http:\/\/isaute.ca\/en\/wp-json\/wp\/v2\/types\/page"}],"author":[{"embeddable":true,"href":"http:\/\/isaute.ca\/en\/wp-json\/wp\/v2\/users\/13"}],"replies":[{"embeddable":true,"href":"http:\/\/isaute.ca\/en\/wp-json\/wp\/v2\/comments?post=52727"}],"version-history":[{"count":0,"href":"http:\/\/isaute.ca\/en\/wp-json\/wp\/v2\/pages\/52727\/revisions"}],"wp:featuredmedia":[{"embeddable":true,"href":"http:\/\/isaute.ca\/en\/wp-json\/wp\/v2\/media\/54798"}],"wp:attachment":[{"href":"http:\/\/isaute.ca\/en\/wp-json\/wp\/v2\/media?parent=52727"}],"curies":[{"name":"wp","href":"https:\/\/api.w.org\/{rel}","templated":true}]}}