{"id":52530,"date":"2024-05-24T03:19:13","date_gmt":"2024-05-24T10:19:13","guid":{"rendered":"https:\/\/isaute.ca\/?page_id=52530"},"modified":"2024-09-20T03:12:51","modified_gmt":"2024-09-20T10:12:51","slug":"guide-on-boarding","status":"publish","type":"page","link":"http:\/\/isaute.ca\/en\/guide-on-boarding\/","title":{"rendered":"Before you come"},"content":{"rendered":"<h3>Plan Your Visit!<\/h3>\n<p>Nous sommes ravis que vous ayez l&rsquo;intention de nous rendre visite!<\/p>\n<p>Before you come, take a moment to review the information below to help you prepare before you visit the park.<\/p>\n<p><strong>Appropriate clothing<\/strong><\/p>\n<p>Loose comfortable clothing is preferred. Clothes must be free of hanging zippers, belts, strings, jewels, etc. Dress appropriately and remove jewelry. Empty pockets (keys, gum, candy, or other.) Shoes are not permitted on the trampolines. Special iSaute socks (on sale on site, 3.99$+tx) are required for every participant, you can reuse them on your future visits.<\/p>\n<p>*Veuillez noter que les bas provenant d&rsquo;autres parcs ne seront pas accept\u00e9s, merci de votre compr\u00e9hension.<\/p>\n<p><strong>Food<\/strong><\/p>\n<p>Nous sommes heureux de vous proposer un restaurant de type bistro dans tous nos parcs. Veuillez noter qu&rsquo;aucune nourriture ou boisson ext\u00e9rieure n&rsquo;est autoris\u00e9e dans les parcs iSaute, \u00e0 l&rsquo;exception du forfait pour les f\u00eates d&rsquo;anniversaire. Nous encourageons les clients \u00e0 apporter leur propre bouteille d&rsquo;eau r\u00e9utilisable, nous avons une fontaine d&rsquo;eau \u00e0 votre disposition.<\/p>\n<p><strong>La s\u00e9curit\u00e9 c&rsquo;est notre priorit\u00e9!<\/strong><\/p>\n<p>Chez iSaute, la s\u00e9curit\u00e9 est notre priorit\u00e9 et, par cons\u00e9quent, les r\u00e8gles de s\u00e9curit\u00e9 ci-dessous seront appliqu\u00e9es sans aucune exception. Suivez les consignes des surveillants en tout temps. Tout manquement aux consignes de s\u00e9curit\u00e9 entrainera l&rsquo;expulsion imm\u00e9diate du sauteur.<\/p>\n<p>*If you have additional questions, please visit our FAQ page. <strong><a href=\"\/en\/faqs\/\" target=\"_blank\" rel=\"noreferrer noopener\">FAQ<\/a><\/strong>.<\/p>\n<h2>\n\t\tFill Out Our Waiver\n\t<\/h2>\n\t<p>Tous les participants qui d\u00e9sirent entrer dans l&rsquo;aire des trampolines (sauteurs et non-sauteurs) doivent <strong>complete and sign the iSaute waiver<\/strong>. Minor participants (under 18 years of age) must have the waiver completed and signed by a parent or legal guardian.<\/p>\n\t\t\t<a href=\"\" target=\"_self\" rel=\"noopener\">\n\t\t\t\t\t\t\tDownload Waiver\n\t\t\t\t\t<\/a>\n<h2>\n\t\t1\n\t<\/h2>\n\t<p>PARK RULES<\/p>\n<h2><strong>Kids jump<\/strong><\/h2>\nNous nous gardons le droit de d\u00e9signer des zones du trampoline principal pour l&rsquo;utilisation exclusive \u00e0 un groupe d&rsquo;\u00e2ge pour assurer leur s\u00e9curit\u00e9.\n<h2>\n\t\t2\n\t<\/h2>\n\t<p>PARK RULES<\/p>\n<h2><strong>Do not attempt somersaults<\/strong><\/h2>\nLanding on the head or neck can cause serious injury, paralysis, or death, even when landing in the middle of the mat.\n<h2>\n\t\t3\n\t<\/h2>\n\t<p>PARK RULES<\/p>\n<h2><strong>Do not double bounce<\/strong><\/h2>\nIl est interdit de faire rebondir d&rsquo;autres sauteurs sur le m\u00eame trampoline.\n<h2>\n\t\t4\n\t<\/h2>\n\t<p>PARK RULES<\/p>\n<h2><strong>Ne pas s&rsquo;asseoir sur les trampolines<\/strong><\/h2>\nSi vous \u00eates fatigu\u00e9 et avez besoin d&rsquo;une pause, vous devez quitter l&rsquo;aire de saut.\n<h2>\n\t\t5\n\t<\/h2>\n\t<p>PARK RULES<\/p>\n<h2><strong>Moving<\/strong><\/h2>\nIf crossing one trampoline to another, be alert and aware of surroundings as to not collide with another jumper.\n<h2>\n\t\t6\n\t<\/h2>\n\t<p>PARK RULES<\/p>\n<h2><strong>No Climbing<\/strong><\/h2>\nNe grimpez pas aux murs ou dans les filets, ne touchez pas \u00e0 l&rsquo;\u00e9quipement de basketball.\n<h2>\n\t\t7\n\t<\/h2>\n\t<p>PARK RULES<\/p>\n<h2><strong>No food or foreign objects<\/strong><\/h2>\nAucune nourriture, breuvage ou gomme n&rsquo;est permis sur les trampolines ou les plateformes. Aucun objet n&rsquo;est permis sur les trampolines (Balles, t\u00e9l\u00e9phones, cam\u00e9ras, etc.)\n<h2>\n\t\t8\n\t<\/h2>\n\t<p>PARK RULES<\/p>\n<h2><strong>No Drugs<\/strong><\/h2>\nIl est strictement interdit d&rsquo;utiliser les trampolines sous l&rsquo;effet de la drogue ou de l&rsquo;alcool.\n<h2>\n\t\t9\n\t<\/h2>\n\t<p>PARK RULES<\/p>\n<h2><strong>No rough housing<\/strong><\/h2>\nNo tackling, pushing, or other activity that may unnecessarily interfere with the jumping or concentration of another participant.\n<h2>\n\t\t10\n\t<\/h2>\n\t<p>PARK RULES<\/p>\n<h2><strong>Tricks<\/strong><\/h2>\nSi vous savez d\u00e9j\u00e0 comment faire un saut acrobatique de mani\u00e8re s\u00e9curitaire, vous devez le faire seul sur votre propre trampoline. Si un employ\u00e9 d&rsquo;iSaute pense que vous n&rsquo;\u00eates pas tout \u00e0 fait pr\u00eat pour faire ce saut, vous devrez arr\u00eater \u00e0 sa demande. Ne pas tenter de faire des acrobaties plus complexes que ce que vos habilet\u00e9s permettent.\n<h2>\n\t\t11\n\t<\/h2>\n\t<p>PARK RULES<\/p>\n<h2>Health Condition<\/h2>\nNe pas sauter si vous \u00eates enceinte ou si vous avez d&rsquo;autres limitations physiques.\n<h2>\n\t\t12\n\t<\/h2>\n\t<p>SAFETY RULES<\/p>\n<h2>Safety pads<\/h2>\nNe pas courir sur les tapis de s\u00e9curit\u00e9\/ Pas d&rsquo;acrobatie au-dessus des matelas de s\u00e9curit\u00e9\n<h2>\n\t\t13\n\t<\/h2>\n\t<p>SAFETY RULES<\/p>\n<h2>Diving<\/h2>\nNo diving into the foam pits\/ No double or triple front flips\/ No gainers (running backs).\n<h2>\n\t\t14\n\t<\/h2>\n\t<p>SAFETY RULES<\/p>\n<h2>Be alert at all times<\/h2>\nPay attention to the people around you. Jump with people of similar size.\n\t<h2 id=\"tw-target-text\" dir=\"ltr\" data-placeholder=\"Translation\" aria-label=\"Translated text\" data-ved=\"2ahUKEwj-r72g7ZWIAxUdJUQIHfEaDe8Q3ewLegQIEhAU\">Before You Come Safety Video<\/h2>\n\t<div style=\"width: 640px;\" class=\"wp-video\"><video playsinline class=\"wp-video-shortcode\" id=\"video-52530-1\" width=\"640\" height=\"360\" preload=\"metadata\" controls=\"controls\"><source type=\"video\/mp4\" src=\"https:\/\/isaute.ca\/wp-content\/uploads\/2024\/08\/isaute_-_iatp-1080p-1.mp4?_=1\" \/><a href=\"https:\/\/isaute.ca\/wp-content\/uploads\/2024\/08\/isaute_-_iatp-1080p-1.mp4\">https:\/\/isaute.ca\/wp-content\/uploads\/2024\/08\/isaute_-_iatp-1080p-1.mp4<\/a><\/video><\/div>","protected":false},"excerpt":{"rendered":"<p>Planifiez votre visite! Nous sommes ravis que vous ayez l&rsquo;intention de nous rendre visite! Avant de venir, prenez un moment pour vous familiariser avec les informations ci-dessous afin de vous aider \u00e0 vous pr\u00e9parer avant de visiter le parc. V\u00eatements appropri\u00e9s Des v\u00eatements amples et confortables sont pr\u00e9f\u00e9rables. Les v\u00eatements doivent \u00eatre exempts de fermetures [&hellip;]<\/p>","protected":false},"author":13,"featured_media":54796,"parent":0,"menu_order":10,"comment_status":"closed","ping_status":"closed","template":"","meta":{"_acf_changed":false,"site-sidebar-layout":"no-sidebar","site-content-layout":"page-builder","ast-site-content-layout":"default","site-content-style":"default","site-sidebar-style":"default","ast-global-header-display":"","ast-banner-title-visibility":"","ast-main-header-display":"","ast-hfb-above-header-display":"","ast-hfb-below-header-display":"","ast-hfb-mobile-header-display":"","site-post-title":"disabled","ast-breadcrumbs-content":"","ast-featured-img":"disabled","footer-sml-layout":"","ast-disable-related-posts":"","theme-transparent-header-meta":"","adv-header-id-meta":"","stick-header-meta":"","header-above-stick-meta":"","header-main-stick-meta":"","header-below-stick-meta":"","astra-migrate-meta-layouts":"default","ast-page-background-enabled":"default","ast-page-background-meta":{"desktop":{"background-color":"var(--ast-global-color-4)","background-image":"","background-repeat":"repeat","background-position":"center center","background-size":"auto","background-attachment":"scroll","background-type":"","background-media":"","overlay-type":"","overlay-color":"","overlay-opacity":"","overlay-gradient":""},"tablet":{"background-color":"","background-image":"","background-repeat":"repeat","background-position":"center center","background-size":"auto","background-attachment":"scroll","background-type":"","background-media":"","overlay-type":"","overlay-color":"","overlay-opacity":"","overlay-gradient":""},"mobile":{"background-color":"","background-image":"","background-repeat":"repeat","background-position":"center center","background-size":"auto","background-attachment":"scroll","background-type":"","background-media":"","overlay-type":"","overlay-color":"","overlay-opacity":"","overlay-gradient":""}},"ast-content-background-meta":{"desktop":{"background-color":"var(--ast-global-color-5)","background-image":"","background-repeat":"repeat","background-position":"center center","background-size":"auto","background-attachment":"scroll","background-type":"","background-media":"","overlay-type":"","overlay-color":"","overlay-opacity":"","overlay-gradient":""},"tablet":{"background-color":"var(--ast-global-color-5)","background-image":"","background-repeat":"repeat","background-position":"center center","background-size":"auto","background-attachment":"scroll","background-type":"","background-media":"","overlay-type":"","overlay-color":"","overlay-opacity":"","overlay-gradient":""},"mobile":{"background-color":"var(--ast-global-color-5)","background-image":"","background-repeat":"repeat","background-position":"center center","background-size":"auto","background-attachment":"scroll","background-type":"","background-media":"","overlay-type":"","overlay-color":"","overlay-opacity":"","overlay-gradient":""}},"footnotes":""},"class_list":["post-52530","page","type-page","status-publish","has-post-thumbnail","hentry"],"acf":[],"yoast_head":"<!-- This site is optimized with the Yoast SEO plugin v27.5 - https:\/\/yoast.com\/product\/yoast-seo-wordpress\/ -->\n<title>Avant de venir - iSaute<\/title>\n<meta name=\"robots\" content=\"index, follow, max-snippet:-1, max-image-preview:large, max-video-preview:-1\" \/>\n<link rel=\"canonical\" href=\"https:\/\/isaute.ca\/en\/guide-on-boarding\/\" \/>\n<meta property=\"og:locale\" content=\"en_US\" \/>\n<meta property=\"og:type\" content=\"article\" \/>\n<meta property=\"og:title\" content=\"Avant de venir - iSaute\" \/>\n<meta property=\"og:description\" content=\"Planifiez votre visite! Nous sommes ravis que vous ayez l&rsquo;intention de nous rendre visite! Avant de venir, prenez un moment pour vous familiariser avec les informations ci-dessous afin de vous aider \u00e0 vous pr\u00e9parer avant de visiter le parc. V\u00eatements appropri\u00e9s Des v\u00eatements amples et confortables sont pr\u00e9f\u00e9rables. Les v\u00eatements doivent \u00eatre exempts de fermetures [&hellip;]\" \/>\n<meta property=\"og:url\" content=\"https:\/\/isaute.ca\/en\/guide-on-boarding\/\" \/>\n<meta property=\"og:site_name\" content=\"iSaute\" \/>\n<meta property=\"article:modified_time\" content=\"2024-09-20T10:12:51+00:00\" \/>\n<meta property=\"og:image\" content=\"https:\/\/isaute.ca\/wp-content\/uploads\/2024\/03\/A7402223-1024x683.jpg\" \/>\n\t<meta property=\"og:image:width\" content=\"1024\" \/>\n\t<meta property=\"og:image:height\" content=\"683\" \/>\n\t<meta property=\"og:image:type\" content=\"image\/jpeg\" \/>\n<meta name=\"twitter:card\" content=\"summary_large_image\" \/>\n<meta name=\"twitter:label1\" content=\"Est. reading time\" \/>\n\t<meta name=\"twitter:data1\" content=\"4 minutes\" \/>\n<script type=\"application\/ld+json\" class=\"yoast-schema-graph\">{\"@context\":\"https:\\\/\\\/schema.org\",\"@graph\":[{\"@type\":\"WebPage\",\"@id\":\"https:\\\/\\\/isaute.ca\\\/avant-de-venir\\\/\",\"url\":\"https:\\\/\\\/isaute.ca\\\/avant-de-venir\\\/\",\"name\":\"Avant de venir - iSaute\",\"isPartOf\":{\"@id\":\"https:\\\/\\\/isaute.ca\\\/#website\"},\"primaryImageOfPage\":{\"@id\":\"https:\\\/\\\/isaute.ca\\\/avant-de-venir\\\/#primaryimage\"},\"image\":{\"@id\":\"https:\\\/\\\/isaute.ca\\\/avant-de-venir\\\/#primaryimage\"},\"thumbnailUrl\":\"https:\\\/\\\/isaute.ca\\\/wp-content\\\/uploads\\\/2024\\\/03\\\/A7402223-scaled.jpg\",\"datePublished\":\"2024-05-24T10:19:13+00:00\",\"dateModified\":\"2024-09-20T10:12:51+00:00\",\"breadcrumb\":{\"@id\":\"https:\\\/\\\/isaute.ca\\\/avant-de-venir\\\/#breadcrumb\"},\"inLanguage\":\"en-US\",\"potentialAction\":[{\"@type\":\"ReadAction\",\"target\":[\"https:\\\/\\\/isaute.ca\\\/avant-de-venir\\\/\"]}]},{\"@type\":\"ImageObject\",\"inLanguage\":\"en-US\",\"@id\":\"https:\\\/\\\/isaute.ca\\\/avant-de-venir\\\/#primaryimage\",\"url\":\"https:\\\/\\\/isaute.ca\\\/wp-content\\\/uploads\\\/2024\\\/03\\\/A7402223-scaled.jpg\",\"contentUrl\":\"https:\\\/\\\/isaute.ca\\\/wp-content\\\/uploads\\\/2024\\\/03\\\/A7402223-scaled.jpg\",\"width\":2560,\"height\":1707},{\"@type\":\"BreadcrumbList\",\"@id\":\"https:\\\/\\\/isaute.ca\\\/avant-de-venir\\\/#breadcrumb\",\"itemListElement\":[{\"@type\":\"ListItem\",\"position\":1,\"name\":\"Home\",\"item\":\"https:\\\/\\\/isaute.ca\\\/\"},{\"@type\":\"ListItem\",\"position\":2,\"name\":\"Avant de venir\"}]},{\"@type\":\"WebSite\",\"@id\":\"https:\\\/\\\/isaute.ca\\\/#website\",\"url\":\"https:\\\/\\\/isaute.ca\\\/\",\"name\":\"iSaute\",\"description\":\"Amusement Parks\",\"publisher\":{\"@id\":\"https:\\\/\\\/isaute.ca\\\/#organization\"},\"potentialAction\":[{\"@type\":\"SearchAction\",\"target\":{\"@type\":\"EntryPoint\",\"urlTemplate\":\"https:\\\/\\\/isaute.ca\\\/?s={search_term_string}\"},\"query-input\":{\"@type\":\"PropertyValueSpecification\",\"valueRequired\":true,\"valueName\":\"search_term_string\"}}],\"inLanguage\":\"en-US\"},{\"@type\":\"Organization\",\"@id\":\"https:\\\/\\\/isaute.ca\\\/#organization\",\"name\":\"iSaute\",\"url\":\"https:\\\/\\\/isaute.ca\\\/\",\"logo\":{\"@type\":\"ImageObject\",\"inLanguage\":\"en-US\",\"@id\":\"https:\\\/\\\/isaute.ca\\\/#\\\/schema\\\/logo\\\/image\\\/\",\"url\":\"https:\\\/\\\/isaute.ca\\\/wp-content\\\/uploads\\\/2024\\\/05\\\/isaute-logo-white.svg\",\"contentUrl\":\"https:\\\/\\\/isaute.ca\\\/wp-content\\\/uploads\\\/2024\\\/05\\\/isaute-logo-white.svg\",\"caption\":\"iSaute\"},\"image\":{\"@id\":\"https:\\\/\\\/isaute.ca\\\/#\\\/schema\\\/logo\\\/image\\\/\"}}]}<\/script>\n<!-- \/ Yoast SEO plugin. -->","yoast_head_json":{"title":"Avant de venir - iSaute","robots":{"index":"index","follow":"follow","max-snippet":"max-snippet:-1","max-image-preview":"max-image-preview:large","max-video-preview":"max-video-preview:-1"},"canonical":"https:\/\/isaute.ca\/en\/guide-on-boarding\/","og_locale":"en_US","og_type":"article","og_title":"Avant de venir - iSaute","og_description":"Planifiez votre visite! Nous sommes ravis que vous ayez l&rsquo;intention de nous rendre visite! Avant de venir, prenez un moment pour vous familiariser avec les informations ci-dessous afin de vous aider \u00e0 vous pr\u00e9parer avant de visiter le parc. V\u00eatements appropri\u00e9s Des v\u00eatements amples et confortables sont pr\u00e9f\u00e9rables. Les v\u00eatements doivent \u00eatre exempts de fermetures [&hellip;]","og_url":"https:\/\/isaute.ca\/en\/guide-on-boarding\/","og_site_name":"iSaute","article_modified_time":"2024-09-20T10:12:51+00:00","og_image":[{"width":1024,"height":683,"url":"https:\/\/isaute.ca\/wp-content\/uploads\/2024\/03\/A7402223-1024x683.jpg","type":"image\/jpeg"}],"twitter_card":"summary_large_image","twitter_misc":{"Est. reading time":"4 minutes"},"schema":{"@context":"https:\/\/schema.org","@graph":[{"@type":"WebPage","@id":"https:\/\/isaute.ca\/avant-de-venir\/","url":"https:\/\/isaute.ca\/avant-de-venir\/","name":"Avant de venir - iSaute","isPartOf":{"@id":"https:\/\/isaute.ca\/#website"},"primaryImageOfPage":{"@id":"https:\/\/isaute.ca\/avant-de-venir\/#primaryimage"},"image":{"@id":"https:\/\/isaute.ca\/avant-de-venir\/#primaryimage"},"thumbnailUrl":"https:\/\/isaute.ca\/wp-content\/uploads\/2024\/03\/A7402223-scaled.jpg","datePublished":"2024-05-24T10:19:13+00:00","dateModified":"2024-09-20T10:12:51+00:00","breadcrumb":{"@id":"https:\/\/isaute.ca\/avant-de-venir\/#breadcrumb"},"inLanguage":"en-US","potentialAction":[{"@type":"ReadAction","target":["https:\/\/isaute.ca\/avant-de-venir\/"]}]},{"@type":"ImageObject","inLanguage":"en-US","@id":"https:\/\/isaute.ca\/avant-de-venir\/#primaryimage","url":"https:\/\/isaute.ca\/wp-content\/uploads\/2024\/03\/A7402223-scaled.jpg","contentUrl":"https:\/\/isaute.ca\/wp-content\/uploads\/2024\/03\/A7402223-scaled.jpg","width":2560,"height":1707},{"@type":"BreadcrumbList","@id":"https:\/\/isaute.ca\/avant-de-venir\/#breadcrumb","itemListElement":[{"@type":"ListItem","position":1,"name":"Home","item":"https:\/\/isaute.ca\/"},{"@type":"ListItem","position":2,"name":"Avant de venir"}]},{"@type":"WebSite","@id":"https:\/\/isaute.ca\/#website","url":"https:\/\/isaute.ca\/","name":"iSaute","description":"Amusement Parks","publisher":{"@id":"https:\/\/isaute.ca\/#organization"},"potentialAction":[{"@type":"SearchAction","target":{"@type":"EntryPoint","urlTemplate":"https:\/\/isaute.ca\/?s={search_term_string}"},"query-input":{"@type":"PropertyValueSpecification","valueRequired":true,"valueName":"search_term_string"}}],"inLanguage":"en-US"},{"@type":"Organization","@id":"https:\/\/isaute.ca\/#organization","name":"iSaute","url":"https:\/\/isaute.ca\/","logo":{"@type":"ImageObject","inLanguage":"en-US","@id":"https:\/\/isaute.ca\/#\/schema\/logo\/image\/","url":"https:\/\/isaute.ca\/wp-content\/uploads\/2024\/05\/isaute-logo-white.svg","contentUrl":"https:\/\/isaute.ca\/wp-content\/uploads\/2024\/05\/isaute-logo-white.svg","caption":"iSaute"},"image":{"@id":"https:\/\/isaute.ca\/#\/schema\/logo\/image\/"}}]}},"_links":{"self":[{"href":"http:\/\/isaute.ca\/en\/wp-json\/wp\/v2\/pages\/52530","targetHints":{"allow":["GET"]}}],"collection":[{"href":"http:\/\/isaute.ca\/en\/wp-json\/wp\/v2\/pages"}],"about":[{"href":"http:\/\/isaute.ca\/en\/wp-json\/wp\/v2\/types\/page"}],"author":[{"embeddable":true,"href":"http:\/\/isaute.ca\/en\/wp-json\/wp\/v2\/users\/13"}],"replies":[{"embeddable":true,"href":"http:\/\/isaute.ca\/en\/wp-json\/wp\/v2\/comments?post=52530"}],"version-history":[{"count":0,"href":"http:\/\/isaute.ca\/en\/wp-json\/wp\/v2\/pages\/52530\/revisions"}],"wp:featuredmedia":[{"embeddable":true,"href":"http:\/\/isaute.ca\/en\/wp-json\/wp\/v2\/media\/54796"}],"wp:attachment":[{"href":"http:\/\/isaute.ca\/en\/wp-json\/wp\/v2\/media?parent=52530"}],"curies":[{"name":"wp","href":"https:\/\/api.w.org\/{rel}","templated":true}]}}